{"id":9962,"date":"2025-03-25T13:43:36","date_gmt":"2025-03-25T13:43:36","guid":{"rendered":"https:\/\/whitelip.com\/garant-extreme-edition-citrus-50-mg\/"},"modified":"2026-03-09T18:15:03","modified_gmt":"2026-03-09T18:15:03","slug":"garant-extreme-edition-citrus-50-mg","status":"publish","type":"product","link":"https:\/\/whitelip.com\/tr\/garant\/garant-extreme-edition-citrus-50-mg\/","title":{"rendered":"Garant Extreme Edition Citrus 50 mg"},"content":{"rendered":"<h2><strong>Garant Extreme Edition Citrus 50 mg<\/strong><\/h2>\n<p>Garant Extreme Sitr\u00fcs nikotin po\u015fetleri, canl\u0131 ve asidik sitr\u00fcs patlamas\u0131 sunmakta, tat\u0131 ve ek\u015fi notlar\u0131n\u0131 m\u00fckemmel bir \u015fekilde dengeleyen ger\u00e7ekten tazeleyici bir deneyim sa\u011flamaktad\u0131r. Her ince, tamamen beyaz po\u015fet 25 mg nikotin ile dolu olup, gram ba\u015f\u0131na toplam 50 mg nikotini ile g\u00fc\u00e7l\u00fc ve uzun s\u00fcreli bir etki sa\u011flamaktad\u0131r. \u015e\u0131k tasar\u0131m, duda\u011f\u0131n alt\u0131nda ayr\u0131k ve konforlu bir uyum sa\u011flayarak, di\u015fleri lekelendirmeden d\u00fczg\u00fcn ve keyifli bir sensasyon sunmaktad\u0131r. Asidik, sitr\u00fcs etkisi ile g\u00fc\u00e7l\u00fc bir nikotin deste\u011fi arayan ki\u015filer i\u00e7in, bu t\u00fct\u00fcns\u00fcz po\u015fetler tat ve yo\u011funlu\u011fun m\u00fckemmel kar\u0131\u015f\u0131m\u0131n\u0131 sunar.<\/p>\n<table>\n<tbody>\n<tr>\n<td><b>Attribute<\/b><\/td>\n<td><b>Ayr\u0131nt\u0131lar<\/b><\/td>\n<\/tr>\n<tr>\n<td><span style=\"font-weight: 400;\">Kutu Ba\u015f\u0131na \u0130\u00e7erik<\/span><\/td>\n<td><\/td>\n<\/tr>\n<tr>\n<td><span style=\"font-weight: 400;\">Nikotin \u0130\u00e7eri\u011fi<\/span><\/td>\n<td><span style=\"font-weight: 400;\">50 mg\/g (po\u015fet ba\u015f\u0131na 25 mg)<\/span><\/td>\n<\/tr>\n<tr>\n<td><span style=\"font-weight: 400;\">Po\u015fet Format\u0131<\/span><\/td>\n<td><span style=\"font-weight: 400;\">\u0130nce<\/span><\/td>\n<\/tr>\n<tr>\n<td><span style=\"font-weight: 400;\">\u00dcretici<\/span><\/td>\n<td><span style=\"font-weight: 400;\">Garant<\/span><\/td>\n<\/tr>\n<tr>\n<td><span style=\"font-weight: 400;\">Aroma<\/span><\/td>\n<td>Narenciye<\/td>\n<\/tr>\n<tr>\n<td><span style=\"font-weight: 400;\">T\u00fcr<\/span><\/td>\n<td><span style=\"font-weight: 400;\">T\u00fcm beyaz po\u015fet, t\u00fct\u00fcns\u00fcz<\/span><\/td>\n<\/tr>\n<\/tbody>\n<\/table>","protected":false},"excerpt":{"rendered":"<p data-start=\"0\" data-end=\"264\">Canl\u0131, asidik <strong data-start=\"15\" data-end=\"25\">sitrus<\/strong> dengeli tat\u0131-ek\u015fi etkisi ile. <strong data-start=\"59\" data-end=\"67\">\u0130nce<\/strong>, tamamen beyaz, t\u00fct\u00fcns\u00fcz po\u015fetler duda\u011f\u0131n alt\u0131na gizli bir \u015fekilde yerle\u015fir ve di\u015fleri lekelendirmez. Her po\u015fet i\u00e7erir <strong data-start=\"174\" data-end=\"192\">25 mg nikotin<\/strong> (50 mg\/g), deneyimli kullan\u0131c\u0131lar i\u00e7in g\u00fc\u00e7l\u00fc ve uzun s\u00fcreli bir etki sa\u011flar.<\/p>\n<p data-start=\"266\" data-end=\"380\" data-is-last-node=\"\" data-is-only-node=\"\">","protected":false},"featured_media":9963,"comment_status":"open","ping_status":"closed","template":"","format":[206],"meta":{"_acf_changed":false},"product_brand":[],"product_cat":[102],"product_tag":[16589],"flavours":[190],"nicotine":[226,233],"class_list":{"0":"post-9962","1":"product","2":"type-product","3":"status-publish","4":"has-post-thumbnail","6":"product_cat-garant","7":"product_tag-25-mg-pouch","8":"pa_quantity-1-pack","9":"pa_quantity-10-pack","10":"pa_quantity-3-pack","11":"pa_quantity-30-pack","12":"pa_quantity-5-pack","13":"pa_quantity-60-pack","14":"flavours-citrus","15":"format-slim","16":"nicotine-50-mg-g","17":"nicotine-extreme","19":"first","20":"outofstock","21":"taxable","22":"shipping-taxable","23":"purchasable","24":"product-type-variable","25":"has-default-attributes"},"acf":[],"_links":{"self":[{"href":"https:\/\/whitelip.com\/tr\/wp-json\/wp\/v2\/product\/9962","targetHints":{"allow":["GET"]}}],"collection":[{"href":"https:\/\/whitelip.com\/tr\/wp-json\/wp\/v2\/product"}],"about":[{"href":"https:\/\/whitelip.com\/tr\/wp-json\/wp\/v2\/types\/product"}],"replies":[{"embeddable":true,"href":"https:\/\/whitelip.com\/tr\/wp-json\/wp\/v2\/comments?post=9962"}],"wp:featuredmedia":[{"embeddable":true,"href":"https:\/\/whitelip.com\/tr\/wp-json\/wp\/v2\/media\/9963"}],"wp:attachment":[{"href":"https:\/\/whitelip.com\/tr\/wp-json\/wp\/v2\/media?parent=9962"}],"wp:term":[{"taxonomy":"product_brand","embeddable":true,"href":"https:\/\/whitelip.com\/tr\/wp-json\/wp\/v2\/product_brand?post=9962"},{"taxonomy":"product_cat","embeddable":true,"href":"https:\/\/whitelip.com\/tr\/wp-json\/wp\/v2\/product_cat?post=9962"},{"taxonomy":"product_tag","embeddable":true,"href":"https:\/\/whitelip.com\/tr\/wp-json\/wp\/v2\/product_tag?post=9962"},{"taxonomy":"flavours","embeddable":true,"href":"https:\/\/whitelip.com\/tr\/wp-json\/wp\/v2\/flavours?post=9962"},{"taxonomy":"format","embeddable":true,"href":"https:\/\/whitelip.com\/tr\/wp-json\/wp\/v2\/format?post=9962"},{"taxonomy":"nicotine","embeddable":true,"href":"https:\/\/whitelip.com\/tr\/wp-json\/wp\/v2\/nicotine?post=9962"}],"curies":[{"name":"wp","href":"https:\/\/api.w.org\/{rel}","templated":true}]}}