{"id":9924,"date":"2025-02-25T11:38:43","date_gmt":"2025-02-25T11:38:43","guid":{"rendered":"https:\/\/whitelip.com\/zxs-icy-mint-jumbo-can\/"},"modified":"2026-05-06T10:11:18","modified_gmt":"2026-05-06T10:11:18","slug":"zxs-icy-mint-jumbo-can","status":"publish","type":"product","link":"https:\/\/whitelip.com\/tr\/jumbo-can\/zxs-icy-mint-jumbo-can\/","title":{"rendered":"Z!XS Icy Mint Jumbo Can"},"content":{"rendered":"<h2><strong>Z!XS Icy Mint Jumbo Can<\/strong><\/h2>\n<p><span style=\"font-weight: 400;\">Z!XS Icy Mint Jumbo Can <strong>buzlu nane tad\u0131<\/strong><\/span><span style=\"font-weight: 400;\"> sunar ve g\u00fc\u00e7l\u00fc bir nikotin at\u0131\u015f\u0131 ile birle\u015ftirilmi\u015f, deneyimli kullan\u0131c\u0131lar i\u00e7in cesur bir se\u00e7im yap\u0131yor. Keskin ve ferahlat\u0131c\u0131 nane duygusu temiz ve canland\u0131r\u0131c\u0131 bir deneyim sa\u011flarken, y\u00fcksek nikotin i\u00e7eri\u011fi <\/span><b>g\u00fc\u00e7l\u00fc ve uzun s\u00fcreli sal\u0131n\u0131m<\/b><span style=\"font-weight: 400;\">sa\u011flar. Her t\u00fcm beyaz kese \u015funu i\u00e7erir: <\/span><b>8 mg nikotin<\/b><span style=\"font-weight: 400;\">, maksimum g\u00fc\u00e7 arayan ki\u015filer i\u00e7in ekstra-g\u00fc\u00e7l\u00fc bir se\u00e7enek sunarak.<\/span><\/p>\n<p><span style=\"font-weight: 400;\">Uygun bir <\/span><b>jumbo kutu<\/b><span style=\"font-weight: 400;\"> ile daha fazla porsiyon sunuyor, bu \u00fcr\u00fcn a\u011f\u0131r kullan\u0131c\u0131lar veya uzun s\u00fcreli eri\u015fim isteyenler i\u00e7in idealdir. \u0130nce format duda\u011f\u0131n alt\u0131nda rahat ve gizli bir oturma sa\u011flarken, t\u00fct\u00fcns\u00fcz bile\u015fim geleneksel \u00fcr\u00fcnlere lekelenmez ve modern bir alternatif sunmaktad\u0131r. Z!XS Icy Mint, e\u015fsiz bir nikotin deneyimi i\u00e7in a\u015f\u0131r\u0131 g\u00fcc\u00fc ferahlat\u0131c\u0131 bir so\u011futma etkisi ile birle\u015ftirir.<\/span><\/p>\n<table>\n<tbody>\n<tr>\n<td><b>Attribute<\/b><\/td>\n<td><b>Ayr\u0131nt\u0131lar<\/b><\/td>\n<\/tr>\n<tr>\n<td><b>Brand<\/b><\/td>\n<td><span style=\"font-weight: 400;\">Z!XS<\/span><\/td>\n<\/tr>\n<tr>\n<td><b>\u00dcr\u00fcn T\u00fcr\u00fc<\/b><\/td>\n<td><span style=\"font-weight: 400;\">T\u00fcm Beyaz Nikotin Po\u015fetleri<\/span><\/td>\n<\/tr>\n<tr>\n<td><b>Format<\/b><\/td>\n<td><span style=\"font-weight: 400;\">\u0130nce<\/span><\/td>\n<\/tr>\n<tr>\n<td><b>Aroma<\/b><\/td>\n<td><span style=\"font-weight: 400;\">Nane<\/span><\/td>\n<\/tr>\n<tr>\n<td><b>Nikotin G\u00fcc\u00fc<\/b><\/td>\n<td><span style=\"font-weight: 400;\">po\u015fet ba\u015f\u0131na 8 mg<\/span><\/td>\n<\/tr>\n<tr>\n<td><b>K\u0131s\u0131m A\u011f\u0131rl\u0131\u011f\u0131<\/b><\/td>\n<td><span style=\"font-weight: 400;\">0,7 gram<\/span><\/td>\n<\/tr>\n<tr>\n<td><b>K\u0131s\u0131m Say\u0131s\u0131<\/b><\/td>\n<td><span style=\"font-weight: 400;\">Kutu ba\u015f\u0131na 320 (Jumbo Kutu)<\/span><\/td>\n<\/tr>\n<tr>\n<td><b>Toplam Kutu A\u011f\u0131rl\u0131\u011f\u0131<\/b><\/td>\n<td><span style=\"font-weight: 400;\">46,2 gram<\/span><\/td>\n<\/tr>\n<tr>\n<td><b>\u00dcretici<\/b><\/td>\n<td><span style=\"font-weight: 400;\">Z!XS International<\/span><\/td>\n<\/tr>\n<tr>\n<td><b>Dikkate De\u011fer \u00d6zellikler<\/b><\/td>\n<td><span style=\"font-weight: 400;\">T\u00fct\u00fcns\u00fcz, dar format, ekstra g\u00fc\u00e7l\u00fc buzlu nane aromas\u0131, 66 porsiyonlu jumbo kutu<\/span><\/td>\n<\/tr>\n<\/tbody>\n<\/table>","protected":false},"excerpt":{"rendered":"<p>Z!XS <strong data-start=\"5\" data-end=\"17\">Icy Mint<\/strong> <strong data-start=\"18\" data-end=\"34\">Extra Strong<\/strong> temiz, canland\u0131r\u0131c\u0131 bir kald\u0131r\u0131\u015f i\u00e7in keskin, ferahlat\u0131c\u0131 nane sunmaktad\u0131r. <strong data-start=\"105\" data-end=\"118\">t\u00fcm beyaz<\/strong> keseler gizli ve rahattur. Her kese \u015funu i\u00e7erir: <strong data-start=\"177\" data-end=\"194\">8 mg nikotin<\/strong>, g\u00fc\u00e7l\u00fc ve uzun s\u00fcreli bir sal\u0131n\u0131m sa\u011flayan. Jumbo kutu yakla\u015f\u0131k olarak <strong>320 Slim<\/strong> po\u015fet i\u00e7eriyor ve standart kutu formatlar\u0131ndan \u00f6nemli \u00f6l\u00e7\u00fcde daha fazla hacim sunuyor.<\/p>","protected":false},"featured_media":9925,"comment_status":"open","ping_status":"closed","template":"","format":[206],"meta":{"_acf_changed":false},"product_brand":[],"product_cat":[92,39],"product_tag":[16583],"flavours":[199],"nicotine":[230,236],"class_list":{"0":"post-9924","1":"product","2":"type-product","3":"status-publish","4":"has-post-thumbnail","6":"product_cat-jumbo-can","7":"product_cat-zxs","8":"product_tag-8-mg-pouch","9":"pa_quantity-1-pack","10":"pa_quantity-10-pack","11":"pa_quantity-2-pack","12":"pa_quantity-3-pack","13":"pa_quantity-30-pack","14":"pa_quantity-5-pack","15":"pa_quantity-60-pack","16":"flavours-mint","17":"format-slim","18":"nicotine-8-mg-g","19":"nicotine-strong","21":"first","22":"instock","23":"taxable","24":"shipping-taxable","25":"purchasable","26":"product-type-variable"},"acf":[],"_links":{"self":[{"href":"https:\/\/whitelip.com\/tr\/wp-json\/wp\/v2\/product\/9924","targetHints":{"allow":["GET"]}}],"collection":[{"href":"https:\/\/whitelip.com\/tr\/wp-json\/wp\/v2\/product"}],"about":[{"href":"https:\/\/whitelip.com\/tr\/wp-json\/wp\/v2\/types\/product"}],"replies":[{"embeddable":true,"href":"https:\/\/whitelip.com\/tr\/wp-json\/wp\/v2\/comments?post=9924"}],"wp:featuredmedia":[{"embeddable":true,"href":"https:\/\/whitelip.com\/tr\/wp-json\/wp\/v2\/media\/9925"}],"wp:attachment":[{"href":"https:\/\/whitelip.com\/tr\/wp-json\/wp\/v2\/media?parent=9924"}],"wp:term":[{"taxonomy":"product_brand","embeddable":true,"href":"https:\/\/whitelip.com\/tr\/wp-json\/wp\/v2\/product_brand?post=9924"},{"taxonomy":"product_cat","embeddable":true,"href":"https:\/\/whitelip.com\/tr\/wp-json\/wp\/v2\/product_cat?post=9924"},{"taxonomy":"product_tag","embeddable":true,"href":"https:\/\/whitelip.com\/tr\/wp-json\/wp\/v2\/product_tag?post=9924"},{"taxonomy":"flavours","embeddable":true,"href":"https:\/\/whitelip.com\/tr\/wp-json\/wp\/v2\/flavours?post=9924"},{"taxonomy":"format","embeddable":true,"href":"https:\/\/whitelip.com\/tr\/wp-json\/wp\/v2\/format?post=9924"},{"taxonomy":"nicotine","embeddable":true,"href":"https:\/\/whitelip.com\/tr\/wp-json\/wp\/v2\/nicotine?post=9924"}],"curies":[{"name":"wp","href":"https:\/\/api.w.org\/{rel}","templated":true}]}}