{"id":9906,"date":"2025-02-20T13:47:22","date_gmt":"2025-02-20T13:47:22","guid":{"rendered":"https:\/\/whitelip.com\/frokens-red-berries\/"},"modified":"2026-03-05T10:35:11","modified_gmt":"2026-03-05T10:35:11","slug":"frokens-red-berries","status":"publish","type":"product","link":"https:\/\/whitelip.com\/tr\/frokens\/frokens-red-berries\/","title":{"rendered":"FR\u00d6KENS Red Berries Son kullanma tarihi: 2024-12-03"},"content":{"rendered":"<h2><strong>FR\u00d6KENS Red Berries<\/strong><\/h2>\n<p><strong>S\u00fcresi ge\u00e7mi\u015f \u00fcr\u00fcn &#8211; Son kullanma tarihi: 2024-12-03<\/strong><\/p>\n<p><span style=\"font-weight: 400;\">FR\u00d6KENS Red Berries nikotin po\u015fetleri, meyve severler i\u00e7in ideal olan serinletici yaz meyvesi tad\u0131 ve tatl\u0131 bir his sunmaktad\u0131r. Her ince, t\u00fcm\u00fc beyaz po\u015fet 6 mg nikotin i\u00e7erir ve hem yeni hem de deneyimli kullan\u0131c\u0131lara uygun orta g\u00fc\u00e7l\u00fck sunmaktad\u0131r. Kesikli tasar\u0131m, di\u015f rengini de\u011fi\u015ftirmeden herhangi bir yerde ve zamanda kullan\u0131m sa\u011flar. Smitify Limited taraf\u0131ndan haz\u0131rlanan bu t\u00fct\u00fcn i\u00e7ermeyen po\u015fetler tatmin edici meyve tazeli\u011fini garantilemektedir.<\/span><\/p>\n<p><b>Teknik \u00d6zellikler<\/b><\/p>\n<table>\n<tbody>\n<tr>\n<td><b>Attribute<\/b><\/td>\n<td><b>Ayr\u0131nt\u0131lar<\/b><\/td>\n<\/tr>\n<tr>\n<td><b>10g (20 po\u015fet)<\/b><\/td>\n<td><span style=\"font-weight: 400;\">11g (20 po\u015fet)<\/span><\/td>\n<\/tr>\n<tr>\n<td><b>Nikotin i\u00e7eri\u011fi<\/b><\/td>\n<td><span style=\"font-weight: 400;\">6 mg\/g (po\u015fet ba\u015f\u0131na 3 mg)<\/span><\/td>\n<\/tr>\n<tr>\n<td><b>Po\u015fet format\u0131<\/b><\/td>\n<td><span style=\"font-weight: 400;\">\u0130nce<\/span><\/td>\n<\/tr>\n<tr>\n<td><b>\u00dcretici<\/b><\/td>\n<td><span style=\"font-weight: 400;\">Smitify Limited<\/span><\/td>\n<\/tr>\n<tr>\n<td><b>Aroma<\/b><\/td>\n<td><span style=\"font-weight: 400;\">Berry<\/span><\/td>\n<\/tr>\n<tr>\n<td><b>T\u00fcr<\/b><\/td>\n<td><span style=\"font-weight: 400;\">Tamamen beyaz po\u015fet<\/span><\/td>\n<\/tr>\n<\/tbody>\n<\/table>","protected":false},"excerpt":{"rendered":"<p><strong>S\u00fcresi ge\u00e7mi\u015f \u00fcr\u00fcn &#8211; Son kullanma tarihi: 2024-12-03<\/strong><\/p>\n<p><span style=\"font-weight: 400;\">FR\u00d6KENS Red Berries nikotin po\u015fetleri, meyve severler i\u00e7in ideal olan serinletici yaz meyvesi tad\u0131 ve tatl\u0131 bir his sunmaktad\u0131r. Her ince, t\u00fcm\u00fc beyaz po\u015fet 6 mg nikotin i\u00e7erir ve hem yeni hem de deneyimli kullan\u0131c\u0131lara uygun orta g\u00fc\u00e7l\u00fck sunmaktad\u0131r. Kesikli tasar\u0131m, di\u015f rengini de\u011fi\u015ftirmeden herhangi bir yerde ve zamanda kullan\u0131m sa\u011flar. Smitify Limited taraf\u0131ndan haz\u0131rlanan bu t\u00fct\u00fcn i\u00e7ermeyen po\u015fetler tatmin edici meyve tazeli\u011fini garantilemektedir.<\/span><\/p>","protected":false},"featured_media":3284,"comment_status":"open","ping_status":"closed","template":"","format":[206],"meta":{"_acf_changed":false},"product_brand":[],"product_cat":[100],"product_tag":[16579],"flavours":[196],"nicotine":[228,235],"class_list":{"0":"post-9906","1":"product","2":"type-product","3":"status-publish","4":"has-post-thumbnail","6":"product_cat-frokens","7":"product_tag-3-mg-pouch","8":"pa_quantity-30-pack","9":"pa_quantity-60-pack","10":"flavours-fruits-berries","11":"format-slim","12":"nicotine-6-mg-g","13":"nicotine-normal","15":"first","16":"outofstock","17":"taxable","18":"shipping-taxable","19":"purchasable","20":"product-type-variable"},"acf":[],"_links":{"self":[{"href":"https:\/\/whitelip.com\/tr\/wp-json\/wp\/v2\/product\/9906","targetHints":{"allow":["GET"]}}],"collection":[{"href":"https:\/\/whitelip.com\/tr\/wp-json\/wp\/v2\/product"}],"about":[{"href":"https:\/\/whitelip.com\/tr\/wp-json\/wp\/v2\/types\/product"}],"replies":[{"embeddable":true,"href":"https:\/\/whitelip.com\/tr\/wp-json\/wp\/v2\/comments?post=9906"}],"wp:featuredmedia":[{"embeddable":true,"href":"https:\/\/whitelip.com\/tr\/wp-json\/wp\/v2\/media\/3284"}],"wp:attachment":[{"href":"https:\/\/whitelip.com\/tr\/wp-json\/wp\/v2\/media?parent=9906"}],"wp:term":[{"taxonomy":"product_brand","embeddable":true,"href":"https:\/\/whitelip.com\/tr\/wp-json\/wp\/v2\/product_brand?post=9906"},{"taxonomy":"product_cat","embeddable":true,"href":"https:\/\/whitelip.com\/tr\/wp-json\/wp\/v2\/product_cat?post=9906"},{"taxonomy":"product_tag","embeddable":true,"href":"https:\/\/whitelip.com\/tr\/wp-json\/wp\/v2\/product_tag?post=9906"},{"taxonomy":"flavours","embeddable":true,"href":"https:\/\/whitelip.com\/tr\/wp-json\/wp\/v2\/flavours?post=9906"},{"taxonomy":"format","embeddable":true,"href":"https:\/\/whitelip.com\/tr\/wp-json\/wp\/v2\/format?post=9906"},{"taxonomy":"nicotine","embeddable":true,"href":"https:\/\/whitelip.com\/tr\/wp-json\/wp\/v2\/nicotine?post=9906"}],"curies":[{"name":"wp","href":"https:\/\/api.w.org\/{rel}","templated":true}]}}