{"id":9901,"date":"2025-02-20T13:47:22","date_gmt":"2025-02-20T13:47:22","guid":{"rendered":"https:\/\/whitelip.com\/frokens-sweet-apple\/"},"modified":"2026-04-23T18:28:00","modified_gmt":"2026-04-23T18:28:00","slug":"frokens-sweet-apple","status":"publish","type":"product","link":"https:\/\/whitelip.com\/tr\/frokens\/frokens-sweet-apple\/","title":{"rendered":"FR\u00d6KENS Sweet Apple Son kullanma tarihi: 2024-12-04"},"content":{"rendered":"<h2><strong>FR\u00d6KENS Sweet Apple<\/strong><\/h2>\n<p><strong>S\u00fcresi Dolmu\u015f \u00dcr\u00fcn &#8211; Son Kullanma Tarihi: 2024-12-04<\/strong><\/p>\n<p><span style=\"font-weight: 400;\">FR\u00d6KENS Sweet Apple nikotin po\u015fetleri, tatl\u0131 bir duyumla birlikte ferah bir elma aromas\u0131 sunar ve ferah bir tat arayan elma merakl\u0131lar\u0131 i\u00e7in idealdir. Her ince, tamamen beyaz po\u015fet 6 mg nikotin i\u00e7erir ve hem yeni ba\u015flayanlar hem de deneyimli kullan\u0131c\u0131lar i\u00e7in uygun orta g\u00fcc\u00fc sa\u011flar. Ayr\u0131k tasar\u0131m\u0131, di\u015f lekelenmesine neden olmadan istedi\u011finiz zaman, istedi\u011finiz yerde kullan\u0131lmas\u0131na olanak sa\u011flar. Smitify Limited taraf\u0131ndan \u00fcretilen bu t\u00fct\u00fcn i\u00e7ermez po\u015fetler tatmin edici bir elma tatl\u0131l\u0131\u011f\u0131 garantiler.<\/span><\/p>\n<p><b>Teknik \u00d6zellikler<\/b><\/p>\n<table>\n<tbody>\n<tr>\n<td><b>Attribute<\/b><\/td>\n<td><b>Ayr\u0131nt\u0131lar<\/b><\/td>\n<\/tr>\n<tr>\n<td><b>10g (20 po\u015fet)<\/b><\/td>\n<td><span style=\"font-weight: 400;\">11g (20 po\u015fet)<\/span><\/td>\n<\/tr>\n<tr>\n<td><b>Nikotin i\u00e7eri\u011fi<\/b><\/td>\n<td><span style=\"font-weight: 400;\">12 mg\/g (po\u015fet ba\u015f\u0131na 6 mg)<\/span><\/td>\n<\/tr>\n<tr>\n<td><b>Po\u015fet format\u0131<\/b><\/td>\n<td><span style=\"font-weight: 400;\">\u0130nce<\/span><\/td>\n<\/tr>\n<tr>\n<td><b>\u00dcretici<\/b><\/td>\n<td><span style=\"font-weight: 400;\">Smitify Limited<\/span><\/td>\n<\/tr>\n<tr>\n<td><b>Aroma<\/b><\/td>\n<td><span style=\"font-weight: 400;\">Berry<\/span><\/td>\n<\/tr>\n<tr>\n<td><b>T\u00fcr<\/b><\/td>\n<td><span style=\"font-weight: 400;\">Tamamen beyaz po\u015fet<\/span><\/td>\n<\/tr>\n<\/tbody>\n<\/table>","protected":false},"excerpt":{"rendered":"<p><strong>S\u00fcresi Dolmu\u015f \u00dcr\u00fcn &#8211; Son Kullanma Tarihi: 2024-12-04<\/strong><\/p>\n<p><span style=\"font-weight: 400;\">FR\u00d6KENS Sweet Apple nikotin po\u015fetleri, tatl\u0131 bir duyumla birlikte ferah bir elma aromas\u0131 sunar ve ferah bir tat arayan elma merakl\u0131lar\u0131 i\u00e7in idealdir. Her ince, tamamen beyaz po\u015fet 6 mg nikotin i\u00e7erir ve hem yeni ba\u015flayanlar hem de deneyimli kullan\u0131c\u0131lar i\u00e7in uygun orta g\u00fcc\u00fc sa\u011flar. Ayr\u0131k tasar\u0131m\u0131, di\u015f lekelenmesine neden olmadan istedi\u011finiz zaman, istedi\u011finiz yerde kullan\u0131lmas\u0131na olanak sa\u011flar. Smitify Limited taraf\u0131ndan \u00fcretilen bu t\u00fct\u00fcn i\u00e7ermez po\u015fetler tatmin edici bir elma tatl\u0131l\u0131\u011f\u0131 garantiler.<\/span><\/p>","protected":false},"featured_media":3283,"comment_status":"open","ping_status":"closed","template":"","format":[206],"meta":{"_acf_changed":false},"product_brand":[],"product_cat":[100],"product_tag":[16559],"flavours":[196],"nicotine":[209,232],"class_list":{"0":"post-9901","1":"product","2":"type-product","3":"status-publish","4":"has-post-thumbnail","6":"product_cat-frokens","7":"product_tag-6-mg-pouch","8":"pa_quantity-30-pack","9":"pa_quantity-60-pack","10":"flavours-fruits-berries","11":"format-slim","12":"nicotine-12-mg-g","13":"nicotine-extra-strong","15":"first","16":"instock","17":"taxable","18":"shipping-taxable","19":"purchasable","20":"product-type-variable"},"acf":[],"_links":{"self":[{"href":"https:\/\/whitelip.com\/tr\/wp-json\/wp\/v2\/product\/9901","targetHints":{"allow":["GET"]}}],"collection":[{"href":"https:\/\/whitelip.com\/tr\/wp-json\/wp\/v2\/product"}],"about":[{"href":"https:\/\/whitelip.com\/tr\/wp-json\/wp\/v2\/types\/product"}],"replies":[{"embeddable":true,"href":"https:\/\/whitelip.com\/tr\/wp-json\/wp\/v2\/comments?post=9901"}],"wp:featuredmedia":[{"embeddable":true,"href":"https:\/\/whitelip.com\/tr\/wp-json\/wp\/v2\/media\/3283"}],"wp:attachment":[{"href":"https:\/\/whitelip.com\/tr\/wp-json\/wp\/v2\/media?parent=9901"}],"wp:term":[{"taxonomy":"product_brand","embeddable":true,"href":"https:\/\/whitelip.com\/tr\/wp-json\/wp\/v2\/product_brand?post=9901"},{"taxonomy":"product_cat","embeddable":true,"href":"https:\/\/whitelip.com\/tr\/wp-json\/wp\/v2\/product_cat?post=9901"},{"taxonomy":"product_tag","embeddable":true,"href":"https:\/\/whitelip.com\/tr\/wp-json\/wp\/v2\/product_tag?post=9901"},{"taxonomy":"flavours","embeddable":true,"href":"https:\/\/whitelip.com\/tr\/wp-json\/wp\/v2\/flavours?post=9901"},{"taxonomy":"format","embeddable":true,"href":"https:\/\/whitelip.com\/tr\/wp-json\/wp\/v2\/format?post=9901"},{"taxonomy":"nicotine","embeddable":true,"href":"https:\/\/whitelip.com\/tr\/wp-json\/wp\/v2\/nicotine?post=9901"}],"curies":[{"name":"wp","href":"https:\/\/api.w.org\/{rel}","templated":true}]}}