{"id":9876,"date":"2025-02-12T15:09:18","date_gmt":"2025-02-12T15:09:18","guid":{"rendered":"https:\/\/whitelip.com\/77-ice-mint-medium\/"},"modified":"2026-05-06T10:11:18","modified_gmt":"2026-05-06T10:11:18","slug":"77-ice-mint-medium","status":"publish","type":"product","link":"https:\/\/whitelip.com\/tr\/77\/77-ice-mint-medium\/","title":{"rendered":"77 Ice Mint Medium"},"content":{"rendered":"<h2><strong>77 Ice Mint Medium<\/strong><\/h2>\n<p><span style=\"font-weight: 400;\">77 Ice Mint Medium nikotin po\u015fetleri, taze bir menta lezzeti ve so\u011futma hissiyle taze tad\u0131 arayan mentol tutkunlar\u0131 i\u00e7in idealdir. Her ince, tamamen beyaz po\u015fet 10,4 mg nikotin i\u00e7erir ve hem yeni hem de deneyimli kullan\u0131c\u0131lara uygun orta bir g\u00fc\u00e7 sunar. Ayr\u0131k tasar\u0131m, istedi\u011finiz zaman, nerede olursan\u0131z olun di\u015flerin rengini de\u011fi\u015ftirmeden kullan\u0131m sa\u011flar. 77 Group taraf\u0131ndan yap\u0131lan bu t\u00fct\u00fcns\u00fcz po\u015fetler, tatmin edici bir mentol tazeli\u011fi sa\u011flar.<\/span><\/p>\n<table>\n<tbody>\n<tr>\n<td><b>Attribute<\/b><\/td>\n<td><b>Ayr\u0131nt\u0131lar<\/b><\/td>\n<\/tr>\n<tr>\n<td><b>10g (20 po\u015fet)<\/b><\/td>\n<td><span style=\"font-weight: 400;\">Nikotin i\u00e7eri\u011fi<\/span><\/td>\n<\/tr>\n<tr>\n<td><b>Nikotin i\u00e7eri\u011fi<\/b><\/td>\n<td><span style=\"font-weight: 400;\">20 mg\/g (po\u015fet ba\u015f\u0131na 10,4 mg)<\/span><\/td>\n<\/tr>\n<tr>\n<td><b>Po\u015fet format\u0131<\/b><\/td>\n<td><span style=\"font-weight: 400;\">\u0130nce<\/span><\/td>\n<\/tr>\n<tr>\n<td><b>\u00dcretici<\/b><\/td>\n<td><span style=\"font-weight: 400;\">77 Grubu<\/span><\/td>\n<\/tr>\n<tr>\n<td><b>Aroma<\/b><\/td>\n<td><span style=\"font-weight: 400;\">Nane<\/span><\/td>\n<\/tr>\n<tr>\n<td><b>T\u00fcr<\/b><\/td>\n<td><span style=\"font-weight: 400;\">Tamamen beyaz po\u015fet<\/span><\/td>\n<\/tr>\n<\/tbody>\n<\/table>","protected":false},"excerpt":{"rendered":"<p>Tazeleyici <strong data-start=\"11\" data-end=\"19\">nane<\/strong> taze tad\u0131 i\u00e7in temiz so\u011futma hissi ile. <strong data-start=\"74\" data-end=\"93\">tamamen beyaz po\u015fetler duda\u011f\u0131n alt\u0131nda gizli ve rahat bir \u015fekilde oturur, leke olmadan istedi\u011finiz zaman kullan\u0131labilir. Her po\u015fet i\u00e7erir <\/strong>tamamen beyaz po\u015fetler duda\u011f\u0131n alt\u0131nda gizli ve rahat oturur, leke olmadan, her zaman kullan\u0131m i\u00e7in. Her po\u015fet <strong data-start=\"196\" data-end=\"216\">10.4 mg nikotin<\/strong>, 77 Group'tan dengeli orta g\u00fc\u00e7l\u00fc bir deneyim sa\u011flar.<\/p>","protected":false},"featured_media":9877,"comment_status":"open","ping_status":"closed","template":"","format":[206],"meta":{"_acf_changed":false},"product_brand":[],"product_cat":[23],"product_tag":[16543],"flavours":[199],"nicotine":[218,232],"class_list":{"0":"post-9876","1":"product","2":"type-product","3":"status-publish","4":"has-post-thumbnail","6":"product_cat-23","7":"product_tag-10-4-mg-pouch","8":"pa_quantity-1-pack","9":"pa_quantity-10-pack","10":"pa_quantity-3-pack","11":"pa_quantity-30-pack","12":"pa_quantity-5-pack","13":"pa_quantity-60-pack","14":"flavours-mint","15":"format-slim","16":"nicotine-20-mg-g","17":"nicotine-extra-strong","19":"first","20":"instock","21":"taxable","22":"shipping-taxable","23":"purchasable","24":"product-type-variable","25":"has-default-attributes"},"acf":[],"_links":{"self":[{"href":"https:\/\/whitelip.com\/tr\/wp-json\/wp\/v2\/product\/9876","targetHints":{"allow":["GET"]}}],"collection":[{"href":"https:\/\/whitelip.com\/tr\/wp-json\/wp\/v2\/product"}],"about":[{"href":"https:\/\/whitelip.com\/tr\/wp-json\/wp\/v2\/types\/product"}],"replies":[{"embeddable":true,"href":"https:\/\/whitelip.com\/tr\/wp-json\/wp\/v2\/comments?post=9876"}],"wp:featuredmedia":[{"embeddable":true,"href":"https:\/\/whitelip.com\/tr\/wp-json\/wp\/v2\/media\/9877"}],"wp:attachment":[{"href":"https:\/\/whitelip.com\/tr\/wp-json\/wp\/v2\/media?parent=9876"}],"wp:term":[{"taxonomy":"product_brand","embeddable":true,"href":"https:\/\/whitelip.com\/tr\/wp-json\/wp\/v2\/product_brand?post=9876"},{"taxonomy":"product_cat","embeddable":true,"href":"https:\/\/whitelip.com\/tr\/wp-json\/wp\/v2\/product_cat?post=9876"},{"taxonomy":"product_tag","embeddable":true,"href":"https:\/\/whitelip.com\/tr\/wp-json\/wp\/v2\/product_tag?post=9876"},{"taxonomy":"flavours","embeddable":true,"href":"https:\/\/whitelip.com\/tr\/wp-json\/wp\/v2\/flavours?post=9876"},{"taxonomy":"format","embeddable":true,"href":"https:\/\/whitelip.com\/tr\/wp-json\/wp\/v2\/format?post=9876"},{"taxonomy":"nicotine","embeddable":true,"href":"https:\/\/whitelip.com\/tr\/wp-json\/wp\/v2\/nicotine?post=9876"}],"curies":[{"name":"wp","href":"https:\/\/api.w.org\/{rel}","templated":true}]}}