{"id":9871,"date":"2025-02-24T11:02:13","date_gmt":"2025-02-24T11:02:13","guid":{"rendered":"https:\/\/whitelip.com\/camo-cherry-cola-lime-12mg\/"},"modified":"2026-03-05T10:14:54","modified_gmt":"2026-03-05T10:14:54","slug":"camo-cherry-cola-lime-12mg","status":"publish","type":"product","link":"https:\/\/whitelip.com\/tr\/camo\/camo-cherry-cola-lime-12mg\/","title":{"rendered":"CAMO Kiraz Cola Lime 12mg"},"content":{"rendered":"<h2><strong>CAMO Kiraz Cola Lime 12mg<\/strong><\/h2>\n<p><span style=\"font-weight: 400;\">CAMO Cherry Cola Lime 12mg, kiraz, cola ve lime'u birle\u015ftiren cesur ve taze bir tat kar\u0131\u015f\u0131m\u0131 sunuyor. Her ince, tamamente beyaz po\u015fet 12 mg nikotin i\u00e7erir ve g\u00fc\u00e7l\u00fc ancak sabit bir sal\u0131n\u0131m sa\u011flar; g\u00fc\u00e7l\u00fc bir etki arayan ki\u015filer i\u00e7in idealidir.<\/span><\/p>\n<p><span style=\"font-weight: 400;\">\u0130nce format, duda\u011f\u0131n alt\u0131nda ayr\u0131k ve rahat bir oturu\u015f sa\u011flar ve her zaman temiz, lekelenmez kullan\u0131m sa\u011flar. Tamamen y\u00fcksek kaliteli, bitkiye dayal\u0131 malzemelerden \u00fcretilen CAMO Cherry Cola Lime 12mg, canl\u0131, so\u011futma tatyyla modern ve keyifli bir nikotin alternatifi sunuyor.<\/span><\/p>\n<table>\n<tbody>\n<tr>\n<td><b>Attribute<\/b><\/td>\n<td><b>Ayr\u0131nt\u0131lar<\/b><\/td>\n<\/tr>\n<tr>\n<td><span style=\"font-weight: 400;\">Brand<\/span><\/td>\n<td><span style=\"font-weight: 400;\">CAMO<\/span><\/td>\n<\/tr>\n<tr>\n<td><span style=\"font-weight: 400;\">\u00dcr\u00fcn T\u00fcr\u00fc<\/span><\/td>\n<td><span style=\"font-weight: 400;\">T\u00fcm Beyaz Nikotin Po\u015fetleri<\/span><\/td>\n<\/tr>\n<tr>\n<td><span style=\"font-weight: 400;\">Format<\/span><\/td>\n<td><span style=\"font-weight: 400;\">\u0130nce<\/span><\/td>\n<\/tr>\n<tr>\n<td><span style=\"font-weight: 400;\">Aroma<\/span><\/td>\n<td><span style=\"font-weight: 400;\">Kiraz, cola ve lime<\/span><\/td>\n<\/tr>\n<tr>\n<td><span style=\"font-weight: 400;\">Nikotin G\u00fcc\u00fc<\/span><\/td>\n<td><span style=\"font-weight: 400;\">Po\u015fet ba\u015f\u0131na 12 mg<\/span><\/td>\n<\/tr>\n<tr>\n<td><span style=\"font-weight: 400;\">K\u0131s\u0131m A\u011f\u0131rl\u0131\u011f\u0131<\/span><\/td>\n<td><span style=\"font-weight: 400;\">0,75 gram<\/span><\/td>\n<\/tr>\n<tr>\n<td><span style=\"font-weight: 400;\">K\u0131s\u0131m Say\u0131s\u0131<\/span><\/td>\n<td><span style=\"font-weight: 400;\">kutu ba\u015f\u0131na 20<\/span><\/td>\n<\/tr>\n<tr>\n<td><span style=\"font-weight: 400;\">Toplam Kutu A\u011f\u0131rl\u0131\u011f\u0131<\/span><\/td>\n<td><span style=\"font-weight: 400;\">15 gram<\/span><\/td>\n<\/tr>\n<tr>\n<td><span style=\"font-weight: 400;\">\u00dcretici<\/span><\/td>\n<td><span style=\"font-weight: 400;\">CAMO<\/span><\/td>\n<\/tr>\n<tr>\n<td><span style=\"font-weight: 400;\">Dikkate De\u011fer \u00d6zellikler<\/span><\/td>\n<td><span style=\"font-weight: 400;\">T\u00fct\u00fcn i\u00e7ermez, ince format, taze nane tad\u0131<\/span><\/td>\n<\/tr>\n<\/tbody>\n<\/table>","protected":false},"excerpt":{"rendered":"<p>Cesur, ferahlat\u0131c\u0131 <strong data-start=\"17\" data-end=\"43\">kiraz, cola ve lime<\/strong> kar\u0131\u015f\u0131m\u0131 benzersiz, ek\u015fi-tatl\u0131 bir tat i\u00e7in. <strong data-start=\"87\" data-end=\"106\">tamamen beyaz po\u015fetler duda\u011f\u0131n alt\u0131nda gizli ve rahat bir \u015fekilde oturur, leke olmadan istedi\u011finiz zaman kullan\u0131labilir. Her po\u015fet i\u00e7erir <\/strong>tamamen beyaz po\u015fetler duda\u011f\u0131n alt\u0131na ayr\u0131k bir \u015fekilde oturur, temiz, rahat bir his i\u00e7in. Her po\u015fet <strong data-start=\"195\" data-end=\"223\">po\u015fet ba\u015f\u0131na 12 mg nikotin<\/strong>i\u00e7erir ve g\u00fc\u00e7l\u00fc, sabit bir sal\u0131n\u0131m sa\u011flar.<\/p>","protected":false},"featured_media":9872,"comment_status":"open","ping_status":"closed","template":"","format":[206],"meta":{"_acf_changed":false},"product_brand":[],"product_cat":[95],"product_tag":[16561],"flavours":[190,193,196],"nicotine":[209,232],"class_list":{"0":"post-9871","1":"product","2":"type-product","3":"status-publish","4":"has-post-thumbnail","6":"product_cat-camo","7":"product_tag-12-mg-pouch","8":"pa_quantity-1-pack","9":"pa_quantity-10-pack","10":"pa_quantity-3-pack","11":"pa_quantity-30-pack","12":"pa_quantity-5-pack","13":"pa_quantity-60-pack","14":"flavours-citrus","15":"flavours-cola","16":"flavours-fruits-berries","17":"format-slim","18":"nicotine-12-mg-g","19":"nicotine-extra-strong","21":"first","22":"outofstock","23":"taxable","24":"shipping-taxable","25":"purchasable","26":"product-type-variable","27":"has-default-attributes"},"acf":[],"_links":{"self":[{"href":"https:\/\/whitelip.com\/tr\/wp-json\/wp\/v2\/product\/9871","targetHints":{"allow":["GET"]}}],"collection":[{"href":"https:\/\/whitelip.com\/tr\/wp-json\/wp\/v2\/product"}],"about":[{"href":"https:\/\/whitelip.com\/tr\/wp-json\/wp\/v2\/types\/product"}],"replies":[{"embeddable":true,"href":"https:\/\/whitelip.com\/tr\/wp-json\/wp\/v2\/comments?post=9871"}],"wp:featuredmedia":[{"embeddable":true,"href":"https:\/\/whitelip.com\/tr\/wp-json\/wp\/v2\/media\/9872"}],"wp:attachment":[{"href":"https:\/\/whitelip.com\/tr\/wp-json\/wp\/v2\/media?parent=9871"}],"wp:term":[{"taxonomy":"product_brand","embeddable":true,"href":"https:\/\/whitelip.com\/tr\/wp-json\/wp\/v2\/product_brand?post=9871"},{"taxonomy":"product_cat","embeddable":true,"href":"https:\/\/whitelip.com\/tr\/wp-json\/wp\/v2\/product_cat?post=9871"},{"taxonomy":"product_tag","embeddable":true,"href":"https:\/\/whitelip.com\/tr\/wp-json\/wp\/v2\/product_tag?post=9871"},{"taxonomy":"flavours","embeddable":true,"href":"https:\/\/whitelip.com\/tr\/wp-json\/wp\/v2\/flavours?post=9871"},{"taxonomy":"format","embeddable":true,"href":"https:\/\/whitelip.com\/tr\/wp-json\/wp\/v2\/format?post=9871"},{"taxonomy":"nicotine","embeddable":true,"href":"https:\/\/whitelip.com\/tr\/wp-json\/wp\/v2\/nicotine?post=9871"}],"curies":[{"name":"wp","href":"https:\/\/api.w.org\/{rel}","templated":true}]}}