{"id":9841,"date":"2025-02-24T11:02:18","date_gmt":"2025-02-24T11:02:18","guid":{"rendered":"https:\/\/whitelip.com\/camo-spicy-citrus-12mg\/"},"modified":"2026-03-05T10:14:29","modified_gmt":"2026-03-05T10:14:29","slug":"camo-spicy-citrus-12mg","status":"publish","type":"product","link":"https:\/\/whitelip.com\/tr\/camo\/camo-spicy-citrus-12mg\/","title":{"rendered":"CAMO Baharatl\u0131 Sitrus 12mg"},"content":{"rendered":"<h2><strong>CAMO Baharatl\u0131 Sitrus 12mg<\/strong><\/h2>\n<p><span style=\"font-weight: 400;\">CAMO Baharatl\u0131 Sitrus 12mg cesur ve ac\u0131 sitrus aromas\u0131 sunmaktad\u0131r, biberden gelen baharatl\u0131l\u0131\u011f\u0131 sitrustaki ek\u015fili\u011fiyle birle\u015ftirerek. Her ince, tamamen beyaz keseli po\u015fette 12 mg nikotin bulunmaktad\u0131r ve g\u00fc\u00e7l\u00fc ancak d\u00fczenli bir sal\u0131n\u0131m sa\u011flayarak, kuvvetli bir etki arayan ki\u015filer i\u00e7in idealdir.<\/span><\/p>\n<p><span style=\"font-weight: 400;\">\u0130nce format, duda\u011f\u0131n alt\u0131na ayr\u0131k ve rahat bir \u015fekilde oturarak her zaman temiz, iz b\u0131rakmayan bir kullan\u0131m sa\u011flar. Tamamen y\u00fcksek kaliteli, bitki bazl\u0131 maddelerden yap\u0131lm\u0131\u015f olan CAMO Baharatl\u0131 Sitrus 12mg, canl\u0131 ve serinletici aromaya sahip modern ve keyifli bir nikotin alternatifi sunmaktad\u0131r.<\/span><\/p>\n<table>\n<tbody>\n<tr>\n<td><b>Attribute<\/b><\/td>\n<td><b>Ayr\u0131nt\u0131lar<\/b><\/td>\n<\/tr>\n<tr>\n<td><span style=\"font-weight: 400;\">Brand<\/span><\/td>\n<td><span style=\"font-weight: 400;\">CAMO<\/span><\/td>\n<\/tr>\n<tr>\n<td><span style=\"font-weight: 400;\">\u00dcr\u00fcn T\u00fcr\u00fc<\/span><\/td>\n<td><span style=\"font-weight: 400;\">T\u00fcm Beyaz Nikotin Po\u015fetleri<\/span><\/td>\n<\/tr>\n<tr>\n<td><span style=\"font-weight: 400;\">Format<\/span><\/td>\n<td><span style=\"font-weight: 400;\">\u0130nce<\/span><\/td>\n<\/tr>\n<tr>\n<td><span style=\"font-weight: 400;\">Aroma<\/span><\/td>\n<td><span style=\"font-weight: 400;\">Baharatl\u0131 sitrus<\/span><\/td>\n<\/tr>\n<tr>\n<td><span style=\"font-weight: 400;\">Nikotin G\u00fcc\u00fc<\/span><\/td>\n<td><span style=\"font-weight: 400;\">Po\u015fet ba\u015f\u0131na 12 mg<\/span><\/td>\n<\/tr>\n<tr>\n<td><span style=\"font-weight: 400;\">K\u0131s\u0131m A\u011f\u0131rl\u0131\u011f\u0131<\/span><\/td>\n<td><span style=\"font-weight: 400;\">0,75 gram<\/span><\/td>\n<\/tr>\n<tr>\n<td><span style=\"font-weight: 400;\">K\u0131s\u0131m Say\u0131s\u0131<\/span><\/td>\n<td><span style=\"font-weight: 400;\">kutu ba\u015f\u0131na 20<\/span><\/td>\n<\/tr>\n<tr>\n<td><span style=\"font-weight: 400;\">Toplam Kutu A\u011f\u0131rl\u0131\u011f\u0131<\/span><\/td>\n<td><span style=\"font-weight: 400;\">15 gram<\/span><\/td>\n<\/tr>\n<tr>\n<td><span style=\"font-weight: 400;\">\u00dcretici<\/span><\/td>\n<td><span style=\"font-weight: 400;\">CAMO<\/span><\/td>\n<\/tr>\n<tr>\n<td><span style=\"font-weight: 400;\">Dikkate De\u011fer \u00d6zellikler<\/span><\/td>\n<td><span style=\"font-weight: 400;\">T\u00fct\u00fcns\u00fcz, ince format, ac\u0131 sitrus aromas\u0131<\/span><\/td>\n<\/tr>\n<\/tbody>\n<\/table>\n<p>\u00a0<\/p>","protected":false},"excerpt":{"rendered":"<p>Cesur, keskin <strong data-start=\"12\" data-end=\"39\">sitrus <\/strong>baharatland\u0131r\u0131lm\u0131\u015f biber ile keskin, enerji veren bir tada sahiptir. <strong data-start=\"75\" data-end=\"94\">tamamen beyaz po\u015fetler duda\u011f\u0131n alt\u0131nda gizli ve rahat bir \u015fekilde oturur, leke olmadan istedi\u011finiz zaman kullan\u0131labilir. Her po\u015fet i\u00e7erir <\/strong>tamamen beyaz po\u015fetler duda\u011f\u0131n alt\u0131na ayr\u0131k bir \u015fekilde oturur, temiz, rahat bir his i\u00e7in. Her po\u015fet <strong data-start=\"183\" data-end=\"211\">po\u015fet ba\u015f\u0131na 12 mg nikotin<\/strong>i\u00e7erir ve g\u00fc\u00e7l\u00fc, sabit bir sal\u0131n\u0131m sa\u011flar.<\/p>","protected":false},"featured_media":9842,"comment_status":"open","ping_status":"closed","template":"","format":[206],"meta":{"_acf_changed":false},"product_brand":[],"product_cat":[95],"product_tag":[16561],"flavours":[187,190],"nicotine":[209,232],"class_list":{"0":"post-9841","1":"product","2":"type-product","3":"status-publish","4":"has-post-thumbnail","6":"product_cat-camo","7":"product_tag-12-mg-pouch","8":"pa_quantity-1-pack","9":"pa_quantity-10-pack","10":"pa_quantity-3-pack","11":"pa_quantity-30-pack","12":"pa_quantity-5-pack","13":"pa_quantity-60-pack","14":"flavours-chili","15":"flavours-citrus","16":"format-slim","17":"nicotine-12-mg-g","18":"nicotine-extra-strong","20":"first","21":"outofstock","22":"taxable","23":"shipping-taxable","24":"purchasable","25":"product-type-variable","26":"has-default-attributes"},"acf":[],"_links":{"self":[{"href":"https:\/\/whitelip.com\/tr\/wp-json\/wp\/v2\/product\/9841","targetHints":{"allow":["GET"]}}],"collection":[{"href":"https:\/\/whitelip.com\/tr\/wp-json\/wp\/v2\/product"}],"about":[{"href":"https:\/\/whitelip.com\/tr\/wp-json\/wp\/v2\/types\/product"}],"replies":[{"embeddable":true,"href":"https:\/\/whitelip.com\/tr\/wp-json\/wp\/v2\/comments?post=9841"}],"wp:featuredmedia":[{"embeddable":true,"href":"https:\/\/whitelip.com\/tr\/wp-json\/wp\/v2\/media\/9842"}],"wp:attachment":[{"href":"https:\/\/whitelip.com\/tr\/wp-json\/wp\/v2\/media?parent=9841"}],"wp:term":[{"taxonomy":"product_brand","embeddable":true,"href":"https:\/\/whitelip.com\/tr\/wp-json\/wp\/v2\/product_brand?post=9841"},{"taxonomy":"product_cat","embeddable":true,"href":"https:\/\/whitelip.com\/tr\/wp-json\/wp\/v2\/product_cat?post=9841"},{"taxonomy":"product_tag","embeddable":true,"href":"https:\/\/whitelip.com\/tr\/wp-json\/wp\/v2\/product_tag?post=9841"},{"taxonomy":"flavours","embeddable":true,"href":"https:\/\/whitelip.com\/tr\/wp-json\/wp\/v2\/flavours?post=9841"},{"taxonomy":"format","embeddable":true,"href":"https:\/\/whitelip.com\/tr\/wp-json\/wp\/v2\/format?post=9841"},{"taxonomy":"nicotine","embeddable":true,"href":"https:\/\/whitelip.com\/tr\/wp-json\/wp\/v2\/nicotine?post=9841"}],"curies":[{"name":"wp","href":"https:\/\/api.w.org\/{rel}","templated":true}]}}