{"id":98160,"date":"2026-05-13T09:49:35","date_gmt":"2026-05-13T09:49:35","guid":{"rendered":"https:\/\/whitelip.com\/?post_type=product&#038;p=98160"},"modified":"2026-05-14T10:11:49","modified_gmt":"2026-05-14T10:11:49","slug":"helwit-mint-extra-strong","status":"publish","type":"product","link":"https:\/\/whitelip.com\/tr\/helwit\/helwit-mint-extra-strong\/","title":{"rendered":"Helwit Nane Ekstra G\u00fc\u00e7l\u00fc"},"content":{"rendered":"<h1 data-section-id=\"hw1me2\" data-start=\"1\" data-end=\"50\"><strong>Helwit Nane Ekstra G\u00fc\u00e7l\u00fc<\/strong><\/h1>\n<p data-section-id=\"hw3me4\" data-start=\"52\" data-end=\"350\">Helwit Nane Ekstra G\u00fc\u00e7l\u00fc, \u0130sve\u00e7'te YOIK taraf\u0131ndan \u00fcretilen t\u00fct\u00fcns\u00fcz nikotin po\u015feti olup ince format\u0131nda temiz ve ferahlat\u0131c\u0131 nane aromas\u0131 ile sunulur. G\u00fc\u00e7l\u00fc bir nikotin etkisi ile serin ve tatmin edici bir nane deneyimi sa\u011flayan bu \u00fcr\u00fcn, klasik ve g\u00fcvenilir bir aromay\u0131 ekstra g\u00fc\u00e7l\u00fc g\u00fc\u00e7le birle\u015ftirmektedir. 15mg\/g (po\u015fet ba\u015f\u0131na 7.5mg) nikotin i\u00e7eri\u011fi ile, a\u00e7\u0131k ve canland\u0131r\u0131c\u0131 nane tad\u0131n\u0131 h\u0131zl\u0131 ve belirgin bir nikotin sal\u0131n\u0131m\u0131 ile e\u015fle\u015ftirmek isteyen deneyimli kullan\u0131c\u0131lar i\u00e7in ekstra g\u00fc\u00e7l\u00fc bir se\u00e7enektir.<\/p>\n<h2 data-section-id=\"hw5me6\" data-start=\"352\" data-end=\"370\">Tat ve Kuvvet<\/h2>\n<p data-section-id=\"hw7me8\" data-start=\"372\" data-end=\"570\">Helwit Mint Extra Strong delivers a clean and well-defined mint flavour that feels crisp and refreshing from the first moment. The mint profile is straightforward and reliable without being sharp or overwhelming, making it a consistent and enjoyable choice for everyday use. At 15mg\/g (7.5mg per pouch), this is an extra strong nicotine pouch that provides a fast and noticeable release &#8211; a solid choice for experienced users who want both a classic mint taste and a powerful nicotine hit.<\/p>\n<h2 data-section-id=\"hw9me0\" data-start=\"572\" data-end=\"590\">Po\u015fet Format\u0131<\/h2>\n<p data-section-id=\"hw2me5\" data-start=\"592\" data-end=\"780\">Helwit Nane Ekstra G\u00fc\u00e7l\u00fc ince formatta sunulur. Her kutu 20 po\u015fet i\u00e7erir ve tamamen t\u00fct\u00fcns\u00fcz ve dumans\u0131zd\u0131r. \u0130nce po\u015fet, duda\u011f\u0131n alt\u0131nda keskin ve rahat \u015fekilde oturmakta, g\u00fcnl\u00fck kullan\u0131ma uygun pratik ve g\u00f6z\u00fc pek olmayan bir formatta uniform aromadan ve nikotinin uygun \u015fekilde sal\u0131n\u0131m\u0131n\u0131 sa\u011flar.<\/p>\n<h2 data-section-id=\"hw4me7\" data-start=\"782\" data-end=\"796\">Helwit Hakk\u0131nda<\/h2>\n<p data-section-id=\"hw6me9\" data-start=\"798\" data-end=\"1050\">Helwit was established in 2021 by YOIK AB in Sweden. The brand produces white snus using its own hydroelectric power, and its packaging is made from bioplastic based on tall oil &#8211; reflecting a clear commitment to sustainability alongside product quality. Find more Helwit products at whitelip.se.<\/p>\n<table style=\"height: 235px;\" width=\"383\">\n<tbody>\n<tr>\n<td><b>Attribute<\/b><\/td>\n<td><b>Ayr\u0131nt\u0131lar<\/b><\/td>\n<\/tr>\n<tr>\n<td><b>Brand<\/b><\/td>\n<td><em><strong>Helwit<\/strong><\/em><\/td>\n<\/tr>\n<tr>\n<td><b>Po\u015fet Format\u0131<\/b><\/td>\n<td><em><strong>\u0130nce<\/strong><\/em><\/td>\n<\/tr>\n<tr>\n<td><b>G\u00fc\u00e7<\/b><\/td>\n<td><em><strong>Extra Strong<\/strong><\/em><\/td>\n<\/tr>\n<tr>\n<td><b>\u00dcretici<\/b><\/td>\n<td><em><strong>YOIK<\/strong><\/em><\/td>\n<\/tr>\n<tr>\n<td><b>Aroma<\/b><\/td>\n<td><span style=\"font-weight: 400;\">Nane<\/span><\/td>\n<\/tr>\n<tr>\n<td><b>Nikotin \u0130\u00e7eri\u011fi<\/b><\/td>\n<td><b><span style=\"font-weight: 400;\">15mg\/g (7.5mg per pouch)<\/span><\/b><\/td>\n<\/tr>\n<tr>\n<td><b>Kutu Ba\u015f\u0131na \u0130\u00e7erik<\/b><\/td>\n<td><span style=\"font-weight: 400;\">20 po\u015fet<\/span><\/td>\n<\/tr>\n<tr>\n<td><b>Kategori<\/b><\/td>\n<td><em><strong>Beyaz Snus<\/strong><\/em><\/td>\n<\/tr>\n<tr>\n<td><b>T\u00fcr<\/b><\/td>\n<td><b><span style=\"font-weight: 400;\">T\u00fcm beyaz po\u015fet, t\u00fct\u00fcns\u00fcz<\/span><\/b><\/td>\n<\/tr>\n<\/tbody>\n<\/table>\n<p>&nbsp;<\/p>","protected":false},"excerpt":{"rendered":"<p>Helwit Nane Ekstra G\u00fc\u00e7l\u00fc, t\u00fct\u00fcns\u00fcz nikotin po\u015feti olup ince format\u0131nda temiz ve ferahlat\u0131c\u0131 nane aromas\u0131 ile sunulur. 15mg\/g (po\u015fet ba\u015f\u0131na 7.5mg) ile deneyimli kullan\u0131c\u0131lar i\u00e7in ekstra g\u00fc\u00e7l\u00fc bir nikotin deneyimi sa\u011flar. Kutuda 20 po\u015fet, \u0130sve\u00e7'te YOIK taraf\u0131ndan \u00fcretilmi\u015ftir.<\/p>","protected":false},"featured_media":98167,"comment_status":"open","ping_status":"closed","template":"","format":[206],"meta":{"_acf_changed":false},"product_brand":[],"product_cat":[52],"product_tag":[16601],"flavours":[199],"nicotine":[212,232],"class_list":{"0":"post-98160","1":"product","2":"type-product","3":"status-publish","4":"has-post-thumbnail","6":"product_cat-helwit","7":"product_tag-7-5-mg-pouch","8":"pa_quantity-1-pack","9":"pa_quantity-10-pack","10":"pa_quantity-3-pack","11":"pa_quantity-30-pack","12":"pa_quantity-5-pack","13":"pa_quantity-60-pack","14":"flavours-mint","15":"format-slim","16":"nicotine-15-mg-g","17":"nicotine-extra-strong","19":"first","20":"instock","21":"taxable","22":"shipping-taxable","23":"purchasable","24":"product-type-variable","25":"has-default-attributes"},"acf":[],"_links":{"self":[{"href":"https:\/\/whitelip.com\/tr\/wp-json\/wp\/v2\/product\/98160","targetHints":{"allow":["GET"]}}],"collection":[{"href":"https:\/\/whitelip.com\/tr\/wp-json\/wp\/v2\/product"}],"about":[{"href":"https:\/\/whitelip.com\/tr\/wp-json\/wp\/v2\/types\/product"}],"replies":[{"embeddable":true,"href":"https:\/\/whitelip.com\/tr\/wp-json\/wp\/v2\/comments?post=98160"}],"wp:featuredmedia":[{"embeddable":true,"href":"https:\/\/whitelip.com\/tr\/wp-json\/wp\/v2\/media\/98167"}],"wp:attachment":[{"href":"https:\/\/whitelip.com\/tr\/wp-json\/wp\/v2\/media?parent=98160"}],"wp:term":[{"taxonomy":"product_brand","embeddable":true,"href":"https:\/\/whitelip.com\/tr\/wp-json\/wp\/v2\/product_brand?post=98160"},{"taxonomy":"product_cat","embeddable":true,"href":"https:\/\/whitelip.com\/tr\/wp-json\/wp\/v2\/product_cat?post=98160"},{"taxonomy":"product_tag","embeddable":true,"href":"https:\/\/whitelip.com\/tr\/wp-json\/wp\/v2\/product_tag?post=98160"},{"taxonomy":"flavours","embeddable":true,"href":"https:\/\/whitelip.com\/tr\/wp-json\/wp\/v2\/flavours?post=98160"},{"taxonomy":"format","embeddable":true,"href":"https:\/\/whitelip.com\/tr\/wp-json\/wp\/v2\/format?post=98160"},{"taxonomy":"nicotine","embeddable":true,"href":"https:\/\/whitelip.com\/tr\/wp-json\/wp\/v2\/nicotine?post=98160"}],"curies":[{"name":"wp","href":"https:\/\/api.w.org\/{rel}","templated":true}]}}