{"id":98152,"date":"2026-05-13T09:41:49","date_gmt":"2026-05-13T09:41:49","guid":{"rendered":"https:\/\/whitelip.com\/?post_type=product&#038;p=98152"},"modified":"2026-05-14T10:11:49","modified_gmt":"2026-05-14T10:11:49","slug":"loop-pineapple-ice-strong","status":"publish","type":"product","link":"https:\/\/whitelip.com\/tr\/loop\/loop-pineapple-ice-strong\/","title":{"rendered":"LOOP Ananas Buz G\u00fc\u00e7l\u00fc"},"content":{"rendered":"<h1 data-section-id=\"lp1pi2\" data-start=\"1\" data-end=\"50\"><strong>Loop Ananas Buz G\u00fc\u00e7l\u00fc<\/strong><\/h1>\n<p data-section-id=\"lp3pi4\" data-start=\"52\" data-end=\"350\">Loop Ananas Buz G\u00fc\u00e7l\u00fc, \u0130sve\u00e7'te Another Snus Factory taraf\u0131ndan \u00fcretilen t\u00fct\u00fcns\u00fcz nikotin po\u015feti olup ince format\u0131nda ananas ve nane kombinasyonunun cesur ve tropikal aromundan olu\u015fur. Tatl\u0131 ve suyu meyveli ananas karakterinin so\u011fuk ve ferahlat\u0131c\u0131 nane sonu ile birle\u015ftirilmesi, bu \u00fcr\u00fcn\u00fc ay\u0131rt edici ve canland\u0131r\u0131c\u0131 bir tat deneyimi sunmaktad\u0131r. 15mg\/g (po\u015fet ba\u015f\u0131na 9.4mg) nikotin i\u00e7eri\u011fi ile, g\u00fc\u00e7l\u00fc bir nikotin etkisi ile tropikal ve buzlu bir tat isteyen deneyimli kullan\u0131c\u0131lar i\u00e7in ekstra g\u00fc\u00e7l\u00fc bir se\u00e7enektir.<\/p>\n<h2 data-section-id=\"lp5pi6\" data-start=\"352\" data-end=\"370\">Tat ve Kuvvet<\/h2>\n<p data-section-id=\"lp7pi8\" data-start=\"372\" data-end=\"570\">Loop Pineapple Ice Strong delivers a vibrant and well-balanced flavour where sweet and juicy pineapple meets a cool and refreshing mint character. The tropical fruitiness of the pineapple combines naturally with the icy mint finish, creating a flavour profile that feels both energising and satisfying from start to finish. At 15mg\/g (9.4mg per pouch), this is an extra strong nicotine pouch that provides a fast and noticeable release &#8211; a bold choice for seasoned users who want both strength and a distinctive tropical flavour.<\/p>\n<h2 data-section-id=\"lp9pi0\" data-start=\"572\" data-end=\"590\">Po\u015fet Format\u0131<\/h2>\n<p data-section-id=\"lp2pi5\" data-start=\"592\" data-end=\"780\">Loop Ananas Buz G\u00fc\u00e7l\u00fc ince formatta sunulur. Her kutu 20 po\u015fet i\u00e7erir ve tamamen t\u00fct\u00fcns\u00fcz ve dumans\u0131zd\u0131r. \u0130nce po\u015fet, duda\u011f\u0131n alt\u0131nda keskin ve rahat \u015fekilde oturmakta, g\u00fcnl\u00fck kullan\u0131ma uygun pratik ve g\u00f6z\u00fc pek olmayan bir formatta uniform aromadan ve nikotinin uygun \u015fekilde sal\u0131n\u0131m\u0131n\u0131 sa\u011flar.<\/p>\n<h2 data-section-id=\"lp4pi7\" data-start=\"782\" data-end=\"796\">Loop Hakk\u0131nda<\/h2>\n<p data-section-id=\"lp6pi9\" data-start=\"798\" data-end=\"1050\">Loop 2019'da piyasaya s\u00fcr\u00fclm\u00fc\u015ft\u00fcr ve \u0130sve\u00e7'te Another Snus Factory taraf\u0131ndan \u00fcretilmektedir. \u00dcr\u00fcn yelpazesi \u00e7e\u015fitli nikotin g\u00fc\u00e7lendirmelerinde ve geni\u015f bir aromalar\u0131 ve formatlar\u0131 kapsamakta olan beyaz snusu i\u00e7ermektedir. \u0130novasyon ve kaliteye g\u00fc\u00e7l\u00fc bir odaklanma ile Loop, Avrupa genelindeki nikotin po\u015feti kullan\u0131c\u0131lar\u0131 aras\u0131nda sad\u0131k bir izleyici taban\u0131 olu\u015fturmu\u015ftur. whitelip.se'de daha fazla Loop \u00fcr\u00fcn\u00fc bulun.<\/p>\n<table style=\"height: 235px;\" width=\"383\">\n<tbody>\n<tr>\n<td><b>Attribute<\/b><\/td>\n<td><b>Ayr\u0131nt\u0131lar<\/b><\/td>\n<\/tr>\n<tr>\n<td><b>Brand<\/b><\/td>\n<td><em><strong>Loop<\/strong><\/em><\/td>\n<\/tr>\n<tr>\n<td><b>Po\u015fet Format\u0131<\/b><\/td>\n<td><em><strong>\u0130nce<\/strong><\/em><\/td>\n<\/tr>\n<tr>\n<td><b>G\u00fc\u00e7<\/b><\/td>\n<td><em><strong>Extra Strong<\/strong><\/em><\/td>\n<\/tr>\n<tr>\n<td><b>\u00dcretici<\/b><\/td>\n<td><em><strong>Another Snus Factory<\/strong><\/em><\/td>\n<\/tr>\n<tr>\n<td><b>Aroma<\/b><\/td>\n<td><span style=\"font-weight: 400;\">Pineapple, mint<\/span><\/td>\n<\/tr>\n<tr>\n<td><b>Nikotin \u0130\u00e7eri\u011fi<\/b><\/td>\n<td><b><span style=\"font-weight: 400;\">15mg\/g (9.4mg per pouch)<\/span><\/b><\/td>\n<\/tr>\n<tr>\n<td><b>Kutu Ba\u015f\u0131na \u0130\u00e7erik<\/b><\/td>\n<td><span style=\"font-weight: 400;\">20 po\u015fet<\/span><\/td>\n<\/tr>\n<tr>\n<td><b>Kategori<\/b><\/td>\n<td><em><strong>Beyaz Snus<\/strong><\/em><\/td>\n<\/tr>\n<tr>\n<td><b>T\u00fcr<\/b><\/td>\n<td><b><span style=\"font-weight: 400;\">T\u00fcm beyaz po\u015fet, t\u00fct\u00fcns\u00fcz<\/span><\/b><\/td>\n<\/tr>\n<\/tbody>\n<\/table>\n<p>&nbsp;<\/p>","protected":false},"excerpt":{"rendered":"<p>Loop Ananas Buz G\u00fc\u00e7l\u00fc, t\u00fct\u00fcns\u00fcz nikotin po\u015feti olup ince format\u0131nda cesur tropikal ananas ve nane aromas\u0131 ile sunulur. 15mg\/g (po\u015fet ba\u015f\u0131na 9.4mg) ile deneyimli kullan\u0131c\u0131lar i\u00e7in ekstra g\u00fc\u00e7l\u00fc bir nikotin deneyimi sa\u011flar. Kutuda 20 po\u015fet, \u0130sve\u00e7'te Another Snus Factory taraf\u0131ndan \u00fcretilmi\u015ftir.<\/p>","protected":false},"featured_media":98159,"comment_status":"open","ping_status":"closed","template":"","format":[206],"meta":{"_acf_changed":false},"product_brand":[],"product_cat":[32],"product_tag":[17011],"flavours":[196],"nicotine":[212,232],"class_list":{"0":"post-98152","1":"product","2":"type-product","3":"status-publish","4":"has-post-thumbnail","6":"product_cat-loop","7":"product_tag-9-4-mg-pouch","8":"pa_quantity-1-pack","9":"pa_quantity-10-pack","10":"pa_quantity-3-pack","11":"pa_quantity-30-pack","12":"pa_quantity-5-pack","13":"pa_quantity-60-pack","14":"flavours-fruits-berries","15":"format-slim","16":"nicotine-15-mg-g","17":"nicotine-extra-strong","19":"first","20":"instock","21":"taxable","22":"shipping-taxable","23":"purchasable","24":"product-type-variable"},"acf":[],"_links":{"self":[{"href":"https:\/\/whitelip.com\/tr\/wp-json\/wp\/v2\/product\/98152","targetHints":{"allow":["GET"]}}],"collection":[{"href":"https:\/\/whitelip.com\/tr\/wp-json\/wp\/v2\/product"}],"about":[{"href":"https:\/\/whitelip.com\/tr\/wp-json\/wp\/v2\/types\/product"}],"replies":[{"embeddable":true,"href":"https:\/\/whitelip.com\/tr\/wp-json\/wp\/v2\/comments?post=98152"}],"wp:featuredmedia":[{"embeddable":true,"href":"https:\/\/whitelip.com\/tr\/wp-json\/wp\/v2\/media\/98159"}],"wp:attachment":[{"href":"https:\/\/whitelip.com\/tr\/wp-json\/wp\/v2\/media?parent=98152"}],"wp:term":[{"taxonomy":"product_brand","embeddable":true,"href":"https:\/\/whitelip.com\/tr\/wp-json\/wp\/v2\/product_brand?post=98152"},{"taxonomy":"product_cat","embeddable":true,"href":"https:\/\/whitelip.com\/tr\/wp-json\/wp\/v2\/product_cat?post=98152"},{"taxonomy":"product_tag","embeddable":true,"href":"https:\/\/whitelip.com\/tr\/wp-json\/wp\/v2\/product_tag?post=98152"},{"taxonomy":"flavours","embeddable":true,"href":"https:\/\/whitelip.com\/tr\/wp-json\/wp\/v2\/flavours?post=98152"},{"taxonomy":"format","embeddable":true,"href":"https:\/\/whitelip.com\/tr\/wp-json\/wp\/v2\/format?post=98152"},{"taxonomy":"nicotine","embeddable":true,"href":"https:\/\/whitelip.com\/tr\/wp-json\/wp\/v2\/nicotine?post=98152"}],"curies":[{"name":"wp","href":"https:\/\/api.w.org\/{rel}","templated":true}]}}