{"id":97934,"date":"2026-05-11T13:45:46","date_gmt":"2026-05-11T13:45:46","guid":{"rendered":"https:\/\/whitelip.com\/?post_type=product&#038;p=97934"},"modified":"2026-05-16T10:11:08","modified_gmt":"2026-05-16T10:11:08","slug":"apres-ice-tea-peach-zero-nicotine-free","status":"publish","type":"product","link":"https:\/\/whitelip.com\/tr\/uncategorized\/apres-ice-tea-peach-zero-nicotine-free\/","title":{"rendered":"Apr\u00e8s Ice Tea Peach Zero Nikotinsiz"},"content":{"rendered":"<h1 data-section-id=\"ap1ip2\" data-start=\"1\" data-end=\"50\">Apr\u00e8s Ice Tea Peach Zero Nikotinsiz<\/h1>\n<p data-section-id=\"ap3ip4\" data-start=\"52\" data-end=\"350\">Apr\u00e8s Ice Tea Peach Zero, \u0130sve\u00e7'te Apr\u00e8s Nicotine AB taraf\u0131ndan \u00fcretilen nikotin i\u00e7ermeyen ve t\u00fct\u00fcns\u00fcz ince formatl\u0131 beyaz snus'tur ve buzlu \u00e7ay ile \u015feftali tad\u0131 ta\u015f\u0131r. Nikotin, t\u00fct\u00fcn ve kafein i\u00e7ermedi\u011fi i\u00e7in bu \u00fcr\u00fcn, po\u015fet format\u0131n\u0131n tad\u0131n\u0131 almak isteyen ancak hi\u00e7bir uyar\u0131c\u0131 madde istemeyen ki\u015filer i\u00e7in benzersiz ve yaz mevsimi uygun bir tat deneyimi sunar. 2020'de kurulan Apr\u00e8s, hem po\u015fet hem de ambalaj i\u00e7in bitki bazl\u0131 materyaller kullanarak po\u015fetlerini haz\u0131rlar.<\/p>\n<h2 data-section-id=\"ap5ip6\" data-start=\"352\" data-end=\"370\">Aroma ve Format<\/h2>\n<p data-section-id=\"ap7ip8\" data-start=\"372\" data-end=\"570\">Apr\u00e8s Ice Tea Peach Zero, hafif ve ferahlat\u0131c\u0131 buzlu \u00e7ay ile tatl\u0131 \u015feftali kar\u0131\u015f\u0131m\u0131 sunarak kullan\u0131m boyunca yaz mevsimi uygun ve keyifli bir hisse verir. Narin \u00e7ay notalar\u0131n\u0131n ve olgun, sulu \u015feftali tad\u0131n\u0131n kombinasyonu, daha yayg\u0131n nane veya meyve se\u00e7eneklerinden \u00f6ne \u00e7\u0131kan belirgin ve iyi dengeli bir tat profili olu\u015fturur. Nikotin veya kafein i\u00e7ermedi\u011fi i\u00e7in, g\u00fcn\u00fcn herhangi bir saatinde lezzetli, ferahlat\u0131c\u0131 ve tamamen uyar\u0131c\u0131 i\u00e7ermeyen bir se\u00e7enek isteyenler i\u00e7in harika bir tercih olur.<\/p>\n<h2 data-section-id=\"ap9ip0\" data-start=\"572\" data-end=\"590\">Po\u015fet Format\u0131<\/h2>\n<p data-section-id=\"ap2ip5\" data-start=\"592\" data-end=\"780\">Apr\u00e8s Ice Tea Peach Zero ince formatta gelir. Her kutu, nikotin, t\u00fct\u00fcn, kafein ve dumandan tamamen ar\u0131nd\u0131r\u0131lm\u0131\u015f 20 po\u015fet i\u00e7erir. \u0130nce po\u015fet duda\u011f\u0131n alt\u0131nda ayr\u0131k ve rahat oturur, pratik ve g\u00f6ze \u00e7arpmayan bir formatta tat a\u00e7\u0131l\u0131m\u0131 sa\u011flayarak diledi\u011finiz zaman ve yerde kullan\u0131m i\u00e7in uygundur.<\/p>\n<h2 data-section-id=\"ap4ip7\" data-start=\"782\" data-end=\"796\">Apr\u00e8s Hakk\u0131nda<\/h2>\n<p data-section-id=\"ap6ip9\" data-start=\"798\" data-end=\"1050\">Apr\u00e8s 2020 y\u0131l\u0131nda kurulu\u015f ve nikotin po\u015fet segmentinde faaliyet g\u00f6stermektedir. \u00c7e\u015fitli aromalar, g\u00fc\u00e7ler ve formatlar sunmaktad\u0131r. Marka, hem po\u015fetlerin hem de ambalajlar\u0131n \u00fcretiminde bitki bazl\u0131 materyaller kullanmaktad\u0131r. Apr\u00e8s Ice Tea Peach Zero, Apr\u00e8s'in temiz, nikotinsiz bir formatta yarat\u0131c\u0131 ve ay\u0131rt edici aroma profilleri sunma hedefinin ba\u015fl\u0131ca \u00f6rne\u011fidir.<\/p>\n<table style=\"height: 235px;\" width=\"383\">\n<tbody>\n<tr>\n<td><b>Attribute<\/b><\/td>\n<td><b>Ayr\u0131nt\u0131lar<\/b><\/td>\n<\/tr>\n<tr>\n<td><b>Brand<\/b><\/td>\n<td><em><strong>Apr\u00e8s<\/strong><\/em><\/td>\n<\/tr>\n<tr>\n<td><b>Po\u015fet Format\u0131<\/b><\/td>\n<td><em><strong>\u0130nce<\/strong><\/em><\/td>\n<\/tr>\n<tr>\n<td><b>G\u00fc\u00e7<\/b><\/td>\n<td><em><strong>Nikotin \u0130\u00e7ermez<\/strong><\/em><\/td>\n<\/tr>\n<tr>\n<td><b>\u00dcretici<\/b><\/td>\n<td><em><strong>Apr\u00e8s Nicotine AB<\/strong><\/em><\/td>\n<\/tr>\n<tr>\n<td><b>Aroma<\/b><\/td>\n<td><span style=\"font-weight: 400;\">Buzlu \u00e7ay, \u015feftali<\/span><\/td>\n<\/tr>\n<tr>\n<td><b>Nikotin \u0130\u00e7eri\u011fi<\/b><\/td>\n<td><b><span style=\"font-weight: 400;\">0mg (nikotin i\u00e7ermez)<\/span><\/b><\/td>\n<\/tr>\n<tr>\n<td><b>Kutu Ba\u015f\u0131na \u0130\u00e7erik<\/b><\/td>\n<td><span style=\"font-weight: 400;\">20 po\u015fet<\/span><\/td>\n<\/tr>\n<tr>\n<td><b>Kategori<\/b><\/td>\n<td><em><strong>Nikotin \u0130\u00e7ermez<\/strong><\/em><\/td>\n<\/tr>\n<tr>\n<td><b>T\u00fcr<\/b><\/td>\n<td><b><span style=\"font-weight: 400;\">T\u00fcm beyaz po\u015fet, t\u00fct\u00fcns\u00fcz<\/span><\/b><\/td>\n<\/tr>\n<\/tbody>\n<\/table>\n<p>&nbsp;<\/p>","protected":false},"excerpt":{"rendered":"<p>Apr\u00e8s Ice Tea Peach Zero, ince formatta nikotin i\u00e7ermeyen, t\u00fct\u00fcns\u00fcz ve kafein i\u00e7ermeyen beyaz snus'tur ve buzlu \u00e7ay ile \u015feftali kar\u0131\u015f\u0131m\u0131 ferahlat\u0131c\u0131 bir tada sahiptir. Po\u015fet deneyiminin tad\u0131n\u0131 almak isteyen ancak hi\u00e7bir uyar\u0131c\u0131 madde istemeyen ki\u015filer i\u00e7in benzersiz ve yaz mevsimi uygun bir tat. Kutu ba\u015f\u0131na 20 po\u015fet, \u0130sve\u00e7'te Apr\u00e8s Nicotine AB taraf\u0131ndan \u00fcretilmi\u015ftir.<\/p>","protected":false},"featured_media":97941,"comment_status":"open","ping_status":"closed","template":"","format":[206],"meta":{"_acf_changed":false},"product_brand":[],"product_cat":[15],"product_tag":[],"flavours":[196],"nicotine":[],"class_list":{"0":"post-97934","1":"product","2":"type-product","3":"status-publish","4":"has-post-thumbnail","6":"product_cat-uncategorized","7":"pa_quantity-1-pack","8":"pa_quantity-10-pack","9":"pa_quantity-3-pack","10":"pa_quantity-30-pack","11":"pa_quantity-5-pack","12":"pa_quantity-60-pack","13":"flavours-fruits-berries","14":"format-slim","16":"first","17":"instock","18":"taxable","19":"shipping-taxable","20":"purchasable","21":"product-type-variable"},"acf":[],"_links":{"self":[{"href":"https:\/\/whitelip.com\/tr\/wp-json\/wp\/v2\/product\/97934","targetHints":{"allow":["GET"]}}],"collection":[{"href":"https:\/\/whitelip.com\/tr\/wp-json\/wp\/v2\/product"}],"about":[{"href":"https:\/\/whitelip.com\/tr\/wp-json\/wp\/v2\/types\/product"}],"replies":[{"embeddable":true,"href":"https:\/\/whitelip.com\/tr\/wp-json\/wp\/v2\/comments?post=97934"}],"wp:featuredmedia":[{"embeddable":true,"href":"https:\/\/whitelip.com\/tr\/wp-json\/wp\/v2\/media\/97941"}],"wp:attachment":[{"href":"https:\/\/whitelip.com\/tr\/wp-json\/wp\/v2\/media?parent=97934"}],"wp:term":[{"taxonomy":"product_brand","embeddable":true,"href":"https:\/\/whitelip.com\/tr\/wp-json\/wp\/v2\/product_brand?post=97934"},{"taxonomy":"product_cat","embeddable":true,"href":"https:\/\/whitelip.com\/tr\/wp-json\/wp\/v2\/product_cat?post=97934"},{"taxonomy":"product_tag","embeddable":true,"href":"https:\/\/whitelip.com\/tr\/wp-json\/wp\/v2\/product_tag?post=97934"},{"taxonomy":"flavours","embeddable":true,"href":"https:\/\/whitelip.com\/tr\/wp-json\/wp\/v2\/flavours?post=97934"},{"taxonomy":"format","embeddable":true,"href":"https:\/\/whitelip.com\/tr\/wp-json\/wp\/v2\/format?post=97934"},{"taxonomy":"nicotine","embeddable":true,"href":"https:\/\/whitelip.com\/tr\/wp-json\/wp\/v2\/nicotine?post=97934"}],"curies":[{"name":"wp","href":"https:\/\/api.w.org\/{rel}","templated":true}]}}