{"id":9776,"date":"2025-02-12T08:40:05","date_gmt":"2025-02-12T08:40:05","guid":{"rendered":"https:\/\/whitelip.com\/iceberg-black-mint-medium\/"},"modified":"2026-04-13T17:32:58","modified_gmt":"2026-04-13T17:32:58","slug":"iceberg-black-mint-medium","status":"publish","type":"product","link":"https:\/\/whitelip.com\/tr\/iceberg\/iceberg-black-mint-medium\/","title":{"rendered":"ICEBERG Siyah Nane Orta"},"content":{"rendered":"<h2><strong>ICEBERG Siyah Nane Orta<\/strong><\/h2>\n<p><span style=\"font-weight: 400;\">ICEBERG Black Mint Medium nikotin po\u015fetleri g\u00fc\u00e7l\u00fc nane aromaya ve orta nikotin i\u00e7eri\u011fine sahip tasarlanm\u0131\u015ft\u0131r, g\u00fc\u00e7l\u00fc bir deneyim arayan deneyimli kullan\u0131c\u0131lara y\u00f6nelik tasarlanm\u0131\u015ft\u0131r. Her ince format po\u015fet gram ba\u015f\u0131na 20 mg nikotin i\u00e7erir; bu da po\u015fet ba\u015f\u0131na yakla\u015f\u0131k 12 mg demektir. Po\u015fetler di\u015f lekelenmeden gizli kullan\u0131m i\u00e7in tasarlanm\u0131\u015ft\u0131r ve hareket halindeyken keyifli kullan\u0131m i\u00e7in idealdir. \u00c7a\u011fda\u015f y\u00f6ntemleri geleneksel kaliteyle harmanlamakla bilinen Polonya \u00fcreticisi Neoptolem taraf\u0131ndan \u00fcretilen bu po\u015fetler y\u00fcksek standartlar ve yenilik\u00e7i aroma kombinasyonlar\u0131n\u0131n \u00f6rne\u011fidir.<\/span><\/p>\n<table>\n<tbody>\n<tr>\n<td><b>Attribute<\/b><\/td>\n<td><b>Ayr\u0131nt\u0131lar<\/b><\/td>\n<\/tr>\n<tr>\n<td><b>10g (20 po\u015fet)<\/b><\/td>\n<td><span style=\"font-weight: 400;\">12g (20 po\u015fet)<\/span><\/td>\n<\/tr>\n<tr>\n<td><b>Nikotin i\u00e7eri\u011fi<\/b><\/td>\n<td><span style=\"font-weight: 400;\">20 mg\/g (po\u015fet ba\u015f\u0131na 12 mg)<\/span><\/td>\n<\/tr>\n<tr>\n<td><b>Po\u015fet format\u0131<\/b><\/td>\n<td><span style=\"font-weight: 400;\">\u0130nce<\/span><\/td>\n<\/tr>\n<tr>\n<td><b>\u00dcretici<\/b><\/td>\n<td><span style=\"font-weight: 400;\">Neoptolem<\/span><\/td>\n<\/tr>\n<tr>\n<td><b>Aroma<\/b><\/td>\n<td><span style=\"font-weight: 400;\">Nane<\/span><\/td>\n<\/tr>\n<tr>\n<td><b>T\u00fcr<\/b><\/td>\n<td><span style=\"font-weight: 400;\">Tamamen beyaz po\u015fet<\/span><\/td>\n<\/tr>\n<\/tbody>\n<\/table>\n<p>\u00a0<\/p>","protected":false},"excerpt":{"rendered":"<p>ICEBERG Black Mint temiz, serinletici <strong data-start=\"43\" data-end=\"57\">siyah nane<\/strong> aromaya sahip, keskin bir biti\u015f ile. <strong data-start=\"86\" data-end=\"94\">\u0130nce<\/strong> beyaz po\u015fetler duda\u011f\u0131n alt\u0131nda gizlice yerle\u015fir ve leke yapmaz. Her po\u015fet <strong data-start=\"180\" data-end=\"198\">12 mg nikotin<\/strong>, dengeli, tatmin edici bir etki sa\u011flar. T\u00fct\u00fcn i\u00e7ermez. Polonya'da Neoptolem taraf\u0131ndan \u00fcretilmi\u015ftir.<\/p>","protected":false},"featured_media":9777,"comment_status":"open","ping_status":"closed","template":"","format":[206],"meta":{"_acf_changed":false},"product_brand":[],"product_cat":[50],"product_tag":[16561],"flavours":[199],"nicotine":[218,232],"class_list":{"0":"post-9776","1":"product","2":"type-product","3":"status-publish","4":"has-post-thumbnail","6":"product_cat-iceberg","7":"product_tag-12-mg-pouch","8":"pa_quantity-1-pack","9":"pa_quantity-10-pack","10":"pa_quantity-3-pack","11":"pa_quantity-30-pack","12":"pa_quantity-5-pack","13":"pa_quantity-60-pack","14":"flavours-mint","15":"format-slim","16":"nicotine-20-mg-g","17":"nicotine-extra-strong","19":"first","20":"instock","21":"taxable","22":"shipping-taxable","23":"purchasable","24":"product-type-variable","25":"has-default-attributes"},"acf":[],"_links":{"self":[{"href":"https:\/\/whitelip.com\/tr\/wp-json\/wp\/v2\/product\/9776","targetHints":{"allow":["GET"]}}],"collection":[{"href":"https:\/\/whitelip.com\/tr\/wp-json\/wp\/v2\/product"}],"about":[{"href":"https:\/\/whitelip.com\/tr\/wp-json\/wp\/v2\/types\/product"}],"replies":[{"embeddable":true,"href":"https:\/\/whitelip.com\/tr\/wp-json\/wp\/v2\/comments?post=9776"}],"wp:featuredmedia":[{"embeddable":true,"href":"https:\/\/whitelip.com\/tr\/wp-json\/wp\/v2\/media\/9777"}],"wp:attachment":[{"href":"https:\/\/whitelip.com\/tr\/wp-json\/wp\/v2\/media?parent=9776"}],"wp:term":[{"taxonomy":"product_brand","embeddable":true,"href":"https:\/\/whitelip.com\/tr\/wp-json\/wp\/v2\/product_brand?post=9776"},{"taxonomy":"product_cat","embeddable":true,"href":"https:\/\/whitelip.com\/tr\/wp-json\/wp\/v2\/product_cat?post=9776"},{"taxonomy":"product_tag","embeddable":true,"href":"https:\/\/whitelip.com\/tr\/wp-json\/wp\/v2\/product_tag?post=9776"},{"taxonomy":"flavours","embeddable":true,"href":"https:\/\/whitelip.com\/tr\/wp-json\/wp\/v2\/flavours?post=9776"},{"taxonomy":"format","embeddable":true,"href":"https:\/\/whitelip.com\/tr\/wp-json\/wp\/v2\/format?post=9776"},{"taxonomy":"nicotine","embeddable":true,"href":"https:\/\/whitelip.com\/tr\/wp-json\/wp\/v2\/nicotine?post=9776"}],"curies":[{"name":"wp","href":"https:\/\/api.w.org\/{rel}","templated":true}]}}