{"id":97613,"date":"2026-05-08T10:28:53","date_gmt":"2026-05-08T10:28:53","guid":{"rendered":"https:\/\/whitelip.com\/?post_type=product&#038;p=97613"},"modified":"2026-05-10T02:58:39","modified_gmt":"2026-05-10T02:58:39","slug":"smogen-westcoast-berries-exp-02-24-2026","status":"publish","type":"product","link":"https:\/\/whitelip.com\/tr\/smogen\/smogen-westcoast-berries-exp-02-24-2026\/","title":{"rendered":"SM\u00d6GEN Westcoast Berries Exp.02\/24\/2026"},"content":{"rendered":"<h2>SM\u00d6GEN Westcoast Berries Exp.02\/24\/2026<\/h2>\n<p><span style=\"font-weight: 400;\">SM\u00d6GEN Westcoast Berries nikotin po\u015fetleri, \u00e7\u0131plak kayal\u0131klar\u0131n denizin ac\u0131mas\u0131z g\u00fcc\u00fcne kar\u015f\u0131 geldi\u011fi \u0130sve\u00e7'in bat\u0131 sahilinin engebeli k\u0131y\u0131 \u00e7izgisinden esinlenmi\u015ftir. Sert, r\u00fczgarla y\u0131pranan arazi ve a\u011fa\u00e7lar\u0131n neredeyse tamamen olmaymas\u0131na ra\u011fmen, Sm\u00f6gen etraf\u0131ndaki say\u0131s\u0131z k\u00fc\u00e7\u00fck adalar, adadalar ve skeler beklenmedik \u015fekilde yaban meyvesi \u00e7al\u0131lar\u0131yla zengindir. En k\u00fc\u00e7\u00fck \u00e7\u0131k\u0131nt\u0131lar bile s\u0131k s\u0131k siyah \u00e7ilek, frambuaz ve mavi \u00e7ilek a\u00e7\u0131s\u0131ndan \u015fa\u015f\u0131rt\u0131c\u0131 miktarlar verir. Bu tat, o vah\u015fi, k\u0131y\u0131sal meyvesi kar\u0131\u015f\u0131m\u0131n\u0131 yakalar \u2014 tatl\u0131, ek\u015fi ve ferah. Her ince, beyaz po\u015fet 8 mg nikotin i\u00e7ererek do\u011fal Nordic direnci tad\u0131 ile tatmin edici bir deneyim sa\u011flar. \u0130sve\u00e7'te \u00fcretilen, SM\u00d6GEN Westcoast Berries geleneksel, do\u011fa ve g\u00fcc\u00fc t\u00fct\u00fcns\u00fcz po\u015fet format\u0131nda birle\u015ftirir.<\/span><\/p>\n<table>\n<tbody>\n<tr>\n<td><b>Attribute<\/b><\/td>\n<td><b>Ayr\u0131nt\u0131lar<\/b><\/td>\n<\/tr>\n<tr>\n<td><b>10g (20 po\u015fet)<\/b><\/td>\n<td><span style=\"font-weight: 400;\">12g (20 po\u015fet)<\/span><\/td>\n<\/tr>\n<tr>\n<td><b>Nikotin i\u00e7eri\u011fi<\/b><\/td>\n<td><span style=\"font-weight: 400;\">13mg\/g (po\u015fet ba\u015f\u0131na 8 mg)<\/span><\/td>\n<\/tr>\n<tr>\n<td><b>Po\u015fet format\u0131<\/b><\/td>\n<td><span style=\"font-weight: 400;\">\u0130nce<\/span><\/td>\n<\/tr>\n<tr>\n<td><b>\u00dcretici<\/b><\/td>\n<td><span style=\"font-weight: 400;\">SM\u00d6GEN<\/span><\/td>\n<\/tr>\n<tr>\n<td><b>Aroma<\/b><\/td>\n<td><span style=\"font-weight: 400;\">Vah\u015fi meyveler (siyah \u00e7ilek, frambuaz, mavi \u00e7ilek)<\/span><\/td>\n<\/tr>\n<tr>\n<td><b>T\u00fcr<\/b><\/td>\n<td><span style=\"font-weight: 400;\">Tamamen beyaz po\u015fet<\/span><\/td>\n<\/tr>\n<\/tbody>\n<\/table>","protected":false},"excerpt":{"rendered":"<p>SM\u00d6GEN Westcoast Berries nikotin po\u015fetleri tatl\u0131, ek\u015fi <strong data-start=\"65\" data-end=\"86\">Westcoast Berries<\/strong> \u0130sve\u00e7'in d\u0131\u015f a\u00e7\u0131lar\u0131ndan esinlenen aromas\u0131. <strong data-start=\"134\" data-end=\"142\">\u0130nce<\/strong>, gizli, rahat kullan\u0131m i\u00e7in beyaz format. Her po\u015fet <strong data-start=\"212\" data-end=\"229\">8 mg nikotin<\/strong>. Do\u011fal Nordic karakteri olan ferah bir tat i\u00e7in \u0130sve\u00e7'te \u00fcretilmi\u015ftir.<\/p>","protected":false},"featured_media":3424,"comment_status":"open","ping_status":"closed","template":"","format":[],"meta":{"_acf_changed":false},"product_brand":[],"product_cat":[114],"product_tag":[17015,16583],"flavours":[],"nicotine":[],"class_list":{"0":"post-97613","1":"product","2":"type-product","3":"status-publish","4":"has-post-thumbnail","6":"product_cat-smogen","7":"product_tag-50-off","8":"product_tag-8-mg-pouch","9":"pa_quantity-1-pack","10":"pa_quantity-10-pack","11":"pa_quantity-3-pack","12":"pa_quantity-30-pack","13":"pa_quantity-5-pack","14":"pa_quantity-60-pack","16":"first","17":"instock","18":"sale","19":"taxable","20":"shipping-taxable","21":"purchasable","22":"product-type-variable"},"acf":[],"_links":{"self":[{"href":"https:\/\/whitelip.com\/tr\/wp-json\/wp\/v2\/product\/97613","targetHints":{"allow":["GET"]}}],"collection":[{"href":"https:\/\/whitelip.com\/tr\/wp-json\/wp\/v2\/product"}],"about":[{"href":"https:\/\/whitelip.com\/tr\/wp-json\/wp\/v2\/types\/product"}],"replies":[{"embeddable":true,"href":"https:\/\/whitelip.com\/tr\/wp-json\/wp\/v2\/comments?post=97613"}],"wp:featuredmedia":[{"embeddable":true,"href":"https:\/\/whitelip.com\/tr\/wp-json\/wp\/v2\/media\/3424"}],"wp:attachment":[{"href":"https:\/\/whitelip.com\/tr\/wp-json\/wp\/v2\/media?parent=97613"}],"wp:term":[{"taxonomy":"product_brand","embeddable":true,"href":"https:\/\/whitelip.com\/tr\/wp-json\/wp\/v2\/product_brand?post=97613"},{"taxonomy":"product_cat","embeddable":true,"href":"https:\/\/whitelip.com\/tr\/wp-json\/wp\/v2\/product_cat?post=97613"},{"taxonomy":"product_tag","embeddable":true,"href":"https:\/\/whitelip.com\/tr\/wp-json\/wp\/v2\/product_tag?post=97613"},{"taxonomy":"flavours","embeddable":true,"href":"https:\/\/whitelip.com\/tr\/wp-json\/wp\/v2\/flavours?post=97613"},{"taxonomy":"format","embeddable":true,"href":"https:\/\/whitelip.com\/tr\/wp-json\/wp\/v2\/format?post=97613"},{"taxonomy":"nicotine","embeddable":true,"href":"https:\/\/whitelip.com\/tr\/wp-json\/wp\/v2\/nicotine?post=97613"}],"curies":[{"name":"wp","href":"https:\/\/api.w.org\/{rel}","templated":true}]}}