{"id":9761,"date":"2025-02-12T08:40:08","date_gmt":"2025-02-12T08:40:08","guid":{"rendered":"https:\/\/whitelip.com\/iceberg-mango-banana-medium\/"},"modified":"2026-05-06T10:11:18","modified_gmt":"2026-05-06T10:11:18","slug":"iceberg-mango-banana-medium","status":"publish","type":"product","link":"https:\/\/whitelip.com\/tr\/iceberg\/iceberg-mango-banana-medium\/","title":{"rendered":"ICEBERG Mango Banana Medium"},"content":{"rendered":"<h2><strong>ICEBERG Mango Banana Medium<\/strong><\/h2>\n<p><span style=\"font-weight: 400;\">ICEBERG Mango Banana Medium nikotin po\u015fetleri, g\u00fc\u00e7l\u00fc mango ve muz tad\u0131 ile orta nikotin i\u00e7eri\u011fi sunar ve g\u00fc\u00e7l\u00fc bir deneyim arayan deneyimli kullan\u0131c\u0131lar\u0131 kar\u015f\u0131lar. Her ince format po\u015fet, gram ba\u015f\u0131na 20 mg nikotin i\u00e7erir ve po\u015fet ba\u015f\u0131na yakla\u015f\u0131k 12 mg ile sonu\u00e7lan\u0131r. Po\u015fetler di\u015fleri leklemeden ayr\u0131k kullan\u0131m i\u00e7in tasarlanm\u0131\u015ft\u0131r ve hareket halinde kullan\u0131m i\u00e7in idealdir. Polonya \u00fcreticisi Neoptolem taraf\u0131ndan \u00fcretilen ve \u00e7a\u011fda\u015f y\u00f6ntemleri geleneksel kalite ile birle\u015ftirmesiyle bilinen bu po\u015fetler, y\u00fcksek standartlar\u0131 ve yenilik\u00e7i tat kombinasyonlar\u0131n\u0131 \u00f6rneklendirir.<\/span><\/p>\n<table>\n<tbody>\n<tr>\n<td><b>Attribute<\/b><\/td>\n<td><b>Ayr\u0131nt\u0131lar<\/b><\/td>\n<\/tr>\n<tr>\n<td><b>10g (20 po\u015fet)<\/b><\/td>\n<td><span style=\"font-weight: 400;\">12g (20 po\u015fet)<\/span><\/td>\n<\/tr>\n<tr>\n<td><b>Nikotin i\u00e7eri\u011fi<\/b><\/td>\n<td><span style=\"font-weight: 400;\">20 mg\/g (po\u015fet ba\u015f\u0131na 12 mg)<\/span><\/td>\n<\/tr>\n<tr>\n<td><b>Po\u015fet format\u0131<\/b><\/td>\n<td><span style=\"font-weight: 400;\">\u0130nce<\/span><\/td>\n<\/tr>\n<tr>\n<td><b>\u00dcretici<\/b><\/td>\n<td><span style=\"font-weight: 400;\">Neoptolem<\/span><\/td>\n<\/tr>\n<tr>\n<td><b>Aroma<\/b><\/td>\n<td><span style=\"font-weight: 400;\">Mango ve muz<\/span><\/td>\n<\/tr>\n<tr>\n<td><b>T\u00fcr<\/b><\/td>\n<td><span style=\"font-weight: 400;\">Tamamen beyaz po\u015fet<\/span><\/td>\n<\/tr>\n<\/tbody>\n<\/table>","protected":false},"excerpt":{"rendered":"<p>ICEBERG Mango Banana, d\u00fczg\u00fcn, tropikal <strong data-start=\"47\" data-end=\"63\">mango banana<\/strong> kar\u0131\u015f\u0131m\u0131 sunar ve tatl\u0131, kremsi notalarla. <strong data-start=\"96\" data-end=\"104\">\u0130nce<\/strong> beyaz po\u015fetler duda\u011f\u0131n alt\u0131nda gizlice yerle\u015fir ve leke yapmaz. Her po\u015fet <strong data-start=\"190\" data-end=\"208\">12 mg nikotin<\/strong>, dengeli, tatmin edici bir etki sa\u011flar. T\u00fct\u00fcn i\u00e7ermez. Polonya'da Neoptolem taraf\u0131ndan \u00fcretilmi\u015ftir.<\/p>","protected":false},"featured_media":9762,"comment_status":"open","ping_status":"closed","template":"","format":[206],"meta":{"_acf_changed":false},"product_brand":[],"product_cat":[50],"product_tag":[16561],"flavours":[196],"nicotine":[218,232],"class_list":{"0":"post-9761","1":"product","2":"type-product","3":"status-publish","4":"has-post-thumbnail","6":"product_cat-iceberg","7":"product_tag-12-mg-pouch","8":"pa_quantity-1-pack","9":"pa_quantity-10-pack","10":"pa_quantity-3-pack","11":"pa_quantity-30-pack","12":"pa_quantity-5-pack","13":"pa_quantity-60-pack","14":"flavours-fruits-berries","15":"format-slim","16":"nicotine-20-mg-g","17":"nicotine-extra-strong","19":"first","20":"instock","21":"taxable","22":"shipping-taxable","23":"purchasable","24":"product-type-variable"},"acf":[],"_links":{"self":[{"href":"https:\/\/whitelip.com\/tr\/wp-json\/wp\/v2\/product\/9761","targetHints":{"allow":["GET"]}}],"collection":[{"href":"https:\/\/whitelip.com\/tr\/wp-json\/wp\/v2\/product"}],"about":[{"href":"https:\/\/whitelip.com\/tr\/wp-json\/wp\/v2\/types\/product"}],"replies":[{"embeddable":true,"href":"https:\/\/whitelip.com\/tr\/wp-json\/wp\/v2\/comments?post=9761"}],"wp:featuredmedia":[{"embeddable":true,"href":"https:\/\/whitelip.com\/tr\/wp-json\/wp\/v2\/media\/9762"}],"wp:attachment":[{"href":"https:\/\/whitelip.com\/tr\/wp-json\/wp\/v2\/media?parent=9761"}],"wp:term":[{"taxonomy":"product_brand","embeddable":true,"href":"https:\/\/whitelip.com\/tr\/wp-json\/wp\/v2\/product_brand?post=9761"},{"taxonomy":"product_cat","embeddable":true,"href":"https:\/\/whitelip.com\/tr\/wp-json\/wp\/v2\/product_cat?post=9761"},{"taxonomy":"product_tag","embeddable":true,"href":"https:\/\/whitelip.com\/tr\/wp-json\/wp\/v2\/product_tag?post=9761"},{"taxonomy":"flavours","embeddable":true,"href":"https:\/\/whitelip.com\/tr\/wp-json\/wp\/v2\/flavours?post=9761"},{"taxonomy":"format","embeddable":true,"href":"https:\/\/whitelip.com\/tr\/wp-json\/wp\/v2\/format?post=9761"},{"taxonomy":"nicotine","embeddable":true,"href":"https:\/\/whitelip.com\/tr\/wp-json\/wp\/v2\/nicotine?post=9761"}],"curies":[{"name":"wp","href":"https:\/\/api.w.org\/{rel}","templated":true}]}}