{"id":97590,"date":"2026-05-08T10:13:29","date_gmt":"2026-05-08T10:13:29","guid":{"rendered":"https:\/\/whitelip.com\/?post_type=product&#038;p=97590"},"modified":"2026-05-09T10:11:29","modified_gmt":"2026-05-09T10:11:29","slug":"killa-grape-ice-exp-05-16-2026","status":"publish","type":"product","link":"https:\/\/whitelip.com\/tr\/killa\/killa-grape-ice-exp-05-16-2026\/","title":{"rendered":"KILLA Grape Ice Exp.05\/16\/2026"},"content":{"rendered":"<h2>KILLA Grape Ice Exp.05\/16\/2026<\/h2>\n<p><span style=\"font-weight: 400;\">KILLA Grape Ice nikotin po\u015fetleri, tatl\u0131 \u00fcz\u00fcm aromas\u0131 ve serinletici mentol hissinin ferah bir kar\u0131\u015f\u0131m\u0131n\u0131 sunarak benzersiz ve canland\u0131r\u0131c\u0131 bir deneyim sa\u011flar. Sa\u011flam nikotin darbesi arayan kullan\u0131c\u0131lar i\u00e7in tasarlanan bu t\u00fct\u00fcns\u00fcz po\u015fetler, geleneksel nikotin \u00fcr\u00fcnlerine ayr\u0131k ve uygun bir alternatif sunar. \u0130nce format duda\u011f\u0131n alt\u0131na rahat bir oturu\u015f sa\u011flar ve her zaman, her yerde kullan\u0131m olana\u011f\u0131 verir. KILLA Grape Ice, benzersiz tad\u0131 ve g\u00fc\u00e7l\u00fc etkisiyle nikotin po\u015feti merakl\u0131lar\u0131 aras\u0131nda pop\u00fcler bir tercih olarak \u00f6ne \u00e7\u0131kar.<\/span><\/p>\n<table>\n<tbody>\n<tr>\n<td><b>Attribute<\/b><\/td>\n<td><b>Ayr\u0131nt\u0131lar<\/b><\/td>\n<\/tr>\n<tr>\n<td><span style=\"font-weight: 400;\">Kutu Ba\u015f\u0131na \u0130\u00e7erik<\/span><\/td>\n<td><span style=\"font-weight: 400;\">14g (20 paket)<\/span><\/td>\n<\/tr>\n<tr>\n<td><span style=\"font-weight: 400;\">Nikotin \u0130\u00e7eri\u011fi<\/span><\/td>\n<td><span style=\"font-weight: 400;\">16 mg\/g (po\u015fet ba\u015f\u0131na 11,2 mg)<\/span><\/td>\n<\/tr>\n<tr>\n<td><span style=\"font-weight: 400;\">Po\u015fet Format\u0131<\/span><\/td>\n<td><span style=\"font-weight: 400;\">\u0130nce<\/span><\/td>\n<\/tr>\n<tr>\n<td><span style=\"font-weight: 400;\">\u00dcretici<\/span><\/td>\n<td><span style=\"font-weight: 400;\">N.G.P Empire<\/span><\/td>\n<\/tr>\n<tr>\n<td><span style=\"font-weight: 400;\">Aroma<\/span><\/td>\n<td><span style=\"font-weight: 400;\">\u00dcz\u00fcm ve Mentol<\/span><\/td>\n<\/tr>\n<tr>\n<td><span style=\"font-weight: 400;\">T\u00fcr<\/span><\/td>\n<td><span style=\"font-weight: 400;\">T\u00fcm beyaz po\u015fet, t\u00fct\u00fcns\u00fcz<\/span><\/td>\n<\/tr>\n<\/tbody>\n<\/table>","protected":false},"excerpt":{"rendered":"<p>Tazeleyici <strong data-start=\"11\" data-end=\"24\">grape ice<\/strong> tatl\u0131 \u00fcz\u00fcm\u00fc serinletici mentol hissiyle harmanlanm\u0131\u015f. <strong data-start=\"76\" data-end=\"84\">\u0130nce<\/strong>, t\u00fct\u00fcns\u00fcz po\u015fetler duda\u011f\u0131n alt\u0131nda gizli kalarak istedi\u011finiz zaman kullan\u0131labilir. Her po\u015fet i\u00e7erir <strong data-start=\"184\" data-end=\"204\">11.2 mg nikotin<\/strong>g\u00fc\u00e7l\u00fc ve canland\u0131r\u0131c\u0131 bir deneyim sunar.<\/p>","protected":false},"featured_media":97597,"comment_status":"open","ping_status":"closed","template":"","format":[],"meta":{"_acf_changed":false},"product_brand":[],"product_cat":[64],"product_tag":[16577,17015],"flavours":[],"nicotine":[],"class_list":{"0":"post-97590","1":"product","2":"type-product","3":"status-publish","4":"has-post-thumbnail","6":"product_cat-killa","7":"product_tag-11-2-mg-pouch","8":"product_tag-50-off","9":"pa_quantity-1-pack","10":"pa_quantity-10-pack","11":"pa_quantity-3-pack","12":"pa_quantity-30-pack","13":"pa_quantity-5-pack","14":"pa_quantity-60-pack","16":"first","17":"instock","18":"sale","19":"taxable","20":"shipping-taxable","21":"purchasable","22":"product-type-variable"},"acf":[],"_links":{"self":[{"href":"https:\/\/whitelip.com\/tr\/wp-json\/wp\/v2\/product\/97590","targetHints":{"allow":["GET"]}}],"collection":[{"href":"https:\/\/whitelip.com\/tr\/wp-json\/wp\/v2\/product"}],"about":[{"href":"https:\/\/whitelip.com\/tr\/wp-json\/wp\/v2\/types\/product"}],"replies":[{"embeddable":true,"href":"https:\/\/whitelip.com\/tr\/wp-json\/wp\/v2\/comments?post=97590"}],"wp:featuredmedia":[{"embeddable":true,"href":"https:\/\/whitelip.com\/tr\/wp-json\/wp\/v2\/media\/97597"}],"wp:attachment":[{"href":"https:\/\/whitelip.com\/tr\/wp-json\/wp\/v2\/media?parent=97590"}],"wp:term":[{"taxonomy":"product_brand","embeddable":true,"href":"https:\/\/whitelip.com\/tr\/wp-json\/wp\/v2\/product_brand?post=97590"},{"taxonomy":"product_cat","embeddable":true,"href":"https:\/\/whitelip.com\/tr\/wp-json\/wp\/v2\/product_cat?post=97590"},{"taxonomy":"product_tag","embeddable":true,"href":"https:\/\/whitelip.com\/tr\/wp-json\/wp\/v2\/product_tag?post=97590"},{"taxonomy":"flavours","embeddable":true,"href":"https:\/\/whitelip.com\/tr\/wp-json\/wp\/v2\/flavours?post=97590"},{"taxonomy":"format","embeddable":true,"href":"https:\/\/whitelip.com\/tr\/wp-json\/wp\/v2\/format?post=97590"},{"taxonomy":"nicotine","embeddable":true,"href":"https:\/\/whitelip.com\/tr\/wp-json\/wp\/v2\/nicotine?post=97590"}],"curies":[{"name":"wp","href":"https:\/\/api.w.org\/{rel}","templated":true}]}}