{"id":97536,"date":"2026-05-08T09:51:51","date_gmt":"2026-05-08T09:51:51","guid":{"rendered":"https:\/\/whitelip.com\/?post_type=product&#038;p=97536"},"modified":"2026-05-09T10:11:28","modified_gmt":"2026-05-09T10:11:28","slug":"killa-watermelon-exp-05-15-2026","status":"publish","type":"product","link":"https:\/\/whitelip.com\/tr\/killa\/killa-watermelon-exp-05-15-2026\/","title":{"rendered":"KILLA Watermelon Exp.05\/15\/2026"},"content":{"rendered":"<h2>KILLA Watermelon Exp.05\/15\/2026<\/h2>\n<p><span style=\"font-weight: 400;\">KILLA Watermelon nikotin po\u015fetleri, ferah bir tatl\u0131 watermelon aromas\u0131 sunar ve g\u00fc\u00e7l\u00fc nikotin etkisi arayan kullan\u0131c\u0131lar i\u00e7in tatmin edici bir deneyim sa\u011flar. Bu t\u00fct\u00fcns\u00fcz, ince formatl\u0131 po\u015fetler gizli ve pratik kullan\u0131m i\u00e7in tasarlanm\u0131\u015f olup, hareket halindeyken kullan\u0131m i\u00e7in ideal. Ger\u00e7ek watermelon aromas\u0131 ve tad\u0131, d\u00fczenli kullan\u0131c\u0131lar i\u00e7in uygun dengeli nikotin kuvveti ile birlikte ho\u015f bir duyusal deneyim sa\u011flar.<\/span><\/p>\n<table>\n<tbody>\n<tr>\n<td><b>Attribute<\/b><\/td>\n<td><b>Ayr\u0131nt\u0131lar<\/b><\/td>\n<\/tr>\n<tr>\n<td><span style=\"font-weight: 400;\">Kutu Ba\u015f\u0131na \u0130\u00e7erik<\/span><\/td>\n<td><span style=\"font-weight: 400;\">14g (20 paket)<\/span><\/td>\n<\/tr>\n<tr>\n<td><span style=\"font-weight: 400;\">Nikotin \u0130\u00e7eri\u011fi<\/span><\/td>\n<td><span style=\"font-weight: 400;\">16 mg\/g (po\u015fet ba\u015f\u0131na 11,2 mg)<\/span><\/td>\n<\/tr>\n<tr>\n<td><span style=\"font-weight: 400;\">Po\u015fet Format\u0131<\/span><\/td>\n<td><span style=\"font-weight: 400;\">\u0130nce<\/span><\/td>\n<\/tr>\n<tr>\n<td><span style=\"font-weight: 400;\">\u00dcretici<\/span><\/td>\n<td><span style=\"font-weight: 400;\">NGP<\/span><\/td>\n<\/tr>\n<tr>\n<td><span style=\"font-weight: 400;\">Aroma<\/span><\/td>\n<td><span style=\"font-weight: 400;\">Karpuz<\/span><\/td>\n<\/tr>\n<tr>\n<td><span style=\"font-weight: 400;\">T\u00fcr<\/span><\/td>\n<td><span style=\"font-weight: 400;\">T\u00fcm beyaz po\u015fet, t\u00fct\u00fcns\u00fcz<\/span><\/td>\n<\/tr>\n<\/tbody>\n<\/table>","protected":false},"excerpt":{"rendered":"<p class=\"sr-only\"><span style=\"font-size: 16px;\">Ferahlat\u0131c\u0131, tatl\u0131 <\/span><strong style=\"font-size: 16px;\" data-start=\"18\" data-end=\"32\">karpuz<\/strong><span style=\"font-size: 16px;\"> temiz, tatmin edici bir kald\u0131rma i\u00e7in. <\/span><strong style=\"font-size: 16px;\" data-start=\"63\" data-end=\"71\">\u0130nce<\/strong><span style=\"font-size: 16px;\">, t\u00fct\u00fcns\u00fcz po\u015fetler pratik, hareket halindeyken kullan\u0131m i\u00e7in duda\u011f\u0131n alt\u0131na gizlice oturur. Ger\u00e7ek aroma ve tat, d\u00fczenli kullan\u0131c\u0131lar i\u00e7in uygun dengeli bir kuvvetle. Her po\u015fet i\u00e7erir <\/span><strong style=\"font-size: 16px;\" data-start=\"253\" data-end=\"273\">11.2 mg nikotin<\/strong><span style=\"font-size: 16px;\"> g\u00fc\u00e7l\u00fc, keyifli bir deneyim i\u00e7in.<\/span><\/p>","protected":false},"featured_media":97543,"comment_status":"open","ping_status":"closed","template":"","format":[],"meta":{"_acf_changed":false},"product_brand":[],"product_cat":[64],"product_tag":[16577,17015],"flavours":[],"nicotine":[],"class_list":{"0":"post-97536","1":"product","2":"type-product","3":"status-publish","4":"has-post-thumbnail","6":"product_cat-killa","7":"product_tag-11-2-mg-pouch","8":"product_tag-50-off","9":"pa_quantity-1-pack","10":"pa_quantity-10-pack","11":"pa_quantity-3-pack","12":"pa_quantity-30-pack","13":"pa_quantity-5-pack","14":"pa_quantity-60-pack","16":"first","17":"instock","18":"sale","19":"taxable","20":"shipping-taxable","21":"purchasable","22":"product-type-variable"},"acf":[],"_links":{"self":[{"href":"https:\/\/whitelip.com\/tr\/wp-json\/wp\/v2\/product\/97536","targetHints":{"allow":["GET"]}}],"collection":[{"href":"https:\/\/whitelip.com\/tr\/wp-json\/wp\/v2\/product"}],"about":[{"href":"https:\/\/whitelip.com\/tr\/wp-json\/wp\/v2\/types\/product"}],"replies":[{"embeddable":true,"href":"https:\/\/whitelip.com\/tr\/wp-json\/wp\/v2\/comments?post=97536"}],"wp:featuredmedia":[{"embeddable":true,"href":"https:\/\/whitelip.com\/tr\/wp-json\/wp\/v2\/media\/97543"}],"wp:attachment":[{"href":"https:\/\/whitelip.com\/tr\/wp-json\/wp\/v2\/media?parent=97536"}],"wp:term":[{"taxonomy":"product_brand","embeddable":true,"href":"https:\/\/whitelip.com\/tr\/wp-json\/wp\/v2\/product_brand?post=97536"},{"taxonomy":"product_cat","embeddable":true,"href":"https:\/\/whitelip.com\/tr\/wp-json\/wp\/v2\/product_cat?post=97536"},{"taxonomy":"product_tag","embeddable":true,"href":"https:\/\/whitelip.com\/tr\/wp-json\/wp\/v2\/product_tag?post=97536"},{"taxonomy":"flavours","embeddable":true,"href":"https:\/\/whitelip.com\/tr\/wp-json\/wp\/v2\/flavours?post=97536"},{"taxonomy":"format","embeddable":true,"href":"https:\/\/whitelip.com\/tr\/wp-json\/wp\/v2\/format?post=97536"},{"taxonomy":"nicotine","embeddable":true,"href":"https:\/\/whitelip.com\/tr\/wp-json\/wp\/v2\/nicotine?post=97536"}],"curies":[{"name":"wp","href":"https:\/\/api.w.org\/{rel}","templated":true}]}}