{"id":97514,"date":"2026-05-08T09:31:35","date_gmt":"2026-05-08T09:31:35","guid":{"rendered":"https:\/\/whitelip.com\/?post_type=product&#038;p=97514"},"modified":"2026-05-09T10:11:28","modified_gmt":"2026-05-09T10:11:28","slug":"iceberg-cherry-apricot-gum-extreme-exp-05-06-2026","status":"publish","type":"product","link":"https:\/\/whitelip.com\/tr\/iceberg\/iceberg-cherry-apricot-gum-extreme-exp-05-06-2026\/","title":{"rendered":"ICEBERG Cherry Apricot Gum Extreme Exp.05\/06\/2026"},"content":{"rendered":"<h2>ICEBERG Cherry Apricot Gum Extreme Exp.05\/06\/2026<\/h2>\n<p><span style=\"font-weight: 400;\">ICEBERG Cherry Apricot Gum Extreme nikotin po\u015fetleri kiraz\u0131n cesur tatl\u0131l\u0131\u011f\u0131n\u0131 kay\u0131s\u0131n\u0131n ince ek\u015fili\u011fi ile birle\u015ftirerek p\u00fcr\u00fczs\u00fcz bir sak\u0131z etkisiyle bitir. Bu benzersiz tat profili, deneyimli kullan\u0131c\u0131lar i\u00e7in m\u00fckemmel olan yo\u011fun nikotin tepmesiyle e\u015fle\u015ftirilmi\u015f lezzetli ve meyveli bir deneyim sunar. Bu ince, t\u00fct\u00fcn i\u00e7ermeyen po\u015fetler ayr\u0131k ve uygun kullan\u0131m i\u00e7in tasarlanm\u0131\u015f olup, yolda olanlar i\u00e7in lezzetli ve g\u00fc\u00e7l\u00fc bir nikotin se\u00e7ene\u011fi sa\u011flar.<\/span><\/p>\n<table>\n<tbody>\n<tr>\n<td><b>Attribute<\/b><\/td>\n<td><b>Ayr\u0131nt\u0131lar<\/b><\/td>\n<\/tr>\n<tr>\n<td><span style=\"font-weight: 400;\">Kutu Ba\u015f\u0131na \u0130\u00e7erik<\/span><\/td>\n<td><span style=\"font-weight: 400;\">12g (20 po\u015fet)<\/span><\/td>\n<\/tr>\n<tr>\n<td><span style=\"font-weight: 400;\">Nikotin \u0130\u00e7eri\u011fi<\/span><\/td>\n<td><span style=\"font-weight: 400;\">50 mg\/g (po\u015fet ba\u015f\u0131na 35 mg)<\/span><\/td>\n<\/tr>\n<tr>\n<td><span style=\"font-weight: 400;\">Po\u015fet Format\u0131<\/span><\/td>\n<td><span style=\"font-weight: 400;\">\u0130nce<\/span><\/td>\n<\/tr>\n<tr>\n<td><span style=\"font-weight: 400;\">\u00dcretici<\/span><\/td>\n<td><span style=\"font-weight: 400;\">ICEBERG<\/span><\/td>\n<\/tr>\n<tr>\n<td><span style=\"font-weight: 400;\">Aroma<\/span><\/td>\n<td><span style=\"font-weight: 400;\">Kiraz Kay\u0131s\u0131 Sak\u0131z<\/span><\/td>\n<\/tr>\n<tr>\n<td><span style=\"font-weight: 400;\">T\u00fcr<\/span><\/td>\n<td><span style=\"font-weight: 400;\">T\u00fcm beyaz po\u015fet, t\u00fct\u00fcns\u00fcz<\/span><\/td>\n<\/tr>\n<\/tbody>\n<\/table>","protected":false},"excerpt":{"rendered":"<p><span style=\"font-weight: 400;\">ICEBERG Cherry Apricot Gum Extreme nikotin po\u015fetleri kiraz\u0131n cesur tatl\u0131l\u0131\u011f\u0131n\u0131 kay\u0131s\u0131n\u0131n ince ek\u015fili\u011fi ile birle\u015ftirerek p\u00fcr\u00fczs\u00fcz bir sak\u0131z etkisiyle bitir. Bu benzersiz tat profili, deneyimli kullan\u0131c\u0131lar i\u00e7in m\u00fckemmel olan yo\u011fun nikotin tepmesiyle e\u015fle\u015ftirilmi\u015f lezzetli ve meyveli bir deneyim sunar. Bu ince, t\u00fct\u00fcn i\u00e7ermeyen po\u015fetler ayr\u0131k ve uygun kullan\u0131m i\u00e7in tasarlanm\u0131\u015f olup, yolda olanlar i\u00e7in lezzetli ve g\u00fc\u00e7l\u00fc bir nikotin se\u00e7ene\u011fi sa\u011flar.<\/span><\/p>","protected":false},"featured_media":8043,"comment_status":"open","ping_status":"closed","template":"","format":[],"meta":{"_acf_changed":false},"product_brand":[],"product_cat":[50],"product_tag":[16603,17015],"flavours":[],"nicotine":[],"class_list":{"0":"post-97514","1":"product","2":"type-product","3":"status-publish","4":"has-post-thumbnail","6":"product_cat-iceberg","7":"product_tag-35-mg-pouch","8":"product_tag-50-off","9":"pa_quantity-1-pack","10":"pa_quantity-10-pack","11":"pa_quantity-3-pack","12":"pa_quantity-30-pack","13":"pa_quantity-5-pack","14":"pa_quantity-60-pack","16":"first","17":"instock","18":"sale","19":"taxable","20":"shipping-taxable","21":"purchasable","22":"product-type-variable"},"acf":[],"_links":{"self":[{"href":"https:\/\/whitelip.com\/tr\/wp-json\/wp\/v2\/product\/97514","targetHints":{"allow":["GET"]}}],"collection":[{"href":"https:\/\/whitelip.com\/tr\/wp-json\/wp\/v2\/product"}],"about":[{"href":"https:\/\/whitelip.com\/tr\/wp-json\/wp\/v2\/types\/product"}],"replies":[{"embeddable":true,"href":"https:\/\/whitelip.com\/tr\/wp-json\/wp\/v2\/comments?post=97514"}],"wp:featuredmedia":[{"embeddable":true,"href":"https:\/\/whitelip.com\/tr\/wp-json\/wp\/v2\/media\/8043"}],"wp:attachment":[{"href":"https:\/\/whitelip.com\/tr\/wp-json\/wp\/v2\/media?parent=97514"}],"wp:term":[{"taxonomy":"product_brand","embeddable":true,"href":"https:\/\/whitelip.com\/tr\/wp-json\/wp\/v2\/product_brand?post=97514"},{"taxonomy":"product_cat","embeddable":true,"href":"https:\/\/whitelip.com\/tr\/wp-json\/wp\/v2\/product_cat?post=97514"},{"taxonomy":"product_tag","embeddable":true,"href":"https:\/\/whitelip.com\/tr\/wp-json\/wp\/v2\/product_tag?post=97514"},{"taxonomy":"flavours","embeddable":true,"href":"https:\/\/whitelip.com\/tr\/wp-json\/wp\/v2\/flavours?post=97514"},{"taxonomy":"format","embeddable":true,"href":"https:\/\/whitelip.com\/tr\/wp-json\/wp\/v2\/format?post=97514"},{"taxonomy":"nicotine","embeddable":true,"href":"https:\/\/whitelip.com\/tr\/wp-json\/wp\/v2\/nicotine?post=97514"}],"curies":[{"name":"wp","href":"https:\/\/api.w.org\/{rel}","templated":true}]}}