{"id":9746,"date":"2025-02-12T08:40:10","date_gmt":"2025-02-12T08:40:10","guid":{"rendered":"https:\/\/whitelip.com\/iceberg-cherry-apricot-gum-medium\/"},"modified":"2026-05-06T17:40:09","modified_gmt":"2026-05-06T17:40:09","slug":"iceberg-cherry-apricot-gum-medium","status":"publish","type":"product","link":"https:\/\/whitelip.com\/tr\/iceberg\/iceberg-cherry-apricot-gum-medium\/","title":{"rendered":"ICEBERG Kiraz Kay\u0131s\u0131 Sak\u0131z Orta"},"content":{"rendered":"<h2><strong>ICEBERG Kiraz Kay\u0131s\u0131 Sak\u0131z Orta<\/strong><\/h2>\n<p><span style=\"font-weight: 400;\">ICEBERG Cherry Apricot Gum Medium nikotin po\u015fetleri g\u00fc\u00e7l\u00fc kiraz ve kay\u0131s\u0131 tad\u0131 ve orta nikotin i\u00e7eri\u011fi sunar, g\u00fc\u00e7l\u00fc bir deneyim arayan deneyimli kullan\u0131c\u0131lar\u0131 hedefler. Her ince format po\u015fet gram ba\u015f\u0131na 20 mg nikotin i\u00e7erir, bu da po\u015fet ba\u015f\u0131na yakla\u015f\u0131k 12 mg'a e\u015fittir. Po\u015fetler ayr\u0131k kullan\u0131m i\u00e7in tasarlanm\u0131\u015f olup di\u015fleri leklemez, bu da onlar\u0131 yolda kullan\u0131m\u0131 i\u00e7in ideal k\u0131lar. Polonyal\u0131 \u00fcretici Neoptolem taraf\u0131ndan \u00fcretilen bu po\u015fetler, \u00e7a\u011fda\u015f y\u00f6ntemleri geleneksel kalite ile harmanlad\u0131\u011f\u0131yla bilinir ve y\u00fcksek standartlar ile yenilik\u00e7i tat kombinasyonlar\u0131n\u0131n \u00f6rne\u011fi niteli\u011findedir.<\/span><\/p>\n<table>\n<tbody>\n<tr>\n<td><b>Attribute<\/b><\/td>\n<td><b>Ayr\u0131nt\u0131lar<\/b><\/td>\n<\/tr>\n<tr>\n<td><b>10g (20 po\u015fet)<\/b><\/td>\n<td><span style=\"font-weight: 400;\">12g (20 po\u015fet)<\/span><\/td>\n<\/tr>\n<tr>\n<td><b>Nikotin i\u00e7eri\u011fi<\/b><\/td>\n<td><span style=\"font-weight: 400;\">20 mg\/g (po\u015fet ba\u015f\u0131na 12 mg)<\/span><\/td>\n<\/tr>\n<tr>\n<td><b>Po\u015fet format\u0131<\/b><\/td>\n<td><span style=\"font-weight: 400;\">\u0130nce<\/span><\/td>\n<\/tr>\n<tr>\n<td><b>\u00dcretici<\/b><\/td>\n<td><span style=\"font-weight: 400;\">Neoptolem<\/span><\/td>\n<\/tr>\n<tr>\n<td><b>Aroma<\/b><\/td>\n<td><span style=\"font-weight: 400;\">Kiraz ve kay\u0131s\u0131<\/span><\/td>\n<\/tr>\n<tr>\n<td><b>T\u00fcr<\/b><\/td>\n<td><span style=\"font-weight: 400;\">Tamamen beyaz po\u015fet<\/span><\/td>\n<\/tr>\n<\/tbody>\n<\/table>\n<p>\u00a0<\/p>","protected":false},"excerpt":{"rendered":"<p>ICEBERG Cherry Apricot Gum tatl\u0131-ek\u015fi <strong data-start=\"47\" data-end=\"69\">kiraz kay\u0131s\u0131 sak\u0131z\u0131<\/strong> tad\u0131n\u0131 oyuncu, \u015feker benzeri bir profil ile sunar. <strong data-start=\"113\" data-end=\"121\">\u0130nce<\/strong> beyaz po\u015fetler duda\u011f\u0131n alt\u0131nda gizlice yerle\u015fir ve leke yapmaz. Her po\u015fet <strong data-start=\"207\" data-end=\"225\">12 mg nikotin<\/strong>, dengeli bir hit sunar. T\u00fct\u00fcn i\u00e7ermez. Polonyal\u0131 Neoptolem taraf\u0131ndan \u00fcretilir.<\/p>","protected":false},"featured_media":9747,"comment_status":"open","ping_status":"closed","template":"","format":[206],"meta":{"_acf_changed":false},"product_brand":[],"product_cat":[50],"product_tag":[16561],"flavours":[196],"nicotine":[218,232],"class_list":{"0":"post-9746","1":"product","2":"type-product","3":"status-publish","4":"has-post-thumbnail","6":"product_cat-iceberg","7":"product_tag-12-mg-pouch","8":"pa_quantity-1-pack","9":"pa_quantity-10-pack","10":"pa_quantity-3-pack","11":"pa_quantity-30-pack","12":"pa_quantity-5-pack","13":"pa_quantity-60-pack","14":"flavours-fruits-berries","15":"format-slim","16":"nicotine-20-mg-g","17":"nicotine-extra-strong","19":"first","20":"instock","21":"taxable","22":"shipping-taxable","23":"purchasable","24":"product-type-variable","25":"has-default-attributes"},"acf":[],"_links":{"self":[{"href":"https:\/\/whitelip.com\/tr\/wp-json\/wp\/v2\/product\/9746","targetHints":{"allow":["GET"]}}],"collection":[{"href":"https:\/\/whitelip.com\/tr\/wp-json\/wp\/v2\/product"}],"about":[{"href":"https:\/\/whitelip.com\/tr\/wp-json\/wp\/v2\/types\/product"}],"replies":[{"embeddable":true,"href":"https:\/\/whitelip.com\/tr\/wp-json\/wp\/v2\/comments?post=9746"}],"wp:featuredmedia":[{"embeddable":true,"href":"https:\/\/whitelip.com\/tr\/wp-json\/wp\/v2\/media\/9747"}],"wp:attachment":[{"href":"https:\/\/whitelip.com\/tr\/wp-json\/wp\/v2\/media?parent=9746"}],"wp:term":[{"taxonomy":"product_brand","embeddable":true,"href":"https:\/\/whitelip.com\/tr\/wp-json\/wp\/v2\/product_brand?post=9746"},{"taxonomy":"product_cat","embeddable":true,"href":"https:\/\/whitelip.com\/tr\/wp-json\/wp\/v2\/product_cat?post=9746"},{"taxonomy":"product_tag","embeddable":true,"href":"https:\/\/whitelip.com\/tr\/wp-json\/wp\/v2\/product_tag?post=9746"},{"taxonomy":"flavours","embeddable":true,"href":"https:\/\/whitelip.com\/tr\/wp-json\/wp\/v2\/flavours?post=9746"},{"taxonomy":"format","embeddable":true,"href":"https:\/\/whitelip.com\/tr\/wp-json\/wp\/v2\/format?post=9746"},{"taxonomy":"nicotine","embeddable":true,"href":"https:\/\/whitelip.com\/tr\/wp-json\/wp\/v2\/nicotine?post=9746"}],"curies":[{"name":"wp","href":"https:\/\/api.w.org\/{rel}","templated":true}]}}