{"id":9721,"date":"2025-02-12T08:40:13","date_gmt":"2025-02-12T08:40:13","guid":{"rendered":"https:\/\/whitelip.com\/iceberg-double-apple-extreme\/"},"modified":"2026-05-09T10:11:06","modified_gmt":"2026-05-09T10:11:06","slug":"iceberg-double-apple-extreme","status":"publish","type":"product","link":"https:\/\/whitelip.com\/tr\/iceberg\/iceberg-double-apple-extreme\/","title":{"rendered":"ICEBERG \u00c7ift Elma Extreme"},"content":{"rendered":"<h2><strong>ICEBERG \u00c7ift Elma Extreme<\/strong><\/h2>\n<p><span style=\"font-weight: 400;\">ICEBERG Double Apple Extreme nikotin po\u015fetleri, deneyimli kullan\u0131c\u0131lar i\u00e7in g\u00fc\u00e7l\u00fc bir elma lezzeti ve y\u00fcksek nikotin i\u00e7eri\u011fi sunar. Her ince formatl\u0131 po\u015fet gram ba\u015f\u0131na 50 mg nikotin i\u00e7erir ve po\u015fet ba\u015f\u0131na yakla\u015f\u0131k 35 mg'a e\u015fittir. Po\u015fetler di\u015fleri boyamadan ayr\u0131k kullan\u0131m i\u00e7in tasarlanm\u0131\u015ft\u0131r ve her yerde kullan\u0131m i\u00e7in idealdir. \u00c7a\u011fda\u015f y\u00f6ntemleri geleneksel kalite ile harmonila\u015ft\u0131rmakla bilinir olan Polonyal \u00fcreticisi Neoptolem taraf\u0131ndan \u00fcretilen bu po\u015fetler, y\u00fcksek standartlar ve yenilik\u00e7i lezzet kombinasyonlar\u0131n\u0131n \u00f6rne\u011fidir.<\/span><\/p>\n<table>\n<tbody>\n<tr>\n<td><b>Attribute<\/b><\/td>\n<td><b>Ayr\u0131nt\u0131lar<\/b><\/td>\n<\/tr>\n<tr>\n<td><b>10g (20 po\u015fet)<\/b><\/td>\n<td><span style=\"font-weight: 400;\">13g (20 po\u015fet)<\/span><\/td>\n<\/tr>\n<tr>\n<td><b>Nikotin i\u00e7eri\u011fi<\/b><\/td>\n<td><span style=\"font-weight: 400;\">50 mg\/g (po\u015fet ba\u015f\u0131na 35 mg)<\/span><\/td>\n<\/tr>\n<tr>\n<td><b>Po\u015fet format\u0131<\/b><\/td>\n<td><span style=\"font-weight: 400;\">\u0130nce<\/span><\/td>\n<\/tr>\n<tr>\n<td><b>\u00dcretici<\/b><\/td>\n<td><span style=\"font-weight: 400;\">Neoptolem<\/span><\/td>\n<\/tr>\n<tr>\n<td><b>Aroma<\/b><\/td>\n<td><span style=\"font-weight: 400;\">Elma<\/span><\/td>\n<\/tr>\n<tr>\n<td><b>T\u00fcr<\/b><\/td>\n<td><span style=\"font-weight: 400;\">Tamamen beyaz po\u015fet<\/span><\/td>\n<\/tr>\n<\/tbody>\n<\/table>\n<p>\u00a0<\/p>","protected":false},"excerpt":{"rendered":"<p>ICEBERG Double Apple, g\u00fc\u00e7l\u00fc <strong data-start=\"37\" data-end=\"53\">\u00e7ift elma<\/strong> aromaya sahip, deneyimli kullan\u0131c\u0131lar i\u00e7in. <strong data-start=\"84\" data-end=\"92\">\u0130nce<\/strong> beyaz po\u015fetler duda\u011f\u0131n alt\u0131nda gizlice yerle\u015fir ve leke yapmaz. Her po\u015fet <strong data-start=\"178\" data-end=\"196\">35 mg nikotin<\/strong>, g\u00fc\u00e7l\u00fc bir hit sunar. T\u00fct\u00fcns\u00fcz. Polonya'da Neoptolem taraf\u0131ndan \u00fcretilmi\u015ftir.<\/p>","protected":false},"featured_media":9722,"comment_status":"open","ping_status":"closed","template":"","format":[206],"meta":{"_acf_changed":false},"product_brand":[],"product_cat":[50],"product_tag":[16603],"flavours":[196],"nicotine":[226,233],"class_list":{"0":"post-9721","1":"product","2":"type-product","3":"status-publish","4":"has-post-thumbnail","6":"product_cat-iceberg","7":"product_tag-35-mg-pouch","8":"pa_quantity-1-pack","9":"pa_quantity-10-pack","10":"pa_quantity-3-pack","11":"pa_quantity-30-pack","12":"pa_quantity-5-pack","13":"pa_quantity-60-pack","14":"flavours-fruits-berries","15":"format-slim","16":"nicotine-50-mg-g","17":"nicotine-extreme","19":"first","20":"instock","21":"taxable","22":"shipping-taxable","23":"purchasable","24":"product-type-variable","25":"has-default-attributes"},"acf":[],"_links":{"self":[{"href":"https:\/\/whitelip.com\/tr\/wp-json\/wp\/v2\/product\/9721","targetHints":{"allow":["GET"]}}],"collection":[{"href":"https:\/\/whitelip.com\/tr\/wp-json\/wp\/v2\/product"}],"about":[{"href":"https:\/\/whitelip.com\/tr\/wp-json\/wp\/v2\/types\/product"}],"replies":[{"embeddable":true,"href":"https:\/\/whitelip.com\/tr\/wp-json\/wp\/v2\/comments?post=9721"}],"wp:featuredmedia":[{"embeddable":true,"href":"https:\/\/whitelip.com\/tr\/wp-json\/wp\/v2\/media\/9722"}],"wp:attachment":[{"href":"https:\/\/whitelip.com\/tr\/wp-json\/wp\/v2\/media?parent=9721"}],"wp:term":[{"taxonomy":"product_brand","embeddable":true,"href":"https:\/\/whitelip.com\/tr\/wp-json\/wp\/v2\/product_brand?post=9721"},{"taxonomy":"product_cat","embeddable":true,"href":"https:\/\/whitelip.com\/tr\/wp-json\/wp\/v2\/product_cat?post=9721"},{"taxonomy":"product_tag","embeddable":true,"href":"https:\/\/whitelip.com\/tr\/wp-json\/wp\/v2\/product_tag?post=9721"},{"taxonomy":"flavours","embeddable":true,"href":"https:\/\/whitelip.com\/tr\/wp-json\/wp\/v2\/flavours?post=9721"},{"taxonomy":"format","embeddable":true,"href":"https:\/\/whitelip.com\/tr\/wp-json\/wp\/v2\/format?post=9721"},{"taxonomy":"nicotine","embeddable":true,"href":"https:\/\/whitelip.com\/tr\/wp-json\/wp\/v2\/nicotine?post=9721"}],"curies":[{"name":"wp","href":"https:\/\/api.w.org\/{rel}","templated":true}]}}