{"id":9691,"date":"2025-02-12T08:40:18","date_gmt":"2025-02-12T08:40:18","guid":{"rendered":"https:\/\/whitelip.com\/iceberg-wild-berries-extreme\/"},"modified":"2026-05-09T10:11:06","modified_gmt":"2026-05-09T10:11:06","slug":"iceberg-wild-berries-extreme","status":"publish","type":"product","link":"https:\/\/whitelip.com\/tr\/iceberg\/iceberg-wild-berries-extreme\/","title":{"rendered":"ICEBERG Yaban Meyvesi Ekstrem"},"content":{"rendered":"<h2><strong>ICEBERG Yaban Meyvesi Ekstrem<\/strong><\/h2>\n<p><span style=\"font-weight: 400;\">ICEBERG Orman Meyveleri Extreme nikotin po\u015fetleri, g\u00fc\u00e7l\u00fc orman meyveleri lezzeti ve y\u00fcksek nikotin i\u00e7eri\u011fi sunarak, g\u00fc\u00e7l\u00fc bir deneyim arayan deneyimli kullan\u0131c\u0131lara hitap eder. Her dar formatl\u0131 po\u015fet gram ba\u015f\u0131na 50 mg nikotin i\u00e7erir, po\u015fet ba\u015f\u0131na yakla\u015f\u0131k 35 mg'a e\u015fittir. Po\u015fetler di\u015f lekelendirmeksizin g\u00f6zle g\u00f6r\u00fclmez kullan\u0131m i\u00e7in tasarlanm\u0131\u015f, hareket halinde keyif almak i\u00e7in ideal hale gelmi\u015ftir. Polonya \u00fcreticisi Neoptolem taraf\u0131ndan \u00fcretilen ve \u00e7a\u011fda\u015f y\u00f6ntemleri geleneksel kaliteyle birle\u015ftirmesiyle bilinen bu po\u015fetler y\u00fcksek standartlar ve yenilik\u00e7i lezzet kombinasyonlar\u0131n\u0131 temsil eder.<\/span><\/p>\n<table>\n<tbody>\n<tr>\n<td><b>Attribute<\/b><\/td>\n<td><b>Ayr\u0131nt\u0131lar<\/b><\/td>\n<\/tr>\n<tr>\n<td><b>10g (20 po\u015fet)<\/b><\/td>\n<td><span style=\"font-weight: 400;\">13g (20 po\u015fet)<\/span><\/td>\n<\/tr>\n<tr>\n<td><b>Nikotin i\u00e7eri\u011fi<\/b><\/td>\n<td><span style=\"font-weight: 400;\">50 mg\/g (po\u015fet ba\u015f\u0131na 35 mg)<\/span><\/td>\n<\/tr>\n<tr>\n<td><b>Po\u015fet format\u0131<\/b><\/td>\n<td><span style=\"font-weight: 400;\">\u0130nce<\/span><\/td>\n<\/tr>\n<tr>\n<td><b>\u00dcretici<\/b><\/td>\n<td><span style=\"font-weight: 400;\">Neoptolem<\/span><\/td>\n<\/tr>\n<tr>\n<td><b>Aroma<\/b><\/td>\n<td><span style=\"font-weight: 400;\">Meyveler<\/span><\/td>\n<\/tr>\n<tr>\n<td><b>T\u00fcr<\/b><\/td>\n<td><span style=\"font-weight: 400;\">Tamamen beyaz po\u015fet<\/span><\/td>\n<\/tr>\n<\/tbody>\n<\/table>\n<p>\u00a0<\/p>","protected":false},"excerpt":{"rendered":"<p>ICEBERG Orman Meyveleri g\u00fc\u00e7l\u00fc bir <strong data-start=\"37\" data-end=\"53\">yaban meyveleri<\/strong> aromaya sahip, deneyimli kullan\u0131c\u0131lar i\u00e7in. <strong data-start=\"84\" data-end=\"92\">\u0130nce<\/strong> beyaz po\u015fetler duda\u011f\u0131n alt\u0131nda gizlice yerle\u015fir ve leke yapmaz. Her po\u015fet <strong data-start=\"178\" data-end=\"196\">35 mg nikotin<\/strong>, g\u00fc\u00e7l\u00fc bir hit sunar. T\u00fct\u00fcns\u00fcz. Polonya'da Neoptolem taraf\u0131ndan \u00fcretilmi\u015ftir.<\/p>","protected":false},"featured_media":9692,"comment_status":"open","ping_status":"closed","template":"","format":[206],"meta":{"_acf_changed":false},"product_brand":[],"product_cat":[50],"product_tag":[16603],"flavours":[196],"nicotine":[226,233],"class_list":{"0":"post-9691","1":"product","2":"type-product","3":"status-publish","4":"has-post-thumbnail","6":"product_cat-iceberg","7":"product_tag-35-mg-pouch","8":"pa_quantity-1-pack","9":"pa_quantity-10-pack","10":"pa_quantity-3-pack","11":"pa_quantity-30-pack","12":"pa_quantity-5-pack","13":"pa_quantity-60-pack","14":"flavours-fruits-berries","15":"format-slim","16":"nicotine-50-mg-g","17":"nicotine-extreme","19":"first","20":"instock","21":"taxable","22":"shipping-taxable","23":"purchasable","24":"product-type-variable","25":"has-default-attributes"},"acf":[],"_links":{"self":[{"href":"https:\/\/whitelip.com\/tr\/wp-json\/wp\/v2\/product\/9691","targetHints":{"allow":["GET"]}}],"collection":[{"href":"https:\/\/whitelip.com\/tr\/wp-json\/wp\/v2\/product"}],"about":[{"href":"https:\/\/whitelip.com\/tr\/wp-json\/wp\/v2\/types\/product"}],"replies":[{"embeddable":true,"href":"https:\/\/whitelip.com\/tr\/wp-json\/wp\/v2\/comments?post=9691"}],"wp:featuredmedia":[{"embeddable":true,"href":"https:\/\/whitelip.com\/tr\/wp-json\/wp\/v2\/media\/9692"}],"wp:attachment":[{"href":"https:\/\/whitelip.com\/tr\/wp-json\/wp\/v2\/media?parent=9691"}],"wp:term":[{"taxonomy":"product_brand","embeddable":true,"href":"https:\/\/whitelip.com\/tr\/wp-json\/wp\/v2\/product_brand?post=9691"},{"taxonomy":"product_cat","embeddable":true,"href":"https:\/\/whitelip.com\/tr\/wp-json\/wp\/v2\/product_cat?post=9691"},{"taxonomy":"product_tag","embeddable":true,"href":"https:\/\/whitelip.com\/tr\/wp-json\/wp\/v2\/product_tag?post=9691"},{"taxonomy":"flavours","embeddable":true,"href":"https:\/\/whitelip.com\/tr\/wp-json\/wp\/v2\/flavours?post=9691"},{"taxonomy":"format","embeddable":true,"href":"https:\/\/whitelip.com\/tr\/wp-json\/wp\/v2\/format?post=9691"},{"taxonomy":"nicotine","embeddable":true,"href":"https:\/\/whitelip.com\/tr\/wp-json\/wp\/v2\/nicotine?post=9691"}],"curies":[{"name":"wp","href":"https:\/\/api.w.org\/{rel}","templated":true}]}}