{"id":9666,"date":"2025-02-12T08:40:22","date_gmt":"2025-02-12T08:40:22","guid":{"rendered":"https:\/\/whitelip.com\/iceberg-capsule-lime-soda\/"},"modified":"2026-04-16T11:00:37","modified_gmt":"2026-04-16T11:00:37","slug":"iceberg-capsule-lime-soda","status":"publish","type":"product","link":"https:\/\/whitelip.com\/tr\/iceberg\/iceberg-capsule-lime-soda\/","title":{"rendered":"ICEBERG Kaps\u00fcl Misket Limonu Soda"},"content":{"rendered":"<h2><strong>ICEBERG Kaps\u00fcl Misket Limonu Soda<\/strong><\/h2>\n<p><span style=\"font-weight: 400;\">ICEBERG Capsule Lime Soda nikotin po\u015fetleri tazeleyici lime soda kar\u0131\u015f\u0131m\u0131 sunmakta. Her ince format po\u015fet gram ba\u015f\u0131na 50 mg nikotin i\u00e7erir; bu da po\u015fet ba\u015f\u0131na yakla\u015f\u0131k 30 mg demektir, deneyimli kullan\u0131c\u0131lara uygun g\u00fc\u00e7l\u00fc bir deneyim sunar. Her po\u015fet t\u0131kla-serbest kaps\u00fcl \u00f6zelli\u011fine sahip, lime arosas\u0131n\u0131 serinletici nane patlamas\u0131 ile geli\u015ftirmenize izin vererek iyi dengeli, tazeleyici profil yarat\u0131r. Po\u015fetler di\u015f lekelenmeden gizli kullan\u0131m i\u00e7in tasarlanm\u0131\u015ft\u0131r ve hareket halindeyken keyifli kullan\u0131m i\u00e7in idealdir. \u00c7a\u011fda\u015f y\u00f6ntemleri geleneksel kaliteyle harmanlamakla bilinen Polonya \u00fcreticisi Neoptolem taraf\u0131ndan \u00fcretilen bu po\u015fetler y\u00fcksek standartlar ve yenilik\u00e7i aroma kombinasyonlar\u0131n\u0131n \u00f6rne\u011fidir.<\/span><\/p>\n<table>\n<tbody>\n<tr>\n<td><b>Attribute<\/b><\/td>\n<td><b>Ayr\u0131nt\u0131lar<\/b><\/td>\n<\/tr>\n<tr>\n<td><b>10g (20 po\u015fet)<\/b><\/td>\n<td><span style=\"font-weight: 400;\">12g (20 po\u015fet)<\/span><\/td>\n<\/tr>\n<tr>\n<td><b>Nikotin i\u00e7eri\u011fi<\/b><\/td>\n<td><span style=\"font-weight: 400;\">50 mg\/g (po\u015fet ba\u015f\u0131na 30 mg)<\/span><\/td>\n<\/tr>\n<tr>\n<td><b>Po\u015fet format\u0131<\/b><\/td>\n<td><span style=\"font-weight: 400;\">\u0130nce<\/span><\/td>\n<\/tr>\n<tr>\n<td><b>\u00dcretici<\/b><\/td>\n<td><span style=\"font-weight: 400;\">Neoptolem<\/span><\/td>\n<\/tr>\n<tr>\n<td><b>Aroma<\/b><\/td>\n<td><span style=\"font-weight: 400;\">Lime ve nane<\/span><\/td>\n<\/tr>\n<tr>\n<td><b>T\u00fcr<\/b><\/td>\n<td><span style=\"font-weight: 400;\">Tamamen beyaz po\u015fet<\/span><\/td>\n<\/tr>\n<\/tbody>\n<\/table>\n<p>\u00a0<\/p>","protected":false},"excerpt":{"rendered":"<p>ICEBERG Capsule Lime Soda tazeleyici <strong data-start=\"44\" data-end=\"57\">limonata<\/strong> sunmakta, t\u0131kla-serbest kaps\u00fcl ile ilave serinletici nane patlamas\u0131 i\u00e7in. <strong data-start=\"120\" data-end=\"128\">\u0130nce<\/strong> beyaz po\u015fetler duda\u011f\u0131n alt\u0131nda gizlice yerle\u015fir ve leke yapmaz. Her po\u015fet <strong data-start=\"214\" data-end=\"232\">30 mg nikotin<\/strong>, g\u00fc\u00e7l\u00fc, iyi dengeli bir hit sunar. T\u00fct\u00fcns\u00fcz. Polonya'da Neoptolem taraf\u0131ndan \u00fcretilmi\u015ftir.<\/p>","protected":false},"featured_media":9667,"comment_status":"open","ping_status":"closed","template":"","format":[206],"meta":{"_acf_changed":false},"product_brand":[],"product_cat":[50],"product_tag":[16605],"flavours":[190,199],"nicotine":[226,233],"class_list":{"0":"post-9666","1":"product","2":"type-product","3":"status-publish","4":"has-post-thumbnail","6":"product_cat-iceberg","7":"product_tag-30-mg-pouch","8":"pa_quantity-1-pack","9":"pa_quantity-10-pack","10":"pa_quantity-3-pack","11":"pa_quantity-30-pack","12":"pa_quantity-5-pack","13":"pa_quantity-60-pack","14":"flavours-citrus","15":"flavours-mint","16":"format-slim","17":"nicotine-50-mg-g","18":"nicotine-extreme","20":"first","21":"instock","22":"taxable","23":"shipping-taxable","24":"purchasable","25":"product-type-variable","26":"has-default-attributes"},"acf":[],"_links":{"self":[{"href":"https:\/\/whitelip.com\/tr\/wp-json\/wp\/v2\/product\/9666","targetHints":{"allow":["GET"]}}],"collection":[{"href":"https:\/\/whitelip.com\/tr\/wp-json\/wp\/v2\/product"}],"about":[{"href":"https:\/\/whitelip.com\/tr\/wp-json\/wp\/v2\/types\/product"}],"replies":[{"embeddable":true,"href":"https:\/\/whitelip.com\/tr\/wp-json\/wp\/v2\/comments?post=9666"}],"wp:featuredmedia":[{"embeddable":true,"href":"https:\/\/whitelip.com\/tr\/wp-json\/wp\/v2\/media\/9667"}],"wp:attachment":[{"href":"https:\/\/whitelip.com\/tr\/wp-json\/wp\/v2\/media?parent=9666"}],"wp:term":[{"taxonomy":"product_brand","embeddable":true,"href":"https:\/\/whitelip.com\/tr\/wp-json\/wp\/v2\/product_brand?post=9666"},{"taxonomy":"product_cat","embeddable":true,"href":"https:\/\/whitelip.com\/tr\/wp-json\/wp\/v2\/product_cat?post=9666"},{"taxonomy":"product_tag","embeddable":true,"href":"https:\/\/whitelip.com\/tr\/wp-json\/wp\/v2\/product_tag?post=9666"},{"taxonomy":"flavours","embeddable":true,"href":"https:\/\/whitelip.com\/tr\/wp-json\/wp\/v2\/flavours?post=9666"},{"taxonomy":"format","embeddable":true,"href":"https:\/\/whitelip.com\/tr\/wp-json\/wp\/v2\/format?post=9666"},{"taxonomy":"nicotine","embeddable":true,"href":"https:\/\/whitelip.com\/tr\/wp-json\/wp\/v2\/nicotine?post=9666"}],"curies":[{"name":"wp","href":"https:\/\/api.w.org\/{rel}","templated":true}]}}