{"id":9661,"date":"2025-02-12T08:40:23","date_gmt":"2025-02-12T08:40:23","guid":{"rendered":"https:\/\/whitelip.com\/iceberg-capsule-strawberry-ice\/"},"modified":"2026-05-09T10:11:06","modified_gmt":"2026-05-09T10:11:06","slug":"iceberg-capsule-strawberry-ice","status":"publish","type":"product","link":"https:\/\/whitelip.com\/tr\/iceberg\/iceberg-capsule-strawberry-ice\/","title":{"rendered":"ICEBERG Kaps\u00fcl \u00c7ilek Buz"},"content":{"rendered":"<h2><strong>ICEBERG Kaps\u00fcl \u00c7ilek Buz<\/strong><\/h2>\n<p><span style=\"font-weight: 400;\">ICEBERG Capsule Strawberry Ice nikotin po\u015fetleri serinletici \u00e7ilekli ferahlatan bir kar\u0131\u015f\u0131m sunar. Her ince format po\u015fet gram ba\u015f\u0131na 50 mg nikotin i\u00e7erir, bu da po\u015fet ba\u015f\u0131na yakla\u015f\u0131k 30 mg'a e\u015fittir ve deneyimli kullan\u0131c\u0131lar i\u00e7in uygun g\u00fc\u00e7l\u00fc bir deneyim sa\u011flar. Her po\u015fet t\u0131klama-a\u00e7\u0131l\u0131r kaps\u00fcle sahiptir, tatl\u0131 meyve tad\u0131n\u0131 so\u011fuk nane patlamas\u0131 ile geli\u015ftirerek iyi dengeli, ferahlatan bir profil olu\u015fturman\u0131za olanak tan\u0131r. Po\u015fetler ayr\u0131k kullan\u0131m i\u00e7in tasarlanm\u0131\u015f olup di\u015fleri leklemez, bu da onlar\u0131 yolda kullan\u0131m\u0131 i\u00e7in ideal k\u0131lar. Polonyal\u0131 \u00fcretici Neoptolem taraf\u0131ndan \u00fcretilen bu po\u015fetler, \u00e7a\u011fda\u015f y\u00f6ntemleri geleneksel kalite ile harmanlad\u0131\u011f\u0131yla bilinir ve y\u00fcksek standartlar ile yenilik\u00e7i tat kombinasyonlar\u0131n\u0131n \u00f6rne\u011fi niteli\u011findedir.<\/span><\/p>\n<table>\n<tbody>\n<tr>\n<td><b>Attribute<\/b><\/td>\n<td><b>Ayr\u0131nt\u0131lar<\/b><\/td>\n<\/tr>\n<tr>\n<td><b>10g (20 po\u015fet)<\/b><\/td>\n<td><span style=\"font-weight: 400;\">12g (20 po\u015fet)<\/span><\/td>\n<\/tr>\n<tr>\n<td><b>Nikotin i\u00e7eri\u011fi<\/b><\/td>\n<td><span style=\"font-weight: 400;\">50 mg\/g (po\u015fet ba\u015f\u0131na 30 mg)<\/span><\/td>\n<\/tr>\n<tr>\n<td><b>Po\u015fet format\u0131<\/b><\/td>\n<td><span style=\"font-weight: 400;\">\u0130nce<\/span><\/td>\n<\/tr>\n<tr>\n<td><b>\u00dcretici<\/b><\/td>\n<td><span style=\"font-weight: 400;\">Neoptolem<\/span><\/td>\n<\/tr>\n<tr>\n<td><b>Aroma<\/b><\/td>\n<td><span style=\"font-weight: 400;\">\u00c7ilek ve nane<\/span><\/td>\n<\/tr>\n<tr>\n<td><b>T\u00fcr<\/b><\/td>\n<td><span style=\"font-weight: 400;\">Tamamen beyaz po\u015fet<\/span><\/td>\n<\/tr>\n<\/tbody>\n<\/table>","protected":false},"excerpt":{"rendered":"<p>ICEBERG Capsule Strawberry Ice, ferahlatan <strong data-start=\"49\" data-end=\"67\">\u00e7ilek buz<\/strong> sunmakta, t\u0131kla-serbest kaps\u00fcl ile ilave serinletici nane patlamas\u0131 i\u00e7in. <strong data-start=\"130\" data-end=\"138\">\u0130nce<\/strong> beyaz po\u015fetler duda\u011f\u0131n alt\u0131nda gizlice yerle\u015fir ve leke yapmaz. Her po\u015fet <strong data-start=\"224\" data-end=\"242\">30 mg nikotin<\/strong>, g\u00fc\u00e7l\u00fc, iyi dengeli bir hit sunar. T\u00fct\u00fcns\u00fcz. Polonya'da Neoptolem taraf\u0131ndan \u00fcretilmi\u015ftir.<\/p>","protected":false},"featured_media":9662,"comment_status":"open","ping_status":"closed","template":"","format":[206],"meta":{"_acf_changed":false},"product_brand":[],"product_cat":[50],"product_tag":[16605],"flavours":[196,199],"nicotine":[226,233],"class_list":{"0":"post-9661","1":"product","2":"type-product","3":"status-publish","4":"has-post-thumbnail","6":"product_cat-iceberg","7":"product_tag-30-mg-pouch","8":"pa_quantity-1-pack","9":"pa_quantity-10-pack","10":"pa_quantity-3-pack","11":"pa_quantity-30-pack","12":"pa_quantity-5-pack","13":"pa_quantity-60-pack","14":"flavours-fruits-berries","15":"flavours-mint","16":"format-slim","17":"nicotine-50-mg-g","18":"nicotine-extreme","20":"first","21":"instock","22":"taxable","23":"shipping-taxable","24":"purchasable","25":"product-type-variable","26":"has-default-attributes"},"acf":[],"_links":{"self":[{"href":"https:\/\/whitelip.com\/tr\/wp-json\/wp\/v2\/product\/9661","targetHints":{"allow":["GET"]}}],"collection":[{"href":"https:\/\/whitelip.com\/tr\/wp-json\/wp\/v2\/product"}],"about":[{"href":"https:\/\/whitelip.com\/tr\/wp-json\/wp\/v2\/types\/product"}],"replies":[{"embeddable":true,"href":"https:\/\/whitelip.com\/tr\/wp-json\/wp\/v2\/comments?post=9661"}],"wp:featuredmedia":[{"embeddable":true,"href":"https:\/\/whitelip.com\/tr\/wp-json\/wp\/v2\/media\/9662"}],"wp:attachment":[{"href":"https:\/\/whitelip.com\/tr\/wp-json\/wp\/v2\/media?parent=9661"}],"wp:term":[{"taxonomy":"product_brand","embeddable":true,"href":"https:\/\/whitelip.com\/tr\/wp-json\/wp\/v2\/product_brand?post=9661"},{"taxonomy":"product_cat","embeddable":true,"href":"https:\/\/whitelip.com\/tr\/wp-json\/wp\/v2\/product_cat?post=9661"},{"taxonomy":"product_tag","embeddable":true,"href":"https:\/\/whitelip.com\/tr\/wp-json\/wp\/v2\/product_tag?post=9661"},{"taxonomy":"flavours","embeddable":true,"href":"https:\/\/whitelip.com\/tr\/wp-json\/wp\/v2\/flavours?post=9661"},{"taxonomy":"format","embeddable":true,"href":"https:\/\/whitelip.com\/tr\/wp-json\/wp\/v2\/format?post=9661"},{"taxonomy":"nicotine","embeddable":true,"href":"https:\/\/whitelip.com\/tr\/wp-json\/wp\/v2\/nicotine?post=9661"}],"curies":[{"name":"wp","href":"https:\/\/api.w.org\/{rel}","templated":true}]}}