{"id":9620,"date":"2025-01-29T12:56:09","date_gmt":"2025-01-29T12:56:09","guid":{"rendered":"https:\/\/whitelip.com\/greatest-cold-dry-16mg-mega-can\/"},"modified":"2026-05-06T10:11:17","modified_gmt":"2026-05-06T10:11:17","slug":"greatest-cold-dry-16mg-mega-can","status":"publish","type":"product","link":"https:\/\/whitelip.com\/tr\/greatest\/greatest-cold-dry-16mg-mega-can\/","title":{"rendered":"GREATEST Cold Dry 16mg Mega Can"},"content":{"rendered":"<h2><strong>GREATEST Cold Dry 16mg Mega Can<\/strong><\/h2>\n<p><span style=\"font-weight: 400;\">GREATEST Cold Dry 16mg Mega Can nikotin po\u015fetleri, 16 mg\/gram nikotin g\u00fcc\u00fc ile birle\u015ftirilmi\u015f ferahlat\u0131c\u0131 bir nane aromas\u0131 sunarak, her po\u015fette yakla\u015f\u0131k 12 mg'ye e\u015fde\u011ferdir. Her kutu, di\u015f lekesi olmadan gizli kullan\u0131m i\u00e7in tasarlanan 200 ince format po\u015fet i\u00e7erir. \u00c7a\u011fda\u015f y\u00f6ntemleri geleneksel kalite ile birle\u015ftirmesiyle bilinen Finlandiyal\u0131 \u00fcretici Puff &amp; Pouch taraf\u0131ndan \u00fcretilen bu po\u015fetler, y\u00fcksek standartlar\u0131 ve yenilik\u00e7i tat kombinasyonlar\u0131n\u0131 somutla\u015ft\u0131r\u0131r.<\/span><\/p>\n<table>\n<tbody>\n<tr>\n<td><b>Attribute<\/b><\/td>\n<td><b>Ayr\u0131nt\u0131lar<\/b><\/td>\n<\/tr>\n<tr>\n<td><b>10g (20 po\u015fet)<\/b><\/td>\n<td><span style=\"font-weight: 400;\">200 po\u015fet<\/span><\/td>\n<\/tr>\n<tr>\n<td><b>Nikotin i\u00e7eri\u011fi<\/b><\/td>\n<td><span style=\"font-weight: 400;\">16 mg\/g (po\u015fet ba\u015f\u0131na 12 mg)<\/span><\/td>\n<\/tr>\n<tr>\n<td><b>Po\u015fet format\u0131<\/b><\/td>\n<td><span style=\"font-weight: 400;\">\u0130nce<\/span><\/td>\n<\/tr>\n<tr>\n<td><b>\u00dcretici<\/b><\/td>\n<td><span style=\"font-weight: 400;\">Puff &amp; Pouch<\/span><\/td>\n<\/tr>\n<tr>\n<td><b>Aroma<\/b><\/td>\n<td><span style=\"font-weight: 400;\">Nane<\/span><\/td>\n<\/tr>\n<tr>\n<td><b>T\u00fcr<\/b><\/td>\n<td><span style=\"font-weight: 400;\">Tamamen beyaz po\u015fet<\/span><\/td>\n<\/tr>\n<\/tbody>\n<\/table>","protected":false},"excerpt":{"rendered":"<p>Tazeleyici <strong data-start=\"11\" data-end=\"19\">nane<\/strong> temiz, so\u011futma profiline sahiptir. <strong data-start=\"51\" data-end=\"59\">\u0130nce<\/strong> di\u015f lekesi olmadan gizli kullan\u0131m i\u00e7in tasarlanan po\u015fetler; Mega Can 200 i\u00e7erir. Her po\u015fet i\u00e7erir <strong data-start=\"161\" data-end=\"179\">12 mg nikotin<\/strong> (16 mg\/g), sabit ve tatmin edici bir vuru\u015f sa\u011flayan. Y\u00fcksek, tutarl\u0131 kalite i\u00e7in Puff &amp; Pouch (Finlandiya) taraf\u0131ndan \u00fcretilmi\u015ftir.<\/p>","protected":false},"featured_media":9621,"comment_status":"open","ping_status":"closed","template":"","format":[206],"meta":{"_acf_changed":false},"product_brand":[],"product_cat":[87,92],"product_tag":[16561],"flavours":[199],"nicotine":[213,232],"class_list":{"0":"post-9620","1":"product","2":"type-product","3":"status-publish","4":"has-post-thumbnail","6":"product_cat-greatest","7":"product_cat-jumbo-can","8":"product_tag-12-mg-pouch","9":"pa_quantity-1-pack","10":"pa_quantity-10-pack","11":"pa_quantity-2-pack","12":"pa_quantity-3-pack","13":"pa_quantity-30-pack","14":"pa_quantity-5-pack","15":"pa_quantity-60-pack","16":"flavours-mint","17":"format-slim","18":"nicotine-16-mg-g","19":"nicotine-extra-strong","21":"first","22":"instock","23":"taxable","24":"shipping-taxable","25":"purchasable","26":"product-type-variable"},"acf":[],"_links":{"self":[{"href":"https:\/\/whitelip.com\/tr\/wp-json\/wp\/v2\/product\/9620","targetHints":{"allow":["GET"]}}],"collection":[{"href":"https:\/\/whitelip.com\/tr\/wp-json\/wp\/v2\/product"}],"about":[{"href":"https:\/\/whitelip.com\/tr\/wp-json\/wp\/v2\/types\/product"}],"replies":[{"embeddable":true,"href":"https:\/\/whitelip.com\/tr\/wp-json\/wp\/v2\/comments?post=9620"}],"wp:featuredmedia":[{"embeddable":true,"href":"https:\/\/whitelip.com\/tr\/wp-json\/wp\/v2\/media\/9621"}],"wp:attachment":[{"href":"https:\/\/whitelip.com\/tr\/wp-json\/wp\/v2\/media?parent=9620"}],"wp:term":[{"taxonomy":"product_brand","embeddable":true,"href":"https:\/\/whitelip.com\/tr\/wp-json\/wp\/v2\/product_brand?post=9620"},{"taxonomy":"product_cat","embeddable":true,"href":"https:\/\/whitelip.com\/tr\/wp-json\/wp\/v2\/product_cat?post=9620"},{"taxonomy":"product_tag","embeddable":true,"href":"https:\/\/whitelip.com\/tr\/wp-json\/wp\/v2\/product_tag?post=9620"},{"taxonomy":"flavours","embeddable":true,"href":"https:\/\/whitelip.com\/tr\/wp-json\/wp\/v2\/flavours?post=9620"},{"taxonomy":"format","embeddable":true,"href":"https:\/\/whitelip.com\/tr\/wp-json\/wp\/v2\/format?post=9620"},{"taxonomy":"nicotine","embeddable":true,"href":"https:\/\/whitelip.com\/tr\/wp-json\/wp\/v2\/nicotine?post=9620"}],"curies":[{"name":"wp","href":"https:\/\/api.w.org\/{rel}","templated":true}]}}