{"id":96175,"date":"2026-04-27T12:12:13","date_gmt":"2026-04-27T12:12:13","guid":{"rendered":"https:\/\/whitelip.com\/?post_type=product&#038;p=96175"},"modified":"2026-04-29T10:11:36","modified_gmt":"2026-04-29T10:11:36","slug":"x-booster-bubble-gum-caffeine-exp-05-22-2026","status":"publish","type":"product","link":"https:\/\/whitelip.com\/tr\/x-booster\/x-booster-bubble-gum-caffeine-exp-05-22-2026\/","title":{"rendered":"X-BOOSTER Bubble Gum Caffeine Exp.05\/22\/2026"},"content":{"rendered":"<h2>X-BOOSTER Bubble Gum Caffeine Exp.05\/22\/2026<\/h2>\n<p class=\"\" data-start=\"76\" data-end=\"609\">X-BOOSTER Bubble Gum Kafein po\u015fetleri yumu\u015fak ve dengeli sak\u0131z lezzeti sunar. Her ince, beyaz kafein po\u015feti 80 mg kafein i\u00e7erir ve dengeli tat ve sabit yo\u011funluk sevenleri i\u00e7in uygun bir enerji veri\u015f sa\u011flar. Gizli, rahat ve leke yapmayan X-BOOSTER Cool Mint Kafein, 77 Group taraf\u0131ndan y\u00fcksek kalite, cesur tat ve nikotin i\u00e7ermez deneyim sa\u011flamak i\u00e7in tasarlanm\u0131\u015ft\u0131r.<\/p>\n<table>\n<tbody>\n<tr>\n<td><b>Attribute<\/b><\/td>\n<td><b>Ayr\u0131nt\u0131lar<\/b><\/td>\n<\/tr>\n<tr>\n<td><b>10g (20 po\u015fet)<\/b><\/td>\n<td><span style=\"font-weight: 400;\">13g (20 po\u015fet)<\/span><\/td>\n<\/tr>\n<tr>\n<td><b>Nikotin i\u00e7eri\u011fi<\/b><\/td>\n<td><span style=\"font-weight: 400;\">80 mg\/po\u015fet<\/span><\/td>\n<\/tr>\n<tr>\n<td><b>Po\u015fet format\u0131<\/b><\/td>\n<td><span style=\"font-weight: 400;\">\u0130nce<\/span><\/td>\n<\/tr>\n<tr>\n<td><b>\u00dcretici<\/b><\/td>\n<td><span style=\"font-weight: 400;\">77 Grubu<\/span><\/td>\n<\/tr>\n<tr>\n<td><b>Aroma<\/b><\/td>\n<td><span style=\"font-weight: 400;\">Bubble gum<\/span><\/td>\n<\/tr>\n<tr>\n<td><b>T\u00fcr<\/b><\/td>\n<td><span style=\"font-weight: 400;\">Tamamen beyaz po\u015fet<\/span><\/td>\n<\/tr>\n<\/tbody>\n<\/table>","protected":false},"excerpt":{"rendered":"<p>X-BOOSTER <strong data-start=\"10\" data-end=\"24\">Bubble Gum<\/strong> P\u00fcr\u00fczs\u00fcz, dengeli bir sak\u0131z tad\u0131 sunar. Yark\u0131 <strong data-start=\"75\" data-end=\"83\">ince<\/strong>, beyaz po\u015fetler gizli, rahat ve lekelenmez. Her po\u015fet i\u00e7erir <strong data-start=\"162\" data-end=\"180\">80 mg kafein<\/strong> sabit yo\u011funluk i\u00e7in. 77 Group taraf\u0131ndan y\u00fcksek kalite, cesur tat, t\u00fct\u00fcn i\u00e7ermez ve nikotin i\u00e7ermez deneyim i\u00e7in yap\u0131lm\u0131\u015ft\u0131r.<\/p>","protected":false},"featured_media":28031,"comment_status":"open","ping_status":"closed","template":"","format":[],"meta":{"_acf_changed":false},"product_brand":[],"product_cat":[241],"product_tag":[17015],"flavours":[],"nicotine":[],"class_list":{"0":"post-96175","1":"product","2":"type-product","3":"status-publish","4":"has-post-thumbnail","6":"product_cat-x-booster","7":"product_tag-50-off","8":"pa_quantity-1-pack","9":"pa_quantity-10-pack","10":"pa_quantity-3-pack","11":"pa_quantity-30-pack","12":"pa_quantity-5-pack","13":"pa_quantity-60-pack","15":"first","16":"instock","17":"sale","18":"taxable","19":"shipping-taxable","20":"purchasable","21":"product-type-variable"},"acf":[],"_links":{"self":[{"href":"https:\/\/whitelip.com\/tr\/wp-json\/wp\/v2\/product\/96175","targetHints":{"allow":["GET"]}}],"collection":[{"href":"https:\/\/whitelip.com\/tr\/wp-json\/wp\/v2\/product"}],"about":[{"href":"https:\/\/whitelip.com\/tr\/wp-json\/wp\/v2\/types\/product"}],"replies":[{"embeddable":true,"href":"https:\/\/whitelip.com\/tr\/wp-json\/wp\/v2\/comments?post=96175"}],"wp:featuredmedia":[{"embeddable":true,"href":"https:\/\/whitelip.com\/tr\/wp-json\/wp\/v2\/media\/28031"}],"wp:attachment":[{"href":"https:\/\/whitelip.com\/tr\/wp-json\/wp\/v2\/media?parent=96175"}],"wp:term":[{"taxonomy":"product_brand","embeddable":true,"href":"https:\/\/whitelip.com\/tr\/wp-json\/wp\/v2\/product_brand?post=96175"},{"taxonomy":"product_cat","embeddable":true,"href":"https:\/\/whitelip.com\/tr\/wp-json\/wp\/v2\/product_cat?post=96175"},{"taxonomy":"product_tag","embeddable":true,"href":"https:\/\/whitelip.com\/tr\/wp-json\/wp\/v2\/product_tag?post=96175"},{"taxonomy":"flavours","embeddable":true,"href":"https:\/\/whitelip.com\/tr\/wp-json\/wp\/v2\/flavours?post=96175"},{"taxonomy":"format","embeddable":true,"href":"https:\/\/whitelip.com\/tr\/wp-json\/wp\/v2\/format?post=96175"},{"taxonomy":"nicotine","embeddable":true,"href":"https:\/\/whitelip.com\/tr\/wp-json\/wp\/v2\/nicotine?post=96175"}],"curies":[{"name":"wp","href":"https:\/\/api.w.org\/{rel}","templated":true}]}}