{"id":9615,"date":"2025-01-29T12:39:51","date_gmt":"2025-01-29T12:39:51","guid":{"rendered":"https:\/\/whitelip.com\/greatest-xl-cold-dry-16mg\/"},"modified":"2026-05-07T10:11:29","modified_gmt":"2026-05-07T10:11:29","slug":"greatest-xl-cold-dry-16mg","status":"publish","type":"product","link":"https:\/\/whitelip.com\/tr\/greatest\/greatest-xl-cold-dry-16mg\/","title":{"rendered":"GREATEST XL Cold Dry 16mg"},"content":{"rendered":"<h2><strong>GREATEST XL Cold Dry 16mg<\/strong><\/h2>\n<p><span style=\"font-weight: 400;\">GREATEST XL Cold Dry 16mg nikotin po\u015fetleri, ferahlat\u0131c\u0131 bir nane tad\u0131 ve gram ba\u015f\u0131na 16 mg nikotin g\u00fcc\u00fc sunmaktad\u0131r, her po\u015fete yakla\u015f\u0131k 13 mg olarak hesaplanmaktad\u0131r. Her kutu, di\u015fleri lekelendirmeden g\u00f6zle g\u00f6r\u00fcl\u00fcr kullan\u0131m i\u00e7in tasarlanm\u0131\u015f 20 geni\u015f format po\u015fet i\u00e7erir. Finlandiya'l\u0131 \u00fcretici Puff &amp; Pouch taraf\u0131ndan \u00fcretilen, \u00e7a\u011fda\u015f y\u00f6ntemleri geleneksel kalite ile birle\u015ftirmesiyle bilinir, bu po\u015fetler y\u00fcksek standartlar\u0131 ve yenilik\u00e7i tat kombinasyonlar\u0131n\u0131 \u00f6rneklendirir.<\/span><\/p>\n<table>\n<tbody>\n<tr>\n<td><b>Attribute<\/b><\/td>\n<td><b>Ayr\u0131nt\u0131lar<\/b><\/td>\n<\/tr>\n<tr>\n<td><b>10g (20 po\u015fet)<\/b><\/td>\n<td><span style=\"font-weight: 400;\">12g (20 po\u015fet)<\/span><\/td>\n<\/tr>\n<tr>\n<td><b>Nikotin i\u00e7eri\u011fi<\/b><\/td>\n<td><span style=\"font-weight: 400;\">16 mg\/g (13.32 mg per po\u015fet)<\/span><\/td>\n<\/tr>\n<tr>\n<td><b>Po\u015fet format\u0131<\/b><\/td>\n<td><span style=\"font-weight: 400;\">B\u00fcy\u00fck<\/span><\/td>\n<\/tr>\n<tr>\n<td><b>\u00dcretici<\/b><\/td>\n<td><span style=\"font-weight: 400;\">Puff &amp; Pouch<\/span><\/td>\n<\/tr>\n<tr>\n<td><b>Aroma<\/b><\/td>\n<td><span style=\"font-weight: 400;\">Nane<\/span><\/td>\n<\/tr>\n<tr>\n<td><b>T\u00fcr<\/b><\/td>\n<td><span style=\"font-weight: 400;\">Tamamen beyaz po\u015fet<\/span><\/td>\n<\/tr>\n<\/tbody>\n<\/table>","protected":false},"excerpt":{"rendered":"<p>Tazeleyici <strong data-start=\"11\" data-end=\"19\">nane<\/strong> temiz, so\u011futma profiline sahiptir. <strong data-start=\"51\" data-end=\"70\">XL geni\u015f format<\/strong> t\u00fcm\u00fc beyaz po\u015fetler, di\u015fleri lekelendirmeden g\u00f6zle g\u00f6r\u00fcl\u00fcr kullan\u0131m i\u00e7in tasarlanm\u0131\u015ft\u0131r; kutuda 20 adet. Her po\u015fet i\u00e7erir <strong data-start=\"178\" data-end=\"197\">~13 mg nikotin<\/strong> (<strong data-start=\"199\" data-end=\"210\">16 mg\/g<\/strong>), sabit ve tatmin edici bir etki sa\u011flar. Y\u00fcksek ve tutarl\u0131 kalite i\u00e7in Puff &amp; Pouch (Finlandiya) taraf\u0131ndan \u00fcretilmi\u015ftir.<\/p>","protected":false},"featured_media":9616,"comment_status":"open","ping_status":"closed","template":"","format":[204],"meta":{"_acf_changed":false},"product_brand":[],"product_cat":[87],"product_tag":[16593],"flavours":[199],"nicotine":[213,232],"class_list":{"0":"post-9615","1":"product","2":"type-product","3":"status-publish","4":"has-post-thumbnail","6":"product_cat-greatest","7":"product_tag-13-mg-pouch","8":"pa_quantity-1-pack","9":"pa_quantity-10-pack","10":"pa_quantity-3-pack","11":"pa_quantity-30-pack","12":"pa_quantity-5-pack","13":"pa_quantity-60-pack","14":"flavours-mint","15":"format-large","16":"nicotine-16-mg-g","17":"nicotine-extra-strong","19":"first","20":"instock","21":"taxable","22":"shipping-taxable","23":"purchasable","24":"product-type-variable","25":"has-default-attributes"},"acf":[],"_links":{"self":[{"href":"https:\/\/whitelip.com\/tr\/wp-json\/wp\/v2\/product\/9615","targetHints":{"allow":["GET"]}}],"collection":[{"href":"https:\/\/whitelip.com\/tr\/wp-json\/wp\/v2\/product"}],"about":[{"href":"https:\/\/whitelip.com\/tr\/wp-json\/wp\/v2\/types\/product"}],"replies":[{"embeddable":true,"href":"https:\/\/whitelip.com\/tr\/wp-json\/wp\/v2\/comments?post=9615"}],"wp:featuredmedia":[{"embeddable":true,"href":"https:\/\/whitelip.com\/tr\/wp-json\/wp\/v2\/media\/9616"}],"wp:attachment":[{"href":"https:\/\/whitelip.com\/tr\/wp-json\/wp\/v2\/media?parent=9615"}],"wp:term":[{"taxonomy":"product_brand","embeddable":true,"href":"https:\/\/whitelip.com\/tr\/wp-json\/wp\/v2\/product_brand?post=9615"},{"taxonomy":"product_cat","embeddable":true,"href":"https:\/\/whitelip.com\/tr\/wp-json\/wp\/v2\/product_cat?post=9615"},{"taxonomy":"product_tag","embeddable":true,"href":"https:\/\/whitelip.com\/tr\/wp-json\/wp\/v2\/product_tag?post=9615"},{"taxonomy":"flavours","embeddable":true,"href":"https:\/\/whitelip.com\/tr\/wp-json\/wp\/v2\/flavours?post=9615"},{"taxonomy":"format","embeddable":true,"href":"https:\/\/whitelip.com\/tr\/wp-json\/wp\/v2\/format?post=9615"},{"taxonomy":"nicotine","embeddable":true,"href":"https:\/\/whitelip.com\/tr\/wp-json\/wp\/v2\/nicotine?post=9615"}],"curies":[{"name":"wp","href":"https:\/\/api.w.org\/{rel}","templated":true}]}}