{"id":9580,"date":"2025-01-28T11:56:50","date_gmt":"2025-01-28T11:56:50","guid":{"rendered":"https:\/\/whitelip.com\/helwit-mocha-extra-strong\/"},"modified":"2026-05-06T10:11:17","modified_gmt":"2026-05-06T10:11:17","slug":"helwit-mocha-extra-strong","status":"publish","type":"product","link":"https:\/\/whitelip.com\/tr\/helwit\/helwit-mocha-extra-strong\/","title":{"rendered":"HELWIT Mocha Extra Strong"},"content":{"rendered":"<h2><strong>HELWIT Mocha Extra Strong<\/strong><\/h2>\n<p><span style=\"font-weight: 400;\">HELWIT Mocha Extra Strong nikotin po\u015fetleri, taze kavrulmu\u015f mocha kahvesinin lezzeti ile tatl\u0131 karamel ve \u00e7ikolata notalar\u0131n\u0131n ho\u015f bir kar\u0131\u015f\u0131m\u0131n\u0131 sunmaktad\u0131r. Her ince formatl\u0131 po\u015fet 1 grama kar\u015f\u0131l\u0131k 15 mg nikotin i\u00e7erir, bu da po\u015fet ba\u015f\u0131na yakla\u015f\u0131k 7,5 mg'a e\u015fittir ve d\u00fczenli kullan\u0131c\u0131lar i\u00e7in dengeli bir deneyim sa\u011flar. Po\u015fetler di\u015f boyamadan gizli kullan\u0131m i\u00e7in tasarlanm\u0131\u015ft\u0131r. \u0130sve\u00e7li \u00fcretici YOIK AB taraf\u0131ndan \u00fcretilen bu po\u015fetler, \u00e7a\u011fda\u015f y\u00f6ntemleri geleneksel kaliteyle harmanlayan ve y\u00fcksek standartlar ile yenilik\u00e7i lezzet kombinasyonlar\u0131n\u0131 \u00f6rnekleyen bir \u015firkettir.<\/span><\/p>\n<table>\n<tbody>\n<tr>\n<td><b>Attribute<\/b><\/td>\n<td><b>Ayr\u0131nt\u0131lar<\/b><\/td>\n<\/tr>\n<tr>\n<td><b>10g (20 po\u015fet)<\/b><\/td>\n<td><span style=\"font-weight: 400;\">Nikotin i\u00e7eri\u011fi<\/span><\/td>\n<\/tr>\n<tr>\n<td><b>Nikotin i\u00e7eri\u011fi<\/b><\/td>\n<td><span style=\"font-weight: 400;\">15 mg\/g (7,5 mg per po\u015fet)<\/span><\/td>\n<\/tr>\n<tr>\n<td><b>Po\u015fet format\u0131<\/b><\/td>\n<td><span style=\"font-weight: 400;\">\u0130nce<\/span><\/td>\n<\/tr>\n<tr>\n<td><b>\u00dcretici<\/b><\/td>\n<td><span style=\"font-weight: 400;\">YOIK AB<\/span><\/td>\n<\/tr>\n<tr>\n<td><b>Aroma<\/b><\/td>\n<td><span style=\"font-weight: 400;\">Mocha (kahve, karamel, \u00e7ikolata)<\/span><\/td>\n<\/tr>\n<tr>\n<td><b>T\u00fcr<\/b><\/td>\n<td><span style=\"font-weight: 400;\">Tamamen beyaz po\u015fet<\/span><\/td>\n<\/tr>\n<\/tbody>\n<\/table>","protected":false},"excerpt":{"rendered":"<p>Yeni kavrulmu\u015f <strong data-start=\"16\" data-end=\"25\">mocha<\/strong> tatl\u0131, doyurucu tat i\u00e7in karamel ve \u00e7ikolata notlar\u0131 ile kahve. <strong data-start=\"96\" data-end=\"104\">\u0130nce<\/strong> po\u015fetler dudak alt\u0131nda g\u00f6r\u00fcnmez \u015fekilde oturur ve di\u015fleri lekelemez. Her po\u015fet i\u00e7erir <strong data-start=\"185\" data-end=\"205\">~7,5 mg nikotin<\/strong> (15 mg\/g), d\u00fczenli kullan\u0131c\u0131lar i\u00e7in uygun dengeli ve tatmin edici bir sal\u0131n\u0131m sa\u011flar. YOIK AB (\u0130sve\u00e7) taraf\u0131ndan \u00fcretilmi\u015ftir.<\/p>","protected":false},"featured_media":9581,"comment_status":"open","ping_status":"closed","template":"","format":[206],"meta":{"_acf_changed":false},"product_brand":[],"product_cat":[52],"product_tag":[16601],"flavours":[192],"nicotine":[212,232],"class_list":{"0":"post-9580","1":"product","2":"type-product","3":"status-publish","4":"has-post-thumbnail","6":"product_cat-helwit","7":"product_tag-7-5-mg-pouch","8":"pa_quantity-1-pack","9":"pa_quantity-10-pack","10":"pa_quantity-3-pack","11":"pa_quantity-30-pack","12":"pa_quantity-5-pack","13":"pa_quantity-60-pack","14":"flavours-coffee","15":"format-slim","16":"nicotine-15-mg-g","17":"nicotine-extra-strong","19":"first","20":"instock","21":"taxable","22":"shipping-taxable","23":"purchasable","24":"product-type-variable","25":"has-default-attributes"},"acf":[],"_links":{"self":[{"href":"https:\/\/whitelip.com\/tr\/wp-json\/wp\/v2\/product\/9580","targetHints":{"allow":["GET"]}}],"collection":[{"href":"https:\/\/whitelip.com\/tr\/wp-json\/wp\/v2\/product"}],"about":[{"href":"https:\/\/whitelip.com\/tr\/wp-json\/wp\/v2\/types\/product"}],"replies":[{"embeddable":true,"href":"https:\/\/whitelip.com\/tr\/wp-json\/wp\/v2\/comments?post=9580"}],"wp:featuredmedia":[{"embeddable":true,"href":"https:\/\/whitelip.com\/tr\/wp-json\/wp\/v2\/media\/9581"}],"wp:attachment":[{"href":"https:\/\/whitelip.com\/tr\/wp-json\/wp\/v2\/media?parent=9580"}],"wp:term":[{"taxonomy":"product_brand","embeddable":true,"href":"https:\/\/whitelip.com\/tr\/wp-json\/wp\/v2\/product_brand?post=9580"},{"taxonomy":"product_cat","embeddable":true,"href":"https:\/\/whitelip.com\/tr\/wp-json\/wp\/v2\/product_cat?post=9580"},{"taxonomy":"product_tag","embeddable":true,"href":"https:\/\/whitelip.com\/tr\/wp-json\/wp\/v2\/product_tag?post=9580"},{"taxonomy":"flavours","embeddable":true,"href":"https:\/\/whitelip.com\/tr\/wp-json\/wp\/v2\/flavours?post=9580"},{"taxonomy":"format","embeddable":true,"href":"https:\/\/whitelip.com\/tr\/wp-json\/wp\/v2\/format?post=9580"},{"taxonomy":"nicotine","embeddable":true,"href":"https:\/\/whitelip.com\/tr\/wp-json\/wp\/v2\/nicotine?post=9580"}],"curies":[{"name":"wp","href":"https:\/\/api.w.org\/{rel}","templated":true}]}}