{"id":9550,"date":"2025-01-07T10:07:23","date_gmt":"2025-01-07T10:07:23","guid":{"rendered":"https:\/\/whitelip.com\/zyn-fresh-mint-11mg\/"},"modified":"2026-05-09T10:11:05","modified_gmt":"2026-05-09T10:11:05","slug":"zyn-fresh-mint-11mg","status":"publish","type":"product","link":"https:\/\/whitelip.com\/tr\/zyn\/zyn-fresh-mint-11mg\/","title":{"rendered":"ZYN Fresh Mint 11mg"},"content":{"rendered":"<h2><b>ZYN Fresh Mint 11mg<\/b><\/h2>\n<p><span style=\"font-weight: 400;\">ZYN Fresh Mint 11mg, nane so\u011fuklu\u011funu spearmint ve vanilya notalar\u0131yla birle\u015ftirerek keskin ve canland\u0131r\u0131c\u0131 bir nikotin deneyimi sunar. Bu kar\u0131\u015f\u0131m, temiz ve keskin bir aroma profili arayan ki\u015filer i\u00e7in ideal olan ferahlat\u0131c\u0131 bir sensation sunmaktad\u0131r.<\/span><\/p>\n<p><span style=\"font-weight: 400;\">Her ince, saf beyaz po\u015fet 11 mg nikotin i\u00e7erir ve daha hafif bir nikotin se\u00e7ene\u011fini tercih edenler i\u00e7in uygun olan orta d\u00fczey ve dengeli bir sal\u0131n\u0131m sa\u011flar. \u0130nce format, a\u011f\u0131z alt\u0131nda ayr\u0131k ve rahat bir uyum sa\u011flayarak, herhangi bir yerde, herhangi bir zamanda temiz, lekesiz kullan\u0131m yap\u0131lmas\u0131n\u0131 sa\u011flar. Y\u00fcksek kaliteli, bitki bazl\u0131 materyallerden tamamen \u00fcretilen ZYN Fresh Mint 11mg, benzersiz bir aroma profiline sahip modern ve keyifli bir nikotin alternatifi sunar.<\/span><\/p>\n<table>\n<tbody>\n<tr>\n<td><b>Attribute<\/b><\/td>\n<td><b>Ayr\u0131nt\u0131lar<\/b><\/td>\n<\/tr>\n<tr>\n<td><span style=\"font-weight: 400;\">Brand<\/span><\/td>\n<td><span style=\"font-weight: 400;\">ZYN<\/span><\/td>\n<\/tr>\n<tr>\n<td><span style=\"font-weight: 400;\">\u00dcr\u00fcn T\u00fcr\u00fc<\/span><\/td>\n<td><span style=\"font-weight: 400;\">T\u00fcm Beyaz Nikotin Po\u015fetleri<\/span><\/td>\n<\/tr>\n<tr>\n<td><span style=\"font-weight: 400;\">Format<\/span><\/td>\n<td><span style=\"font-weight: 400;\">\u0130nce<\/span><\/td>\n<\/tr>\n<tr>\n<td><span style=\"font-weight: 400;\">Aroma<\/span><\/td>\n<td><span style=\"font-weight: 400;\">Nane Bah\u00e7e Bitkisi, \u0130peksi Di\u015fli Nane ve Vanilya<\/span><\/td>\n<\/tr>\n<tr>\n<td><span style=\"font-weight: 400;\">Nikotin G\u00fcc\u00fc<\/span><\/td>\n<td><span style=\"font-weight: 400;\">po\u015f ba\u015f\u0131na 11 mg<\/span><\/td>\n<\/tr>\n<tr>\n<td><span style=\"font-weight: 400;\">K\u0131s\u0131m A\u011f\u0131rl\u0131\u011f\u0131<\/span><\/td>\n<td><span style=\"font-weight: 400;\">0,7 gram<\/span><\/td>\n<\/tr>\n<tr>\n<td><span style=\"font-weight: 400;\">K\u0131s\u0131m Say\u0131s\u0131<\/span><\/td>\n<td><span style=\"font-weight: 400;\">Kutuda 21 adet<\/span><\/td>\n<\/tr>\n<tr>\n<td><span style=\"font-weight: 400;\">Toplam Kutu A\u011f\u0131rl\u0131\u011f\u0131<\/span><\/td>\n<td><span style=\"font-weight: 400;\">14,7 gram<\/span><\/td>\n<\/tr>\n<tr>\n<td><span style=\"font-weight: 400;\">\u00dcretici<\/span><\/td>\n<td><span style=\"font-weight: 400;\">Swedish Match<\/span><\/td>\n<\/tr>\n<tr>\n<td><span style=\"font-weight: 400;\">Dikkate De\u011fer \u00d6zellikler<\/span><\/td>\n<td><span style=\"font-weight: 400;\">T\u00fct\u00fcns\u00fcz, ince format, ferahlayan nane tad\u0131<\/span><\/td>\n<\/tr>\n<\/tbody>\n<\/table>","protected":false},"excerpt":{"rendered":"<p>ZYN <strong data-start=\"4\" data-end=\"18\">Fresh Mint<\/strong> <strong data-start=\"19\" data-end=\"28\">11 mg<\/strong> serin naneyi ince spearmint ve vanilya ile birle\u015ftirerek keskin, ferahlat\u0131c\u0131 bir profil sunar. Her po\u015fet i\u00e7erir <strong data-start=\"139\" data-end=\"157\">11 mg nikotin<\/strong> temiz, canland\u0131r\u0131c\u0131 bir deneyim i\u00e7in.<\/p>","protected":false},"featured_media":9551,"comment_status":"open","ping_status":"closed","template":"","format":[206],"meta":{"_acf_changed":false},"product_brand":[],"product_cat":[37],"product_tag":[16551],"flavours":[199],"nicotine":[230,236],"class_list":{"0":"post-9550","1":"product","2":"type-product","3":"status-publish","4":"has-post-thumbnail","6":"product_cat-zyn","7":"product_tag-11-mg-pouch","8":"pa_quantity-1-pack","9":"pa_quantity-10-pack","10":"pa_quantity-3-pack","11":"pa_quantity-30-pack","12":"pa_quantity-5-pack","13":"pa_quantity-60-pack","14":"flavours-mint","15":"format-slim","16":"nicotine-8-mg-g","17":"nicotine-strong","19":"first","20":"outofstock","21":"taxable","22":"shipping-taxable","23":"purchasable","24":"product-type-variable","25":"has-default-attributes"},"acf":[],"_links":{"self":[{"href":"https:\/\/whitelip.com\/tr\/wp-json\/wp\/v2\/product\/9550","targetHints":{"allow":["GET"]}}],"collection":[{"href":"https:\/\/whitelip.com\/tr\/wp-json\/wp\/v2\/product"}],"about":[{"href":"https:\/\/whitelip.com\/tr\/wp-json\/wp\/v2\/types\/product"}],"replies":[{"embeddable":true,"href":"https:\/\/whitelip.com\/tr\/wp-json\/wp\/v2\/comments?post=9550"}],"wp:featuredmedia":[{"embeddable":true,"href":"https:\/\/whitelip.com\/tr\/wp-json\/wp\/v2\/media\/9551"}],"wp:attachment":[{"href":"https:\/\/whitelip.com\/tr\/wp-json\/wp\/v2\/media?parent=9550"}],"wp:term":[{"taxonomy":"product_brand","embeddable":true,"href":"https:\/\/whitelip.com\/tr\/wp-json\/wp\/v2\/product_brand?post=9550"},{"taxonomy":"product_cat","embeddable":true,"href":"https:\/\/whitelip.com\/tr\/wp-json\/wp\/v2\/product_cat?post=9550"},{"taxonomy":"product_tag","embeddable":true,"href":"https:\/\/whitelip.com\/tr\/wp-json\/wp\/v2\/product_tag?post=9550"},{"taxonomy":"flavours","embeddable":true,"href":"https:\/\/whitelip.com\/tr\/wp-json\/wp\/v2\/flavours?post=9550"},{"taxonomy":"format","embeddable":true,"href":"https:\/\/whitelip.com\/tr\/wp-json\/wp\/v2\/format?post=9550"},{"taxonomy":"nicotine","embeddable":true,"href":"https:\/\/whitelip.com\/tr\/wp-json\/wp\/v2\/nicotine?post=9550"}],"curies":[{"name":"wp","href":"https:\/\/api.w.org\/{rel}","templated":true}]}}