{"id":95378,"date":"2026-04-20T09:08:02","date_gmt":"2026-04-20T09:08:02","guid":{"rendered":"https:\/\/whitelip.com\/?post_type=product&#038;p=95378"},"modified":"2026-04-20T10:11:20","modified_gmt":"2026-04-20T10:11:20","slug":"zyn-guava-spice-11mg-exp-05-07-2026","status":"publish","type":"product","link":"https:\/\/whitelip.com\/tr\/zyn\/zyn-guava-spice-11mg-exp-05-07-2026\/","title":{"rendered":"ZYN Guava Spice 11mg Exp.05\/07\/2026"},"content":{"rendered":"<h2>ZYN Guava Spice 11mg Exp.05\/07\/2026<\/h2>\n<p><span style=\"font-weight: 400;\">ZYN Guava Spice 11mg, <\/span><b>keskin ve ferahlat\u0131c\u0131 guava aromas\u0131<\/b><span style=\"font-weight: 400;\">sunarak, g\u00fc\u00e7l\u00fc bir <\/span><b>\u0131s\u0131tma etkisi<\/b><span style=\"font-weight: 400;\">sunarak canland\u0131r\u0131c\u0131 bir nikotin deneyimi sa\u011flar. Saf, keskin profil, temiz, keskin bir tat tercih edenler i\u00e7in p\u00fcr\u00fczs\u00fcz ve ferahlat\u0131c\u0131 bir sensation sunar. Her ince, saf beyaz po\u015fet i\u00e7erir <\/span><b>11 mg nikotin<\/b><span style=\"font-weight: 400;\">, daha yo\u011fun bir nikotin deneyimi arayan kullan\u0131c\u0131lar i\u00e7in uygun g\u00fc\u00e7l\u00fc ve sabit bir sal\u0131n\u0131m sa\u011flayarak.<\/span><\/p>\n<p><span style=\"font-weight: 400;\">\u0130nce format, a\u011f\u0131z alt\u0131nda ayr\u0131k ve rahat bir uyum sa\u011flayarak, herhangi bir yerde, herhan\u00e7 bir zamanda temiz, lekesiz kullan\u0131m yap\u0131lmas\u0131n\u0131 sa\u011flar. Tamamen t\u00fct\u00fcns\u00fcz ve y\u00fcksek kaliteli bitki bazl\u0131 materyallerden \u00fcretilen ZYN Guava Spice 11mg, cesur, ferahlat\u0131c\u0131 keskin guava sensasyonu ile modern ve tatmin edici bir nikotin alternatifi sunar.<\/span><\/p>\n<table>\n<tbody>\n<tr>\n<td><b>Attribute<\/b><\/td>\n<td><b>Ayr\u0131nt\u0131lar<\/b><\/td>\n<\/tr>\n<tr>\n<td><b>Brand<\/b><\/td>\n<td><span style=\"font-weight: 400;\">ZYN<\/span><\/td>\n<\/tr>\n<tr>\n<td><b>\u00dcr\u00fcn T\u00fcr\u00fc<\/b><\/td>\n<td><span style=\"font-weight: 400;\">T\u00fcm Beyaz Nikotin Po\u015fetleri<\/span><\/td>\n<\/tr>\n<tr>\n<td><b>Format<\/b><\/td>\n<td><span style=\"font-weight: 400;\">\u0130nce<\/span><\/td>\n<\/tr>\n<tr>\n<td><b>Aroma<\/b><\/td>\n<td><span style=\"font-weight: 400;\">Guava<\/span><\/td>\n<\/tr>\n<tr>\n<td><b>Nikotin G\u00fcc\u00fc<\/b><\/td>\n<td><span style=\"font-weight: 400;\">po\u015f ba\u015f\u0131na 11 mg<\/span><\/td>\n<\/tr>\n<tr>\n<td><b>K\u0131s\u0131m A\u011f\u0131rl\u0131\u011f\u0131<\/b><\/td>\n<td><span style=\"font-weight: 400;\">0,7 gram<\/span><\/td>\n<\/tr>\n<tr>\n<td><b>K\u0131s\u0131m Say\u0131s\u0131<\/b><\/td>\n<td><span style=\"font-weight: 400;\">Kutuda 21 adet<\/span><\/td>\n<\/tr>\n<tr>\n<td><b>Toplam Kutu A\u011f\u0131rl\u0131\u011f\u0131<\/b><\/td>\n<td><span style=\"font-weight: 400;\">14,7 gram<\/span><\/td>\n<\/tr>\n<tr>\n<td><b>\u00dcretici<\/b><\/td>\n<td><span style=\"font-weight: 400;\">Swedish Match<\/span><\/td>\n<\/tr>\n<tr>\n<td><b>Dikkate De\u011fer \u00d6zellikler<\/b><\/td>\n<td><span style=\"font-weight: 400;\">T\u00fct\u00fcn i\u00e7ermez, ince format, so\u011futma etkisine sahip g\u00fc\u00e7l\u00fc nane tat<\/span><\/td>\n<\/tr>\n<\/tbody>\n<\/table>","protected":false},"excerpt":{"rendered":"<p>ZYN <strong data-start=\"4\" data-end=\"19\">Guava Spice<\/strong> <strong data-start=\"20\" data-end=\"28\">ince<\/strong> keskin, ferahlat\u0131c\u0131 guava sunarak temiz, canland\u0131r\u0131c\u0131 bir profil i\u00e7in g\u00fc\u00e7l\u00fc \u0131s\u0131tma etkisiyle birlikte gelir. Her po\u015fet i\u00e7erir <strong data-start=\"146\" data-end=\"164\">11 mg nikotin<\/strong> g\u00fc\u00e7l\u00fc, sabit bir salg\u0131lanma i\u00e7in.<\/p>","protected":false},"featured_media":29223,"comment_status":"open","ping_status":"closed","template":"","format":[],"meta":{"_acf_changed":false},"product_brand":[],"product_cat":[37],"product_tag":[16551,16519],"flavours":[],"nicotine":[],"class_list":{"0":"post-95378","1":"product","2":"type-product","3":"status-publish","4":"has-post-thumbnail","6":"product_cat-zyn","7":"product_tag-11-mg-pouch","8":"product_tag-25-off","9":"pa_quantity-1-pack","10":"pa_quantity-10-pack","11":"pa_quantity-3-pack","12":"pa_quantity-30-pack","13":"pa_quantity-5-pack","14":"pa_quantity-60-pack","16":"first","17":"instock","18":"sale","19":"purchasable","20":"product-type-variable"},"acf":[],"_links":{"self":[{"href":"https:\/\/whitelip.com\/tr\/wp-json\/wp\/v2\/product\/95378","targetHints":{"allow":["GET"]}}],"collection":[{"href":"https:\/\/whitelip.com\/tr\/wp-json\/wp\/v2\/product"}],"about":[{"href":"https:\/\/whitelip.com\/tr\/wp-json\/wp\/v2\/types\/product"}],"replies":[{"embeddable":true,"href":"https:\/\/whitelip.com\/tr\/wp-json\/wp\/v2\/comments?post=95378"}],"wp:featuredmedia":[{"embeddable":true,"href":"https:\/\/whitelip.com\/tr\/wp-json\/wp\/v2\/media\/29223"}],"wp:attachment":[{"href":"https:\/\/whitelip.com\/tr\/wp-json\/wp\/v2\/media?parent=95378"}],"wp:term":[{"taxonomy":"product_brand","embeddable":true,"href":"https:\/\/whitelip.com\/tr\/wp-json\/wp\/v2\/product_brand?post=95378"},{"taxonomy":"product_cat","embeddable":true,"href":"https:\/\/whitelip.com\/tr\/wp-json\/wp\/v2\/product_cat?post=95378"},{"taxonomy":"product_tag","embeddable":true,"href":"https:\/\/whitelip.com\/tr\/wp-json\/wp\/v2\/product_tag?post=95378"},{"taxonomy":"flavours","embeddable":true,"href":"https:\/\/whitelip.com\/tr\/wp-json\/wp\/v2\/flavours?post=95378"},{"taxonomy":"format","embeddable":true,"href":"https:\/\/whitelip.com\/tr\/wp-json\/wp\/v2\/format?post=95378"},{"taxonomy":"nicotine","embeddable":true,"href":"https:\/\/whitelip.com\/tr\/wp-json\/wp\/v2\/nicotine?post=95378"}],"curies":[{"name":"wp","href":"https:\/\/api.w.org\/{rel}","templated":true}]}}