{"id":95367,"date":"2026-04-20T09:00:37","date_gmt":"2026-04-20T09:00:37","guid":{"rendered":"https:\/\/whitelip.com\/?post_type=product&#038;p=95367"},"modified":"2026-04-20T10:11:20","modified_gmt":"2026-04-20T10:11:20","slug":"zyn-menthol-ice-13-5mg-exp-05-12-2026","status":"publish","type":"product","link":"https:\/\/whitelip.com\/tr\/zyn\/zyn-menthol-ice-13-5mg-exp-05-12-2026\/","title":{"rendered":"ZYN Menthol Ice 13.5mg Exp.05\/12\/2026"},"content":{"rendered":"<h2>ZYN Menthol Ice 13.5mg Exp.05\/12\/2026<\/h2>\n<p><span style=\"font-weight: 400;\">ZYN Menthol Ice 13.5mg keskin ve ferahlat\u0131c\u0131 bir nane deneyimi sunar ve ultra-so\u011futucu mentol hissi ile g\u00fc\u00e7lendirilmi\u015ftir. Deneyimli kullan\u0131c\u0131lar i\u00e7in tasarlanan her po\u015fet, 13.5 mg nikotin i\u00e7erir ve duyular\u0131 uyand\u0131ran cesur, buz gibi bir biti\u015fe sahiptir. Bu g\u00fc\u00e7l\u00fc, nane a\u011f\u0131rl\u0131kl\u0131 profil, hem tat hem de kuvvet a\u00e7\u0131s\u0131ndan maksimum yo\u011funluk arayan ki\u015filer i\u00e7in m\u00fckemmeldir.<\/span><\/p>\n<p><span style=\"font-weight: 400;\">Slim, tamamen beyaz format\u0131 sayesinde ZYN Menthol Ice duda\u011f\u0131n alt\u0131nda rahat\u00e7a ve gizli bir \u015fekilde oturur ve di\u015fleri lekemez. Tamamen bitki bazl\u0131 malzemelerden yap\u0131lm\u0131\u015f ve t\u00fct\u00fcns\u00fcz olan \u00fcr\u00fcn, canl\u0131, donmu\u015f bir kenar\u0131 olan modern nikotin kullan\u0131m\u0131 i\u00e7in temiz ve tatmin edici bir alternatif sunar.<\/span><\/p>\n<table>\n<tbody>\n<tr>\n<td><b>Attribute<\/b><\/td>\n<td><b>Ayr\u0131nt\u0131lar<\/b><\/td>\n<\/tr>\n<tr>\n<td><span style=\"font-weight: 400;\">Brand<\/span><\/td>\n<td><span style=\"font-weight: 400;\">ZYN<\/span><\/td>\n<\/tr>\n<tr>\n<td><span style=\"font-weight: 400;\">\u00dcr\u00fcn T\u00fcr\u00fc<\/span><\/td>\n<td><span style=\"font-weight: 400;\">T\u00fcm Beyaz Nikotin Po\u015fetleri<\/span><\/td>\n<\/tr>\n<tr>\n<td><span style=\"font-weight: 400;\">Format<\/span><\/td>\n<td><span style=\"font-weight: 400;\">\u0130nce<\/span><\/td>\n<\/tr>\n<tr>\n<td><span style=\"font-weight: 400;\">Aroma<\/span><\/td>\n<td><span style=\"font-weight: 400;\">Menthol<\/span><\/td>\n<\/tr>\n<tr>\n<td><span style=\"font-weight: 400;\">Nikotin G\u00fcc\u00fc<\/span><\/td>\n<td><span style=\"font-weight: 400;\">Po\u015fet ba\u015f\u0131na 13.5 mg (19.3 mg\/g)<\/span><\/td>\n<\/tr>\n<tr>\n<td><span style=\"font-weight: 400;\">K\u0131s\u0131m A\u011f\u0131rl\u0131\u011f\u0131<\/span><\/td>\n<td><span style=\"font-weight: 400;\">0,7 gram<\/span><\/td>\n<\/tr>\n<tr>\n<td><span style=\"font-weight: 400;\">K\u0131s\u0131m Say\u0131s\u0131<\/span><\/td>\n<td><span style=\"font-weight: 400;\">Kutuda 21 adet<\/span><\/td>\n<\/tr>\n<tr>\n<td><span style=\"font-weight: 400;\">Toplam Kutu A\u011f\u0131rl\u0131\u011f\u0131<\/span><\/td>\n<td><span style=\"font-weight: 400;\">14,7 gram<\/span><\/td>\n<\/tr>\n<tr>\n<td><span style=\"font-weight: 400;\">\u00dcretici<\/span><\/td>\n<td><span style=\"font-weight: 400;\">Swedish Match<\/span><\/td>\n<\/tr>\n<tr>\n<td><span style=\"font-weight: 400;\">Dikkate De\u011fer \u00d6zellikler<\/span><\/td>\n<td><span style=\"font-weight: 400;\">T\u00fct\u00fcns\u00fcz, ince format, yo\u011fun nane aromas\u0131, y\u00fcksek nikotin kuvveti<\/span><\/td>\n<\/tr>\n<\/tbody>\n<\/table>","protected":false},"excerpt":{"rendered":"<p>ZYN <strong data-start=\"4\" data-end=\"19\">Menthol Ice<\/strong> keskin, ferahlat\u0131c\u0131 nane tad\u0131 verir ve ultra-so\u011futucu mentol ile cesur, buz gibi bir biti\u015fe sahiptir. Her po\u015fet i\u00e7erir <strong data-start=\"123\" data-end=\"143\">13.5 mg nikotin<\/strong> g\u00fc\u00e7l\u00fc, yo\u011fun bir sal\u0131n\u0131m i\u00e7in deneyimli kullan\u0131c\u0131lar i\u00e7in idealdir.<\/p>","protected":false},"featured_media":10631,"comment_status":"open","ping_status":"closed","template":"","format":[],"meta":{"_acf_changed":false},"product_brand":[],"product_cat":[37],"product_tag":[17007,16519],"flavours":[],"nicotine":[],"class_list":{"0":"post-95367","1":"product","2":"type-product","3":"status-publish","4":"has-post-thumbnail","6":"product_cat-zyn","7":"product_tag-13-5-mg-pouch","8":"product_tag-25-off","9":"pa_quantity-1-pack","10":"pa_quantity-10-pack","11":"pa_quantity-3-pack","12":"pa_quantity-30-pack","13":"pa_quantity-5-pack","14":"pa_quantity-60-pack","16":"first","17":"instock","18":"sale","19":"taxable","20":"shipping-taxable","21":"purchasable","22":"product-type-variable","23":"has-default-attributes"},"acf":[],"_links":{"self":[{"href":"https:\/\/whitelip.com\/tr\/wp-json\/wp\/v2\/product\/95367","targetHints":{"allow":["GET"]}}],"collection":[{"href":"https:\/\/whitelip.com\/tr\/wp-json\/wp\/v2\/product"}],"about":[{"href":"https:\/\/whitelip.com\/tr\/wp-json\/wp\/v2\/types\/product"}],"replies":[{"embeddable":true,"href":"https:\/\/whitelip.com\/tr\/wp-json\/wp\/v2\/comments?post=95367"}],"wp:featuredmedia":[{"embeddable":true,"href":"https:\/\/whitelip.com\/tr\/wp-json\/wp\/v2\/media\/10631"}],"wp:attachment":[{"href":"https:\/\/whitelip.com\/tr\/wp-json\/wp\/v2\/media?parent=95367"}],"wp:term":[{"taxonomy":"product_brand","embeddable":true,"href":"https:\/\/whitelip.com\/tr\/wp-json\/wp\/v2\/product_brand?post=95367"},{"taxonomy":"product_cat","embeddable":true,"href":"https:\/\/whitelip.com\/tr\/wp-json\/wp\/v2\/product_cat?post=95367"},{"taxonomy":"product_tag","embeddable":true,"href":"https:\/\/whitelip.com\/tr\/wp-json\/wp\/v2\/product_tag?post=95367"},{"taxonomy":"flavours","embeddable":true,"href":"https:\/\/whitelip.com\/tr\/wp-json\/wp\/v2\/flavours?post=95367"},{"taxonomy":"format","embeddable":true,"href":"https:\/\/whitelip.com\/tr\/wp-json\/wp\/v2\/format?post=95367"},{"taxonomy":"nicotine","embeddable":true,"href":"https:\/\/whitelip.com\/tr\/wp-json\/wp\/v2\/nicotine?post=95367"}],"curies":[{"name":"wp","href":"https:\/\/api.w.org\/{rel}","templated":true}]}}