{"id":9506,"date":"2024-12-10T11:14:40","date_gmt":"2024-12-10T11:14:40","guid":{"rendered":"https:\/\/whitelip.com\/zxs-exotic-chill-jumbo-can\/"},"modified":"2026-04-30T10:10:59","modified_gmt":"2026-04-30T10:10:59","slug":"zxs-exotic-chill-jumbo-can","status":"publish","type":"product","link":"https:\/\/whitelip.com\/tr\/jumbo-can\/zxs-exotic-chill-jumbo-can\/","title":{"rendered":"Z!XS Exotic Chill Jumbo Can"},"content":{"rendered":"<h2><b>Z!XS Exotic Chill Jumbo Can<\/b><\/h2>\n<p><span style=\"font-weight: 400;\">Z!XS Exotic Chill Jumbo Can benzersiz bir tat kar\u0131\u015f\u0131m\u0131 sunur: <\/span><b>tropikal meyve aromalar\u0131<\/b><span style=\"font-weight: 400;\"> hafif bir <\/span><b>so\u011futma hissi<\/b><span style=\"font-weight: 400;\">ile birle\u015ftirilmi\u015f, ferahlat\u0131c\u0131 ve canl\u0131 bir nikotin deneyimi sunmaktad\u0131r. Meyvesel ancak canland\u0131r\u0131c\u0131 bir twist'i takdir eden kullan\u0131c\u0131lar i\u00e7in ideal, her ince, tamamen beyaz po\u015fet <\/span><b>12 mg nikotin<\/b><span style=\"font-weight: 400;\">i\u00e7erir ve deneyimli kullan\u0131c\u0131lar i\u00e7in ideal olan g\u00fc\u00e7l\u00fc ve istikrarl\u0131 bir sal\u0131n\u0131m sa\u011flar.<\/span><\/p>\n<p><span style=\"font-weight: 400;\">Bir <\/span><b>jumbo kutu<\/b><span style=\"font-weight: 400;\"> 320 porsiyonlu Z!XS Exotic Chill, uzun s\u00fcreli kullan\u0131m i\u00e7in idealdir ve harika bir de\u011fer ve kolayl\u0131k sunuyor. \u0130nce format, duda\u011f\u0131n alt\u0131nda rahat ve gizli bir uyum sa\u011flarken, t\u00fct\u00fcns\u00fcz tasar\u0131m temiz ve lekesiz bir keyif garantiler. Z!XS Exotic Chill Jumbo Can, cesur bir tropikal aroma ile so\u011fuk ve tazeleyici bir biti\u015fi birle\u015ftiren ve arayan olanlar i\u00e7in m\u00fckemmel se\u00e7imdir.<\/span><\/p>\n<table>\n<tbody>\n<tr>\n<td><b>Attribute<\/b><\/td>\n<td><b>Ayr\u0131nt\u0131lar<\/b><\/td>\n<\/tr>\n<tr>\n<td><b>Brand<\/b><\/td>\n<td><span style=\"font-weight: 400;\">Z!XS<\/span><\/td>\n<\/tr>\n<tr>\n<td><b>\u00dcr\u00fcn T\u00fcr\u00fc<\/b><\/td>\n<td><span style=\"font-weight: 400;\">T\u00fcm Beyaz Nikotin Po\u015fetleri<\/span><\/td>\n<\/tr>\n<tr>\n<td><b>Format<\/b><\/td>\n<td><span style=\"font-weight: 400;\">\u0130nce<\/span><\/td>\n<\/tr>\n<tr>\n<td><b>Aroma<\/b><\/td>\n<td><span style=\"font-weight: 400;\">Tropikal Meyveler ve So\u011futma<\/span><\/td>\n<\/tr>\n<tr>\n<td><b>Nikotin G\u00fcc\u00fc<\/b><\/td>\n<td><span style=\"font-weight: 400;\">Po\u015fet ba\u015f\u0131na 12 mg<\/span><\/td>\n<\/tr>\n<tr>\n<td><b>K\u0131s\u0131m A\u011f\u0131rl\u0131\u011f\u0131<\/b><\/td>\n<td><span style=\"font-weight: 400;\">0,7 gram<\/span><\/td>\n<\/tr>\n<tr>\n<td><b>K\u0131s\u0131m Say\u0131s\u0131<\/b><\/td>\n<td><span style=\"font-weight: 400;\">Kutu ba\u015f\u0131na 320 (Jumbo Kutu)<\/span><\/td>\n<\/tr>\n<tr>\n<td><b>Toplam Kutu A\u011f\u0131rl\u0131\u011f\u0131<\/b><\/td>\n<td><span style=\"font-weight: 400;\">46,2 gram<\/span><\/td>\n<\/tr>\n<tr>\n<td><b>\u00dcretici<\/b><\/td>\n<td><span style=\"font-weight: 400;\">Z!XS International<\/span><\/td>\n<\/tr>\n<tr>\n<td><b>Dikkate De\u011fer \u00d6zellikler<\/b><\/td>\n<td><span style=\"font-weight: 400;\">T\u00fct\u00fcns\u00fcz, ince format, so\u011futma hissi ile tropikal meyve aromas\u0131, 66 porsiyon ile jumbo kutu<\/span><\/td>\n<\/tr>\n<\/tbody>\n<\/table>","protected":false},"excerpt":{"rendered":"<p>Z!XS <strong data-start=\"5\" data-end=\"21\">Exotic Chill<\/strong> <strong data-start=\"22\" data-end=\"38\">Extra Strong<\/strong> tropikal meyveler ile ince so\u011futma biti\u015fi i\u00e7in tazeleyici, canl\u0131 bir profil harmanlar. <strong data-start=\"130\" data-end=\"138\">ince<\/strong>, tamamen beyaz po\u015fetler ayr\u0131k ve rahattur. Her po\u015fet i\u00e7erir <strong data-start=\"208\" data-end=\"226\">12 mg nikotin<\/strong>, deneyimli kullan\u0131c\u0131lar i\u00e7in g\u00fc\u00e7l\u00fc ve sabit bir sal\u0131n\u0131m sa\u011flayan. Jumbo kutu yakla\u015f\u0131k olarak <strong>320 Slim<\/strong> po\u015fet i\u00e7eriyor ve standart kutu formatlar\u0131ndan \u00f6nemli \u00f6l\u00e7\u00fcde daha fazla hacim sunuyor.<\/p>","protected":false},"featured_media":9507,"comment_status":"open","ping_status":"closed","template":"","format":[206],"meta":{"_acf_changed":false},"product_brand":[],"product_cat":[92,39],"product_tag":[16561],"flavours":[196],"nicotine":[213,232],"class_list":{"0":"post-9506","1":"product","2":"type-product","3":"status-publish","4":"has-post-thumbnail","6":"product_cat-jumbo-can","7":"product_cat-zxs","8":"product_tag-12-mg-pouch","9":"pa_quantity-1-pack","10":"pa_quantity-10-pack","11":"pa_quantity-2-pack","12":"pa_quantity-3-pack","13":"pa_quantity-30-pack","14":"pa_quantity-5-pack","15":"pa_quantity-60-pack","16":"flavours-fruits-berries","17":"format-slim","18":"nicotine-16-mg-g","19":"nicotine-extra-strong","21":"first","22":"instock","23":"taxable","24":"shipping-taxable","25":"purchasable","26":"product-type-variable"},"acf":[],"_links":{"self":[{"href":"https:\/\/whitelip.com\/tr\/wp-json\/wp\/v2\/product\/9506","targetHints":{"allow":["GET"]}}],"collection":[{"href":"https:\/\/whitelip.com\/tr\/wp-json\/wp\/v2\/product"}],"about":[{"href":"https:\/\/whitelip.com\/tr\/wp-json\/wp\/v2\/types\/product"}],"replies":[{"embeddable":true,"href":"https:\/\/whitelip.com\/tr\/wp-json\/wp\/v2\/comments?post=9506"}],"wp:featuredmedia":[{"embeddable":true,"href":"https:\/\/whitelip.com\/tr\/wp-json\/wp\/v2\/media\/9507"}],"wp:attachment":[{"href":"https:\/\/whitelip.com\/tr\/wp-json\/wp\/v2\/media?parent=9506"}],"wp:term":[{"taxonomy":"product_brand","embeddable":true,"href":"https:\/\/whitelip.com\/tr\/wp-json\/wp\/v2\/product_brand?post=9506"},{"taxonomy":"product_cat","embeddable":true,"href":"https:\/\/whitelip.com\/tr\/wp-json\/wp\/v2\/product_cat?post=9506"},{"taxonomy":"product_tag","embeddable":true,"href":"https:\/\/whitelip.com\/tr\/wp-json\/wp\/v2\/product_tag?post=9506"},{"taxonomy":"flavours","embeddable":true,"href":"https:\/\/whitelip.com\/tr\/wp-json\/wp\/v2\/flavours?post=9506"},{"taxonomy":"format","embeddable":true,"href":"https:\/\/whitelip.com\/tr\/wp-json\/wp\/v2\/format?post=9506"},{"taxonomy":"nicotine","embeddable":true,"href":"https:\/\/whitelip.com\/tr\/wp-json\/wp\/v2\/nicotine?post=9506"}],"curies":[{"name":"wp","href":"https:\/\/api.w.org\/{rel}","templated":true}]}}