{"id":9504,"date":"2024-12-10T11:14:41","date_gmt":"2024-12-10T11:14:41","guid":{"rendered":"https:\/\/whitelip.com\/zxs-north-ice-66-jumbo-can\/"},"modified":"2026-04-30T15:31:56","modified_gmt":"2026-04-30T15:31:56","slug":"zxs-north-ice-66-jumbo-can","status":"publish","type":"product","link":"https:\/\/whitelip.com\/tr\/jumbo-can\/zxs-north-ice-66-jumbo-can\/","title":{"rendered":"Z!XS North Ice -66 Jumbo Can"},"content":{"rendered":"<h2><b>Z!XS North Ice -66 Jumbo Can<\/b><\/h2>\n<p><span style=\"font-weight: 400;\">yo\u011fun buzlu nane tad\u0131n\u0131 <\/span><b>deneyimli kullan\u0131c\u0131lar i\u00e7in cesur bir se\u00e7im olan ultra g\u00fc\u00e7l\u00fc bir nikotin vuru\u015fuyla birle\u015ftirerek sunar. Keskin ve tazeleyici mentol sensasyonu, temiz ve enerji verici bir deneyim sa\u011flarken, y\u00fcksek nikotin i\u00e7eri\u011fi<\/b><span style=\"font-weight: 400;\"> daha fazla porsiyonla bu \u00fcr\u00fcn, a\u011f\u0131r kullan\u0131c\u0131lar veya uzun s\u00fcreli kullan\u0131labilirlik isteyenler i\u00e7in idealdir. \u0130nce format, duda\u011f\u0131n alt\u0131nda rahat ve gizli bir oturma sa\u011flarken, t\u00fct\u00fcns\u00fcz bile\u015fim geleneksel \u00fcr\u00fcnlere lekesiz ve modern bir alternatif sunar. Z!XS North Ice -66, a\u015f\u0131r\u0131 kuvveti tazeleyici so\u011futma etkisiyle e\u015fle\u015ftirerek e\u015fsiz bir nikotin deneyimi sunar. <\/span><b>g\u00fc\u00e7l\u00fc ve uzun s\u00fcreli sal\u0131n\u0131m<\/b><span style=\"font-weight: 400;\">sa\u011flar. Her t\u00fcm beyaz kese \u015funu i\u00e7erir: <\/span><b>12 mg nikotin<\/b><span style=\"font-weight: 400;\">, maksimum g\u00fc\u00e7 arayan ki\u015filer i\u00e7in ekstra-g\u00fc\u00e7l\u00fc bir se\u00e7enek sunarak.<\/span><\/p>\n<p><span style=\"font-weight: 400;\">Uygun bir <\/span><b>jumbo kutu<\/b><span style=\"font-weight: 400;\"> 4 \u015eubat 2026<\/span><\/p>\n<table>\n<tbody>\n<tr>\n<td><b>Attribute<\/b><\/td>\n<td><b>Ayr\u0131nt\u0131lar<\/b><\/td>\n<\/tr>\n<tr>\n<td><b>Brand<\/b><\/td>\n<td><span style=\"font-weight: 400;\">Z!XS<\/span><\/td>\n<\/tr>\n<tr>\n<td><b>\u00dcr\u00fcn T\u00fcr\u00fc<\/b><\/td>\n<td><span style=\"font-weight: 400;\">T\u00fcm Beyaz Nikotin Po\u015fetleri<\/span><\/td>\n<\/tr>\n<tr>\n<td><b>Format<\/b><\/td>\n<td><span style=\"font-weight: 400;\">\u0130nce<\/span><\/td>\n<\/tr>\n<tr>\n<td><b>Aroma<\/b><\/td>\n<td><span style=\"font-weight: 400;\">Icy Mint<\/span><\/td>\n<\/tr>\n<tr>\n<td><b>Nikotin G\u00fcc\u00fc<\/b><\/td>\n<td><span style=\"font-weight: 400;\">Po\u015fet ba\u015f\u0131na 12 mg<\/span><\/td>\n<\/tr>\n<tr>\n<td><b>K\u0131s\u0131m A\u011f\u0131rl\u0131\u011f\u0131<\/b><\/td>\n<td><span style=\"font-weight: 400;\">0,7 gram<\/span><\/td>\n<\/tr>\n<tr>\n<td><b>K\u0131s\u0131m Say\u0131s\u0131<\/b><\/td>\n<td><span style=\"font-weight: 400;\">Kutu ba\u015f\u0131na 320 (Jumbo Kutu)<\/span><\/td>\n<\/tr>\n<tr>\n<td><b>Toplam Kutu A\u011f\u0131rl\u0131\u011f\u0131<\/b><\/td>\n<td><span style=\"font-weight: 400;\">46,2 gram<\/span><\/td>\n<\/tr>\n<tr>\n<td><b>\u00dcretici<\/b><\/td>\n<td><span style=\"font-weight: 400;\">Z!XS International<\/span><\/td>\n<\/tr>\n<tr>\n<td><b>Dikkate De\u011fer \u00d6zellikler<\/b><\/td>\n<td><span style=\"font-weight: 400;\">T\u00fct\u00fcns\u00fcz, dar format, ekstra g\u00fc\u00e7l\u00fc buzlu nane aromas\u0131, 66 porsiyonlu jumbo kutu<\/span><\/td>\n<\/tr>\n<\/tbody>\n<\/table>","protected":false},"excerpt":{"rendered":"<p>Z!XS <strong data-start=\"5\" data-end=\"22\">North Ice -66<\/strong> <strong data-start=\"23\" data-end=\"39\">Ultra Strong<\/strong> Z!XS North Ice -66 Jumbo Can, <strong data-start=\"110\" data-end=\"123\">t\u00fcm beyaz<\/strong> keseler gizli ve rahattur. Her kese \u015funu i\u00e7erir: <strong data-start=\"182\" data-end=\"200\">12 mg nikotin<\/strong>, g\u00fc\u00e7l\u00fc ve uzun s\u00fcreli bir sal\u0131n\u0131m sa\u011flayan. Jumbo kutu yakla\u015f\u0131k olarak <strong>320 Slim<\/strong> po\u015fet i\u00e7eriyor ve standart kutu formatlar\u0131ndan \u00f6nemli \u00f6l\u00e7\u00fcde daha fazla hacim sunuyor.<\/p>","protected":false},"featured_media":9505,"comment_status":"open","ping_status":"closed","template":"","format":[206],"meta":{"_acf_changed":false},"product_brand":[],"product_cat":[92,39],"product_tag":[16561],"flavours":[199],"nicotine":[213,232],"class_list":{"0":"post-9504","1":"product","2":"type-product","3":"status-publish","4":"has-post-thumbnail","6":"product_cat-jumbo-can","7":"product_cat-zxs","8":"product_tag-12-mg-pouch","9":"pa_quantity-1-pack","10":"pa_quantity-10-pack","11":"pa_quantity-2-pack","12":"pa_quantity-3-pack","13":"pa_quantity-30-pack","14":"pa_quantity-5-pack","15":"pa_quantity-60-pack","16":"flavours-mint","17":"format-slim","18":"nicotine-16-mg-g","19":"nicotine-extra-strong","21":"first","22":"instock","23":"taxable","24":"shipping-taxable","25":"purchasable","26":"product-type-variable"},"acf":[],"_links":{"self":[{"href":"https:\/\/whitelip.com\/tr\/wp-json\/wp\/v2\/product\/9504","targetHints":{"allow":["GET"]}}],"collection":[{"href":"https:\/\/whitelip.com\/tr\/wp-json\/wp\/v2\/product"}],"about":[{"href":"https:\/\/whitelip.com\/tr\/wp-json\/wp\/v2\/types\/product"}],"replies":[{"embeddable":true,"href":"https:\/\/whitelip.com\/tr\/wp-json\/wp\/v2\/comments?post=9504"}],"wp:featuredmedia":[{"embeddable":true,"href":"https:\/\/whitelip.com\/tr\/wp-json\/wp\/v2\/media\/9505"}],"wp:attachment":[{"href":"https:\/\/whitelip.com\/tr\/wp-json\/wp\/v2\/media?parent=9504"}],"wp:term":[{"taxonomy":"product_brand","embeddable":true,"href":"https:\/\/whitelip.com\/tr\/wp-json\/wp\/v2\/product_brand?post=9504"},{"taxonomy":"product_cat","embeddable":true,"href":"https:\/\/whitelip.com\/tr\/wp-json\/wp\/v2\/product_cat?post=9504"},{"taxonomy":"product_tag","embeddable":true,"href":"https:\/\/whitelip.com\/tr\/wp-json\/wp\/v2\/product_tag?post=9504"},{"taxonomy":"flavours","embeddable":true,"href":"https:\/\/whitelip.com\/tr\/wp-json\/wp\/v2\/flavours?post=9504"},{"taxonomy":"format","embeddable":true,"href":"https:\/\/whitelip.com\/tr\/wp-json\/wp\/v2\/format?post=9504"},{"taxonomy":"nicotine","embeddable":true,"href":"https:\/\/whitelip.com\/tr\/wp-json\/wp\/v2\/nicotine?post=9504"}],"curies":[{"name":"wp","href":"https:\/\/api.w.org\/{rel}","templated":true}]}}