{"id":9499,"date":"2024-12-05T14:43:15","date_gmt":"2024-12-05T14:43:15","guid":{"rendered":"https:\/\/whitelip.com\/gilo-raspberry-biteback\/"},"modified":"2026-03-05T11:31:18","modified_gmt":"2026-03-05T11:31:18","slug":"gilo-raspberry-biteback","status":"publish","type":"product","link":"https:\/\/whitelip.com\/tr\/gilo\/gilo-raspberry-biteback\/","title":{"rendered":"GILO Frambuaz Biteback"},"content":{"rendered":"<h2><b>GILO Frambuaz Biteback<\/b><\/h2>\n<p><span style=\"font-weight: 400;\">GILO Raspberry Biteback nikotin po\u015fetleri, g\u00fc\u00e7l\u00fc bir nikotin vuru\u015fu arayan ki\u015filer i\u00e7in cesur ve co\u015fkulu bir deneyim sunar. Her ince format po\u015fet 20 mg nikotin i\u00e7ererek, olgun frambuazlar\u0131n tatl\u0131, suyu bol tad\u0131n\u0131 yo\u011fun ve ferahlat\u0131c\u0131 bir \u0131s\u0131r\u0131kla birle\u015ftiren g\u00fc\u00e7l\u00fc bir his sa\u011flar. T\u00fct\u00fcns\u00fcz bu po\u015fetler, geleneksel sigara i\u00e7me veya \u00e7i\u011fnemeye kar\u015f\u0131 daha temiz bir alternatif sunarak, gizli ve hareket halindeyken kullan\u0131m i\u00e7in tasarlanm\u0131\u015ft\u0131r. \u0130nce tasar\u0131mlar\u0131 hasat gerektirmeyen bir deneyim sa\u011flarken, uzun s\u00fcreli tat ve g\u00fc\u00e7l\u00fc nikotin g\u00fcc\u00fc, hem tat hem de yo\u011funluk arayan ki\u015filer i\u00e7in \u00f6ne \u00e7\u0131kan bir se\u00e7imdir. \u0130ster h\u0131zl\u0131 bir enerji art\u0131\u015f\u0131 ister lezzetli bir nikotin deneyimi ar\u0131yorsan\u0131z, GILO Raspberry Biteback 20mg sizin ideal yolda\u015f\u0131n\u0131zd\u0131r.<\/span><\/p>\n<p><b>Teknik \u00d6zellikler<\/b><\/p>\n<table>\n<tbody>\n<tr>\n<td><b>Attribute<\/b><\/td>\n<td><b>Ayr\u0131nt\u0131lar<\/b><\/td>\n<\/tr>\n<tr>\n<td><b>Nikotin i\u00e7eri\u011fi<\/b><\/td>\n<td><span style=\"font-weight: 400;\">Po\u015fet ba\u015f\u0131na 20 mg<\/span><\/td>\n<\/tr>\n<tr>\n<td><b>Po\u015fet format\u0131<\/b><\/td>\n<td><span style=\"font-weight: 400;\">\u0130nce<\/span><\/td>\n<\/tr>\n<tr>\n<td><b>Aroma<\/b><\/td>\n<td><span style=\"font-weight: 400;\">Raspberry<\/span><\/td>\n<\/tr>\n<tr>\n<td><b>T\u00fcr<\/b><\/td>\n<td><span style=\"font-weight: 400;\">T\u00fct\u00fcns\u00fcz po\u015fet<\/span><\/td>\n<\/tr>\n<\/tbody>\n<\/table>","protected":false},"excerpt":{"rendered":"<p><span style=\"font-weight: 400;\">GILO Raspberry Biteback nikotin po\u015fetleri, g\u00fc\u00e7l\u00fc bir nikotin vuru\u015fu arayan ki\u015filer i\u00e7in cesur ve co\u015fkulu bir deneyim sunar. Her ince format po\u015fet 20 mg nikotin i\u00e7ererek, olgun frambuazlar\u0131n tatl\u0131, suyu bol tad\u0131n\u0131 yo\u011fun ve ferahlat\u0131c\u0131 bir \u0131s\u0131r\u0131kla birle\u015ftiren g\u00fc\u00e7l\u00fc bir his sa\u011flar. T\u00fct\u00fcns\u00fcz bu po\u015fetler, geleneksel sigara i\u00e7me veya \u00e7i\u011fnemeye kar\u015f\u0131 daha temiz bir alternatif sunarak, gizli ve hareket halindeyken kullan\u0131m i\u00e7in tasarlanm\u0131\u015ft\u0131r. \u0130nce tasar\u0131mlar\u0131 hasat gerektirmeyen bir deneyim sa\u011flarken, uzun s\u00fcreli tat ve g\u00fc\u00e7l\u00fc nikotin g\u00fcc\u00fc, hem tat hem de yo\u011funluk arayan ki\u015filer i\u00e7in \u00f6ne \u00e7\u0131kan bir se\u00e7imdir. \u0130ster h\u0131zl\u0131 bir enerji art\u0131\u015f\u0131 ister lezzetli bir nikotin deneyimi ar\u0131yorsan\u0131z, GILO Raspberry Biteback 20mg sizin ideal yolda\u015f\u0131n\u0131zd\u0131r.<\/span><\/p>","protected":false},"featured_media":9500,"comment_status":"open","ping_status":"closed","template":"","format":[206],"meta":{"_acf_changed":false},"product_brand":[],"product_cat":[89],"product_tag":[16545],"flavours":[196],"nicotine":[209,232],"class_list":{"0":"post-9499","1":"product","2":"type-product","3":"status-publish","4":"has-post-thumbnail","6":"product_cat-gilo","7":"product_tag-20-mg-pouch","8":"pa_quantity-1-pack","9":"pa_quantity-10-pack","10":"pa_quantity-3-pack","11":"pa_quantity-30-pack","12":"pa_quantity-5-pack","13":"pa_quantity-60-pack","14":"flavours-fruits-berries","15":"format-slim","16":"nicotine-12-mg-g","17":"nicotine-extra-strong","19":"first","20":"outofstock","21":"taxable","22":"shipping-taxable","23":"purchasable","24":"product-type-variable"},"acf":[],"_links":{"self":[{"href":"https:\/\/whitelip.com\/tr\/wp-json\/wp\/v2\/product\/9499","targetHints":{"allow":["GET"]}}],"collection":[{"href":"https:\/\/whitelip.com\/tr\/wp-json\/wp\/v2\/product"}],"about":[{"href":"https:\/\/whitelip.com\/tr\/wp-json\/wp\/v2\/types\/product"}],"replies":[{"embeddable":true,"href":"https:\/\/whitelip.com\/tr\/wp-json\/wp\/v2\/comments?post=9499"}],"wp:featuredmedia":[{"embeddable":true,"href":"https:\/\/whitelip.com\/tr\/wp-json\/wp\/v2\/media\/9500"}],"wp:attachment":[{"href":"https:\/\/whitelip.com\/tr\/wp-json\/wp\/v2\/media?parent=9499"}],"wp:term":[{"taxonomy":"product_brand","embeddable":true,"href":"https:\/\/whitelip.com\/tr\/wp-json\/wp\/v2\/product_brand?post=9499"},{"taxonomy":"product_cat","embeddable":true,"href":"https:\/\/whitelip.com\/tr\/wp-json\/wp\/v2\/product_cat?post=9499"},{"taxonomy":"product_tag","embeddable":true,"href":"https:\/\/whitelip.com\/tr\/wp-json\/wp\/v2\/product_tag?post=9499"},{"taxonomy":"flavours","embeddable":true,"href":"https:\/\/whitelip.com\/tr\/wp-json\/wp\/v2\/flavours?post=9499"},{"taxonomy":"format","embeddable":true,"href":"https:\/\/whitelip.com\/tr\/wp-json\/wp\/v2\/format?post=9499"},{"taxonomy":"nicotine","embeddable":true,"href":"https:\/\/whitelip.com\/tr\/wp-json\/wp\/v2\/nicotine?post=9499"}],"curies":[{"name":"wp","href":"https:\/\/api.w.org\/{rel}","templated":true}]}}