{"id":9489,"date":"2024-12-05T14:37:43","date_gmt":"2024-12-05T14:37:43","guid":{"rendered":"https:\/\/whitelip.com\/gilo-orange-bubblegum-ice\/"},"modified":"2026-03-05T11:31:35","modified_gmt":"2026-03-05T11:31:35","slug":"gilo-orange-bubblegum-ice","status":"publish","type":"product","link":"https:\/\/whitelip.com\/tr\/gilo\/gilo-orange-bubblegum-ice\/","title":{"rendered":"GILO Portakal Sak\u0131z Buz"},"content":{"rendered":"<h2><b>GILO Portakal Sak\u0131z Buz<\/b><\/h2>\n<p><span style=\"font-weight: 400;\">GILO Orange Bubblegum Ice nikotin po\u015fetleri tatl\u0131 ve ek\u015fi tatlar\u0131n keyifli bir f\u00fczyonunu sunarak, \u00e7i\u011fneme sak\u0131z\u0131n\u0131n nostaljik \u00f6z\u00fcn\u00fc uyar\u0131c\u0131 bir buzlu dokunu\u015fla m\u00fckemmel \u015fekilde yakalar. Her ince format po\u015fet 4 mg nikotin i\u00e7ererek, \u00e7ocukluk an\u0131lar\u0131n\u0131 sofistike bir kenarla canland\u0131ran, nazik ve canland\u0131r\u0131c\u0131 bir deneyim sa\u011flar. Po\u015fetler, kalite ve yenilik\u00e7i tat profillerine ba\u011fl\u0131 bir marka olan GILO taraf\u0131ndan tasarlanm\u0131\u015f olup, di\u015f lekesi olmadan gizli kullan\u0131m i\u00e7in ideal hale gelmi\u015f, y\u00fcksek standartlar ve kullan\u0131c\u0131 deneyimini geli\u015ftirme taahh\u00fcd\u00fcn\u00fc somutla\u015ft\u0131r\u0131r.<\/span><\/p>\n<p><b>Teknik \u00d6zellikler<\/b><\/p>\n<table>\n<tbody>\n<tr>\n<td><b>Attribute<\/b><\/td>\n<td><b>Ayr\u0131nt\u0131lar<\/b><\/td>\n<\/tr>\n<tr>\n<td><b>Nikotin i\u00e7eri\u011fi<\/b><\/td>\n<td><span style=\"font-weight: 400;\">Po\u015fet ba\u015f\u0131na 4 mg<\/span><\/td>\n<\/tr>\n<tr>\n<td><b>Po\u015fet format\u0131<\/b><\/td>\n<td><span style=\"font-weight: 400;\">\u0130nce<\/span><\/td>\n<\/tr>\n<tr>\n<td><b>Aroma<\/b><\/td>\n<td><span style=\"font-weight: 400;\">Portakal Sak\u0131z Buz<\/span><\/td>\n<\/tr>\n<tr>\n<td><b>T\u00fcr<\/b><\/td>\n<td><span style=\"font-weight: 400;\">T\u00fct\u00fcns\u00fcz po\u015fet<\/span><\/td>\n<\/tr>\n<\/tbody>\n<\/table>","protected":false},"excerpt":{"rendered":"<p><span style=\"font-weight: 400;\">GILO Orange Bubblegum Ice nikotin po\u015fetleri tatl\u0131 ve ek\u015fi tatlar\u0131n keyifli bir f\u00fczyonunu sunarak, \u00e7i\u011fneme sak\u0131z\u0131n\u0131n nostaljik \u00f6z\u00fcn\u00fc uyar\u0131c\u0131 bir buzlu dokunu\u015fla m\u00fckemmel \u015fekilde yakalar. Her ince format po\u015fet 4 mg nikotin i\u00e7ererek, \u00e7ocukluk an\u0131lar\u0131n\u0131 sofistike bir kenarla canland\u0131ran, nazik ve canland\u0131r\u0131c\u0131 bir deneyim sa\u011flar. Po\u015fetler, kalite ve yenilik\u00e7i tat profillerine ba\u011fl\u0131 bir marka olan GILO taraf\u0131ndan tasarlanm\u0131\u015f olup, di\u015f lekesi olmadan gizli kullan\u0131m i\u00e7in ideal hale gelmi\u015f, y\u00fcksek standartlar ve kullan\u0131c\u0131 deneyimini geli\u015ftirme taahh\u00fcd\u00fcn\u00fc somutla\u015ft\u0131r\u0131r.<\/span><\/p>","protected":false},"featured_media":9490,"comment_status":"open","ping_status":"closed","template":"","format":[206],"meta":{"_acf_changed":false},"product_brand":[],"product_cat":[89],"product_tag":[16585],"flavours":[196],"nicotine":[209,232],"class_list":{"0":"post-9489","1":"product","2":"type-product","3":"status-publish","4":"has-post-thumbnail","6":"product_cat-gilo","7":"product_tag-4-mg-pouch","8":"pa_quantity-1-pack","9":"pa_quantity-10-pack","10":"pa_quantity-3-pack","11":"pa_quantity-30-pack","12":"pa_quantity-5-pack","13":"pa_quantity-60-pack","14":"flavours-fruits-berries","15":"format-slim","16":"nicotine-12-mg-g","17":"nicotine-extra-strong","19":"first","20":"outofstock","21":"taxable","22":"shipping-taxable","23":"purchasable","24":"product-type-variable","25":"has-default-attributes"},"acf":[],"_links":{"self":[{"href":"https:\/\/whitelip.com\/tr\/wp-json\/wp\/v2\/product\/9489","targetHints":{"allow":["GET"]}}],"collection":[{"href":"https:\/\/whitelip.com\/tr\/wp-json\/wp\/v2\/product"}],"about":[{"href":"https:\/\/whitelip.com\/tr\/wp-json\/wp\/v2\/types\/product"}],"replies":[{"embeddable":true,"href":"https:\/\/whitelip.com\/tr\/wp-json\/wp\/v2\/comments?post=9489"}],"wp:featuredmedia":[{"embeddable":true,"href":"https:\/\/whitelip.com\/tr\/wp-json\/wp\/v2\/media\/9490"}],"wp:attachment":[{"href":"https:\/\/whitelip.com\/tr\/wp-json\/wp\/v2\/media?parent=9489"}],"wp:term":[{"taxonomy":"product_brand","embeddable":true,"href":"https:\/\/whitelip.com\/tr\/wp-json\/wp\/v2\/product_brand?post=9489"},{"taxonomy":"product_cat","embeddable":true,"href":"https:\/\/whitelip.com\/tr\/wp-json\/wp\/v2\/product_cat?post=9489"},{"taxonomy":"product_tag","embeddable":true,"href":"https:\/\/whitelip.com\/tr\/wp-json\/wp\/v2\/product_tag?post=9489"},{"taxonomy":"flavours","embeddable":true,"href":"https:\/\/whitelip.com\/tr\/wp-json\/wp\/v2\/flavours?post=9489"},{"taxonomy":"format","embeddable":true,"href":"https:\/\/whitelip.com\/tr\/wp-json\/wp\/v2\/format?post=9489"},{"taxonomy":"nicotine","embeddable":true,"href":"https:\/\/whitelip.com\/tr\/wp-json\/wp\/v2\/nicotine?post=9489"}],"curies":[{"name":"wp","href":"https:\/\/api.w.org\/{rel}","templated":true}]}}