{"id":9479,"date":"2024-12-05T14:23:54","date_gmt":"2024-12-05T14:23:54","guid":{"rendered":"https:\/\/whitelip.com\/gilo-brainfreeze\/"},"modified":"2026-03-05T11:31:53","modified_gmt":"2026-03-05T11:31:53","slug":"gilo-brainfreeze","status":"publish","type":"product","link":"https:\/\/whitelip.com\/tr\/gilo\/gilo-brainfreeze\/","title":{"rendered":"GILO Brainfreeze"},"content":{"rendered":"<h2><b>GILO Brainfreeze<\/b><\/h2>\n<p><span style=\"font-weight: 400;\">GILO Brainfreeze nikotin po\u015fetleri, yo\u011fun, buzlu taze nane patlamas\u0131 sunarak duyular\u0131 uyand\u0131ran g\u00fc\u00e7l\u00fc bir so\u011futma hissi sa\u011flar. Her po\u015fet 12 mg nikotin i\u00e7erir ve g\u00fc\u00e7l\u00fc ve canland\u0131r\u0131c\u0131 bir tat arayan ki\u015filer i\u00e7in g\u00fc\u00e7l\u00fc bir deneyim sunmaktad\u0131r. \u0130nce tasar\u0131m, duda\u011f\u0131n alt\u0131nda ayr\u0131 bir \u015fekilde oturmak i\u00e7in tasarlanm\u0131\u015f olup, di\u015fleri lekeletmeden rahat kullan\u0131m sa\u011flar. GILO taraf\u0131ndan \u00fcretilen ve kalite taahh\u00fcd\u00fc ile bilinir, bu po\u015fetler y\u00fcksek standartlar\u0131 ve kullan\u0131c\u0131 deneyimini geli\u015ftirmeyi ama\u00e7lar.<\/span><\/p>\n<p><b>Teknik \u00d6zellikler<\/b><\/p>\n<table>\n<tbody>\n<tr>\n<td><b>Attribute<\/b><\/td>\n<td><b>Ayr\u0131nt\u0131lar<\/b><\/td>\n<\/tr>\n<tr>\n<td><b>Nikotin i\u00e7eri\u011fi<\/b><\/td>\n<td><span style=\"font-weight: 400;\">Po\u015fet ba\u015f\u0131na 12 mg<\/span><\/td>\n<\/tr>\n<tr>\n<td><b>Po\u015fet format\u0131<\/b><\/td>\n<td><span style=\"font-weight: 400;\">\u0130nce<\/span><\/td>\n<\/tr>\n<tr>\n<td><b>Aroma<\/b><\/td>\n<td><span style=\"font-weight: 400;\">Nane<\/span><\/td>\n<\/tr>\n<tr>\n<td><b>T\u00fcr<\/b><\/td>\n<td><span style=\"font-weight: 400;\">T\u00fct\u00fcns\u00fcz po\u015fet<\/span><\/td>\n<\/tr>\n<\/tbody>\n<\/table>","protected":false},"excerpt":{"rendered":"<p><span style=\"font-weight: 400;\">GILO Brainfreeze nikotin po\u015fetleri, yo\u011fun, buzlu taze nane patlamas\u0131 sunarak duyular\u0131 uyand\u0131ran g\u00fc\u00e7l\u00fc bir so\u011futma hissi sa\u011flar. Her po\u015fet 12 mg nikotin i\u00e7erir ve g\u00fc\u00e7l\u00fc ve canland\u0131r\u0131c\u0131 bir tat arayan ki\u015filer i\u00e7in g\u00fc\u00e7l\u00fc bir deneyim sunmaktad\u0131r. \u0130nce tasar\u0131m, duda\u011f\u0131n alt\u0131nda ayr\u0131 bir \u015fekilde oturmak i\u00e7in tasarlanm\u0131\u015f olup, di\u015fleri lekeletmeden rahat kullan\u0131m sa\u011flar. GILO taraf\u0131ndan \u00fcretilen ve kalite taahh\u00fcd\u00fc ile bilinir, bu po\u015fetler y\u00fcksek standartlar\u0131 ve kullan\u0131c\u0131 deneyimini geli\u015ftirmeyi ama\u00e7lar.<\/span><\/p>","protected":false},"featured_media":9480,"comment_status":"open","ping_status":"closed","template":"","format":[206],"meta":{"_acf_changed":false},"product_brand":[],"product_cat":[89],"product_tag":[16561],"flavours":[199],"nicotine":[209,232],"class_list":{"0":"post-9479","1":"product","2":"type-product","3":"status-publish","4":"has-post-thumbnail","6":"product_cat-gilo","7":"product_tag-12-mg-pouch","8":"pa_quantity-1-pack","9":"pa_quantity-10-pack","10":"pa_quantity-3-pack","11":"pa_quantity-30-pack","12":"pa_quantity-5-pack","13":"pa_quantity-60-pack","14":"flavours-mint","15":"format-slim","16":"nicotine-12-mg-g","17":"nicotine-extra-strong","19":"first","20":"outofstock","21":"taxable","22":"shipping-taxable","23":"purchasable","24":"product-type-variable","25":"has-default-attributes"},"acf":[],"_links":{"self":[{"href":"https:\/\/whitelip.com\/tr\/wp-json\/wp\/v2\/product\/9479","targetHints":{"allow":["GET"]}}],"collection":[{"href":"https:\/\/whitelip.com\/tr\/wp-json\/wp\/v2\/product"}],"about":[{"href":"https:\/\/whitelip.com\/tr\/wp-json\/wp\/v2\/types\/product"}],"replies":[{"embeddable":true,"href":"https:\/\/whitelip.com\/tr\/wp-json\/wp\/v2\/comments?post=9479"}],"wp:featuredmedia":[{"embeddable":true,"href":"https:\/\/whitelip.com\/tr\/wp-json\/wp\/v2\/media\/9480"}],"wp:attachment":[{"href":"https:\/\/whitelip.com\/tr\/wp-json\/wp\/v2\/media?parent=9479"}],"wp:term":[{"taxonomy":"product_brand","embeddable":true,"href":"https:\/\/whitelip.com\/tr\/wp-json\/wp\/v2\/product_brand?post=9479"},{"taxonomy":"product_cat","embeddable":true,"href":"https:\/\/whitelip.com\/tr\/wp-json\/wp\/v2\/product_cat?post=9479"},{"taxonomy":"product_tag","embeddable":true,"href":"https:\/\/whitelip.com\/tr\/wp-json\/wp\/v2\/product_tag?post=9479"},{"taxonomy":"flavours","embeddable":true,"href":"https:\/\/whitelip.com\/tr\/wp-json\/wp\/v2\/flavours?post=9479"},{"taxonomy":"format","embeddable":true,"href":"https:\/\/whitelip.com\/tr\/wp-json\/wp\/v2\/format?post=9479"},{"taxonomy":"nicotine","embeddable":true,"href":"https:\/\/whitelip.com\/tr\/wp-json\/wp\/v2\/nicotine?post=9479"}],"curies":[{"name":"wp","href":"https:\/\/api.w.org\/{rel}","templated":true}]}}