{"id":93131,"date":"2026-04-02T12:34:56","date_gmt":"2026-04-02T12:34:56","guid":{"rendered":"https:\/\/whitelip.com\/?post_type=product&#038;p=93131"},"modified":"2026-05-07T11:05:45","modified_gmt":"2026-05-07T11:05:45","slug":"greatest-wasted-mango-strong","status":"publish","type":"product","link":"https:\/\/whitelip.com\/tr\/greatest\/greatest-wasted-mango-strong\/","title":{"rendered":"GREATEST Wasted Mango Strong"},"content":{"rendered":"<h1 data-section-id=\"yk2pjq\" data-start=\"273\" data-end=\"332\"><strong>Greatest Wasted Mango Strong<\/strong><\/h1>\n<p data-start=\"334\" data-end=\"640\">Greatest Wasted Mango Strong, Premium Pouch Global OY taraf\u0131ndan \u00fcretilen Greatest markas\u0131n\u0131n beyaz snus \u00fcr\u00fcn\u00fcd\u00fcr. \u00dcr\u00fcn nikotin po\u015feti kategorisine aittir ve nikotin i\u00e7erir ancak t\u00fct\u00fcn i\u00e7ermez. Po\u015fetler t\u00fcm\u00fcyle beyazd\u0131r ve Slim format\u0131nda tasarlanm\u0131\u015ft\u0131r, bu da geleneksel snusa k\u0131yasla daha dar bir profil anlam\u0131na gelir. \u00dcr\u00fcn, nikotin i\u00e7eri\u011fine g\u00f6re g\u00fc\u00e7l\u00fc olarak s\u0131n\u0131fland\u0131r\u0131l\u0131r.<\/p>\n<h2 data-section-id=\"1ufkwb7\" data-start=\"642\" data-end=\"660\">Lezzet ve g\u00fc\u00e7<\/h2>\n<p data-start=\"662\" data-end=\"875\">Bu beyaz snus mango lezzet profiline sahiptir. Lezzet, meyve tabanl\u0131 nikotin po\u015feti segmentine aittir ve klasik mint ve berry alternatiflerinden farkl\u0131d\u0131r. Her po\u015fet yakla\u015f\u0131k 12 mg nikotin i\u00e7erir, %1.67'ye kar\u015f\u0131l\u0131k gelir. Bu nedenle \u00fcr\u00fcn, nikotin po\u015feti segmenti i\u00e7inde g\u00fc\u00e7l\u00fc olarak s\u0131n\u0131fland\u0131r\u0131l\u0131r.<\/p>\n<h2 data-section-id=\"1u8puf8\" data-start=\"877\" data-end=\"894\">Po\u015fet format\u0131<\/h2>\n<p data-start=\"896\" data-end=\"1085\">Greatest Wasted Mango Strong, Slim format\u0131nda sunulur. Bu, po\u015fetlerin daha dar oldu\u011fu ve duda\u011f\u0131n alt\u0131na ayr\u0131 bir yerle\u015fim i\u00e7in tasarland\u0131\u011f\u0131 anlam\u0131na gelir. Slim format, beyaz snus ve modern nikotin po\u015fetlerde yayg\u0131n olarak kullan\u0131l\u0131r.<\/p>\n<h2 data-section-id=\"14a1xfx\" data-start=\"1087\" data-end=\"1105\">Greatest snus hakk\u0131nda<\/h2>\n<p data-start=\"1107\" data-end=\"1335\">Greatest, nikotin po\u015feti kategorisinde bir Finlandiya markas\u0131d\u0131r. \u00dcr\u00fcnler, ayr\u0131k formatlardaki t\u00fcm\u00fcyle beyaz po\u015fetler taraf\u0131ndan karakterize edilir ve Premium Pouch Global OY taraf\u0131ndan \u00fcretilir. Dizi, beyaz snus kategorisinde birka\u00e7 lezzet ve g\u00fc\u00e7 i\u00e7erir.<\/p>\n<table style=\"height: 235px;\" width=\"383\">\n<tbody>\n<tr>\n<td><b>Attribute<\/b><\/td>\n<td><b>Ayr\u0131nt\u0131lar<\/b><\/td>\n<\/tr>\n<tr>\n<td><strong>Brand<\/strong><\/td>\n<td><a href=\"https:\/\/whitelip.com\/tr\/greatest\/\"><em><strong>En \u0130yi<\/strong><\/em><\/a><\/td>\n<\/tr>\n<tr>\n<td><b>Po\u015fet format\u0131<\/b><\/td>\n<td><em><strong><a href=\"https:\/\/whitelip.com\/tr\/format\/slim\/\">\u0130nce<\/a><\/strong><\/em><\/td>\n<\/tr>\n<tr>\n<td><b>G\u00fc\u00e7\u00a0<\/b><\/td>\n<td><a href=\"https:\/\/whitelip.com\/tr\/nicotine\/strong\/\"><em><strong>G\u00fc\u00e7l\u00fc<\/strong><\/em><\/a><\/td>\n<\/tr>\n<tr>\n<td><b>\u00dcretici<\/b><\/td>\n<td><a href=\"https:\/\/whitelip.com\/tr\/greatest\/\"><em><strong>Premium Pouch Global OY<\/strong><\/em><\/a><\/td>\n<\/tr>\n<tr>\n<td><b>Aroma<\/b><\/td>\n<td><span style=\"font-weight: 400;\">Mango<\/span><\/td>\n<\/tr>\n<tr>\n<td><b>Nikotin i\u00e7eri\u011fi<\/b><\/td>\n<td><b><span style=\"font-weight: 400;\">\u00a0Po\u015fet ba\u015f\u0131na 12 mg<\/span><\/b><\/td>\n<\/tr>\n<tr>\n<td><b>10g (20 po\u015fet)<\/b><\/td>\n<td><span style=\"font-weight: 400;\">14 g (20 po\u015fet)<\/span><\/td>\n<\/tr>\n<tr>\n<td><b>Kategori<\/b><\/td>\n<td><a href=\"https:\/\/whitelip.com\/tr\/nicotine-pouches\/\"><b><i>Nikotin Po\u015fetleri<\/i><\/b><\/a><\/td>\n<\/tr>\n<tr>\n<td><b>T\u00fcr\u00a0<\/b><\/td>\n<td><b><span style=\"font-weight: 400;\">Tamamen beyaz po\u015fet<\/span><\/b><\/td>\n<\/tr>\n<\/tbody>\n<\/table>\n<p>&nbsp;<\/p>","protected":false},"excerpt":{"rendered":"<p>Greatest Wasted Mango Strong, mango lezzeti ile ince beyaz nikotin po\u015fetidir.<\/p>","protected":false},"featured_media":93138,"comment_status":"open","ping_status":"closed","template":"","format":[206],"meta":{"_acf_changed":false},"product_brand":[],"product_cat":[87],"product_tag":[16561],"flavours":[196],"nicotine":[213,232],"class_list":{"0":"post-93131","1":"product","2":"type-product","3":"status-publish","4":"has-post-thumbnail","6":"product_cat-greatest","7":"product_tag-12-mg-pouch","8":"pa_quantity-1-pack","9":"pa_quantity-10-pack","10":"pa_quantity-3-pack","11":"pa_quantity-30-pack","12":"pa_quantity-5-pack","13":"pa_quantity-60-pack","14":"flavours-fruits-berries","15":"format-slim","16":"nicotine-16-mg-g","17":"nicotine-extra-strong","19":"first","20":"outofstock","21":"taxable","22":"shipping-taxable","23":"purchasable","24":"product-type-variable"},"acf":[],"_links":{"self":[{"href":"https:\/\/whitelip.com\/tr\/wp-json\/wp\/v2\/product\/93131","targetHints":{"allow":["GET"]}}],"collection":[{"href":"https:\/\/whitelip.com\/tr\/wp-json\/wp\/v2\/product"}],"about":[{"href":"https:\/\/whitelip.com\/tr\/wp-json\/wp\/v2\/types\/product"}],"replies":[{"embeddable":true,"href":"https:\/\/whitelip.com\/tr\/wp-json\/wp\/v2\/comments?post=93131"}],"wp:featuredmedia":[{"embeddable":true,"href":"https:\/\/whitelip.com\/tr\/wp-json\/wp\/v2\/media\/93138"}],"wp:attachment":[{"href":"https:\/\/whitelip.com\/tr\/wp-json\/wp\/v2\/media?parent=93131"}],"wp:term":[{"taxonomy":"product_brand","embeddable":true,"href":"https:\/\/whitelip.com\/tr\/wp-json\/wp\/v2\/product_brand?post=93131"},{"taxonomy":"product_cat","embeddable":true,"href":"https:\/\/whitelip.com\/tr\/wp-json\/wp\/v2\/product_cat?post=93131"},{"taxonomy":"product_tag","embeddable":true,"href":"https:\/\/whitelip.com\/tr\/wp-json\/wp\/v2\/product_tag?post=93131"},{"taxonomy":"flavours","embeddable":true,"href":"https:\/\/whitelip.com\/tr\/wp-json\/wp\/v2\/flavours?post=93131"},{"taxonomy":"format","embeddable":true,"href":"https:\/\/whitelip.com\/tr\/wp-json\/wp\/v2\/format?post=93131"},{"taxonomy":"nicotine","embeddable":true,"href":"https:\/\/whitelip.com\/tr\/wp-json\/wp\/v2\/nicotine?post=93131"}],"curies":[{"name":"wp","href":"https:\/\/api.w.org\/{rel}","templated":true}]}}