{"id":92116,"date":"2026-03-24T13:52:49","date_gmt":"2026-03-24T13:52:49","guid":{"rendered":"https:\/\/whitelip.com\/?post_type=product&#038;p=92116"},"modified":"2026-04-07T23:44:29","modified_gmt":"2026-04-07T23:44:29","slug":"outdare-rad-mint-6mg","status":"publish","type":"product","link":"https:\/\/whitelip.com\/tr\/uncategorized\/outdare-rad-mint-6mg\/","title":{"rendered":"OUTDARE Rad Mint 6mg"},"content":{"rendered":"<h2>OUTDARE Rad Mint 6mg<\/h2>\n<p data-start=\"30\" data-end=\"233\">OUTDARE Rad Mint Slim, po\u015fet ba\u015f\u0131na 6 mg nikotin i\u00e7erir ve nane tabanl\u0131 bir tat profiline sahiptir. \u00dcr\u00fcn, duda\u011f\u0131n alt\u0131na ayr\u0131k yerle\u015fim i\u00e7in tasarlanm\u0131\u015f Slim po\u015fet format\u0131nda sunulmaktad\u0131r. Tat profili, a\u00e7\u0131k ve tazeleyici bir karakterle naneye odaklan\u0131r. Slim format, duda\u011f\u0131n alt\u0131na e\u015fit \u015fekilde oturmak ve kullan\u0131m s\u0131ras\u0131nda d\u00fc\u015f\u00fck profilli bir g\u00f6r\u00fcn\u00fcm sa\u011flamak i\u00e7in tasarlanm\u0131\u015f dar po\u015fetlerden olu\u015fur. Po\u015fet yap\u0131s\u0131, zaman i\u00e7inde kontroll\u00fc tat ve nikotin sal\u0131n\u0131m\u0131n\u0131 destekler. Her po\u015fet 6 mg nikotin sunuyor ve \u00fcr\u00fcn\u00fc daha d\u00fc\u015f\u00fck nikotin g\u00fcc\u00fc kategorisine yerle\u015ftiriyor. Po\u015fetler tamamen beyaz bir bile\u015fim ile \u00fcretilmi\u015f ve birden fazla po\u015fet i\u00e7eren kompakt bir kutuda paketlenmi\u015ftir. Nane tad\u0131, Slim format\u0131 ve daha d\u00fc\u015f\u00fck nikotin seviyesinin kombinasyonu bu \u00fcr\u00fcn\u00fc OUTDARE yelpazesinin hafif nikotin po\u015fet segmentinde yerle\u015ftiriyor.<\/p>\n<table>\n<tbody>\n<tr>\n<td><b>Attribute<\/b><\/td>\n<td><b>Ayr\u0131nt\u0131lar<\/b><\/td>\n<\/tr>\n<tr>\n<td><b>10g (20 po\u015fet)<\/b><\/td>\n<td><span style=\"font-weight: 400;\">12g (20 po\u015fet)<\/span><\/td>\n<\/tr>\n<tr>\n<td><b>Nikotin i\u00e7eri\u011fi<\/b><\/td>\n<td><span style=\"font-weight: 400;\">10 mg\/g (po\u015fet ba\u015f\u0131na 6 mg)<\/span><\/td>\n<\/tr>\n<tr>\n<td><b>Po\u015fet format\u0131<\/b><\/td>\n<td><span style=\"font-weight: 400;\">\u0130nce<\/span><\/td>\n<\/tr>\n<tr>\n<td><b>\u00dcretici<\/b><\/td>\n<td><span style=\"font-weight: 400;\">OutDare LLC<\/span><\/td>\n<\/tr>\n<tr>\n<td><b>Aroma<\/b><\/td>\n<td><span style=\"font-weight: 400;\">Nane<\/span><\/td>\n<\/tr>\n<tr>\n<td><b>T\u00fcr<\/b><\/td>\n<td><span style=\"font-weight: 400;\">Tamamen beyaz po\u015fet<\/span><\/td>\n<\/tr>\n<\/tbody>\n<\/table>","protected":false},"excerpt":{"rendered":"<p>OUTDARE Rad Mint Slim i\u00e7erir <strong data-start=\"976\" data-end=\"993\">6 mg nikotin<\/strong> po\u015fet ba\u015f\u0131na nane tat profiliyle. <strong data-start=\"1036\" data-end=\"1044\">\u0130nce<\/strong> po\u015fet format\u0131, duda\u011f\u0131n alt\u0131nda ayr\u0131k bir uyum i\u00e7in tasarlanm\u0131\u015f ve kontroll\u00fc bir tat ve nikotin sal\u0131n\u0131m\u0131 sa\u011flar. \u00dcr\u00fcn, daha d\u00fc\u015f\u00fck nikotin g\u00fcc\u00fc olarak s\u0131n\u0131fland\u0131r\u0131l\u0131r.<\/p>","protected":false},"featured_media":92123,"comment_status":"open","ping_status":"closed","template":"","format":[206],"meta":{"_acf_changed":false},"product_brand":[],"product_cat":[15],"product_tag":[17015,16559],"flavours":[199],"nicotine":[207,236],"class_list":{"0":"post-92116","1":"product","2":"type-product","3":"status-publish","4":"has-post-thumbnail","6":"product_cat-uncategorized","7":"product_tag-50-off","8":"product_tag-6-mg-pouch","9":"pa_quantity-1-pack","10":"pa_quantity-10-pack","11":"pa_quantity-3-pack","12":"pa_quantity-30-pack","13":"pa_quantity-5-pack","14":"pa_quantity-60-pack","15":"flavours-mint","16":"format-slim","17":"nicotine-10-mg-g","18":"nicotine-strong","20":"first","21":"outofstock","22":"sale","23":"taxable","24":"shipping-taxable","25":"purchasable","26":"product-type-variable"},"acf":[],"_links":{"self":[{"href":"https:\/\/whitelip.com\/tr\/wp-json\/wp\/v2\/product\/92116","targetHints":{"allow":["GET"]}}],"collection":[{"href":"https:\/\/whitelip.com\/tr\/wp-json\/wp\/v2\/product"}],"about":[{"href":"https:\/\/whitelip.com\/tr\/wp-json\/wp\/v2\/types\/product"}],"replies":[{"embeddable":true,"href":"https:\/\/whitelip.com\/tr\/wp-json\/wp\/v2\/comments?post=92116"}],"wp:featuredmedia":[{"embeddable":true,"href":"https:\/\/whitelip.com\/tr\/wp-json\/wp\/v2\/media\/92123"}],"wp:attachment":[{"href":"https:\/\/whitelip.com\/tr\/wp-json\/wp\/v2\/media?parent=92116"}],"wp:term":[{"taxonomy":"product_brand","embeddable":true,"href":"https:\/\/whitelip.com\/tr\/wp-json\/wp\/v2\/product_brand?post=92116"},{"taxonomy":"product_cat","embeddable":true,"href":"https:\/\/whitelip.com\/tr\/wp-json\/wp\/v2\/product_cat?post=92116"},{"taxonomy":"product_tag","embeddable":true,"href":"https:\/\/whitelip.com\/tr\/wp-json\/wp\/v2\/product_tag?post=92116"},{"taxonomy":"flavours","embeddable":true,"href":"https:\/\/whitelip.com\/tr\/wp-json\/wp\/v2\/flavours?post=92116"},{"taxonomy":"format","embeddable":true,"href":"https:\/\/whitelip.com\/tr\/wp-json\/wp\/v2\/format?post=92116"},{"taxonomy":"nicotine","embeddable":true,"href":"https:\/\/whitelip.com\/tr\/wp-json\/wp\/v2\/nicotine?post=92116"}],"curies":[{"name":"wp","href":"https:\/\/api.w.org\/{rel}","templated":true}]}}