{"id":92089,"date":"2026-03-24T12:52:44","date_gmt":"2026-03-24T12:52:44","guid":{"rendered":"https:\/\/whitelip.com\/?post_type=product&#038;p=92089"},"modified":"2026-04-13T17:48:09","modified_gmt":"2026-04-13T17:48:09","slug":"apres-julmust","status":"publish","type":"product","link":"https:\/\/whitelip.com\/tr\/apres\/apres-julmust\/","title":{"rendered":"APR\u00c8S Julmust"},"content":{"rendered":"<h2>APR\u00c8S Julmust<\/h2>\n<p data-start=\"30\" data-end=\"256\">APR\u00c8S Julmust Slim, po\u015fet ba\u015f\u0131na 4,4 mg nikotin i\u00e7erir ve geleneksel \u0130sve\u00e7 julmust'undan ilham alan bir tat profiline sahiptir. \u00dcr\u00fcn APR\u00c8S Nicotine AB taraf\u0131ndan \u00fcretilmi\u015f ve Slim po\u015fet format\u0131nda sunulmaktad\u0131r. Tat profili julmust'a dayal\u0131 olup, klasik \u0130sve\u00e7 i\u00e7ece\u011finin \u00f6zel tatl\u0131 ve baharatl\u0131 notalar\u0131n\u0131 birle\u015ftirir. Slim format, duda\u011f\u0131n alt\u0131na e\u015fit \u015fekilde oturmak i\u00e7in tasarlanm\u0131\u015f dar po\u015fetlerden olu\u015fur ve ayr\u0131k ve rahat bir uyum sa\u011flar. Po\u015fetler tamamen beyaz olup, kullan\u0131m s\u0131ras\u0131nda tutarl\u0131 tat ve nikotin sal\u0131n\u0131m\u0131 sunmak i\u00e7in geli\u015ftirilmi\u015ftir. Nikotin konsantrasyonu gram ba\u015f\u0131na 8 mg olup, po\u015fet ba\u015f\u0131na 4,4 mg nikotine kar\u015f\u0131l\u0131k gelir. Her kutu 20 po\u015fet i\u00e7erir ve toplam i\u00e7erik a\u011f\u0131rl\u0131\u011f\u0131 11 gramd\u0131r. Nikotin seviyesi d\u00fc\u015f\u00fck olarak s\u0131n\u0131fland\u0131r\u0131l\u0131r. APR\u00c8S, dengeli tat profilleri ve tutarl\u0131 \u00fcr\u00fcn kalitesi ile nikotin po\u015fetleri \u00fcretmeye odaklanan bir markad\u0131r. \u00dcr\u00fcn yelpazesi, nane ile meyve ve julmust gibi daha belirgin profiller de dahil olmak \u00fczere \u00e7e\u015fitli tat kategorilerini, farkl\u0131 g\u00fc\u00e7 ve formatlarda i\u00e7erir.<\/p>\n<table>\n<tbody>\n<tr>\n<td><b>Attribute<\/b><\/td>\n<td><b>Ayr\u0131nt\u0131lar<\/b><\/td>\n<\/tr>\n<tr>\n<td><b>10g (20 po\u015fet)<\/b><\/td>\n<td><span style=\"font-weight: 400;\">11g (20 po\u015fet)<\/span><\/td>\n<\/tr>\n<tr>\n<td><b>Nikotin i\u00e7eri\u011fi<\/b><\/td>\n<td><span style=\"font-weight: 400;\">8 mg\/g (po\u015fet ba\u015f\u0131na 4,4 mg)<\/span><\/td>\n<\/tr>\n<tr>\n<td><b>Po\u015fet format\u0131<\/b><\/td>\n<td><span style=\"font-weight: 400;\">\u0130nce<\/span><\/td>\n<\/tr>\n<tr>\n<td><b>\u00dcretici<\/b><\/td>\n<td><span style=\"font-weight: 400;\">APR\u00c8S Nicotine AB<\/span><\/td>\n<\/tr>\n<tr>\n<td><b>Aroma<\/b><\/td>\n<td><span style=\"font-weight: 400;\">\u0130sve\u00e7 julmust<\/span><\/td>\n<\/tr>\n<tr>\n<td><b>T\u00fcr<\/b><\/td>\n<td><span style=\"font-weight: 400;\">Tamamen beyaz po\u015fet<\/span><\/td>\n<\/tr>\n<\/tbody>\n<\/table>","protected":false},"excerpt":{"rendered":"<p>APR\u00c8S <strong data-start=\"1143\" data-end=\"1159\">Julmust Slim<\/strong> i\u00e7erir <strong data-start=\"1169\" data-end=\"1188\">4.4 mg nikotin<\/strong> po\u015fet ba\u015f\u0131na \u0130sve\u00e7 julmust'undan ilham alan bir tat profiliyle. Her kutu 20 <strong data-start=\"1271\" data-end=\"1279\">\u0130nce<\/strong> toplam a\u011f\u0131rl\u0131\u011f\u0131 11 gram olan po\u015fet i\u00e7erir. Nikotin konsantrasyonu gram ba\u015f\u0131na 8 mg olup, d\u00fc\u015f\u00fck nikotin g\u00fcc\u00fcne kar\u015f\u0131l\u0131k gelir.<\/p>","protected":false},"featured_media":92096,"comment_status":"open","ping_status":"closed","template":"","format":[206],"meta":{"_acf_changed":false},"product_brand":[],"product_cat":[41],"product_tag":[17014,16549],"flavours":[],"nicotine":[230,235],"class_list":{"0":"post-92089","1":"product","2":"type-product","3":"status-publish","4":"has-post-thumbnail","6":"product_cat-apres","7":"product_tag-35-off","8":"product_tag-4-4-mg-pouch","9":"pa_quantity-1-pack","10":"pa_quantity-10-pack","11":"pa_quantity-3-pack","12":"pa_quantity-30-pack","13":"pa_quantity-5-pack","14":"pa_quantity-60-pack","15":"format-slim","16":"nicotine-8-mg-g","17":"nicotine-normal","19":"first","20":"instock","21":"sale","22":"taxable","23":"shipping-taxable","24":"purchasable","25":"product-type-variable"},"acf":[],"_links":{"self":[{"href":"https:\/\/whitelip.com\/tr\/wp-json\/wp\/v2\/product\/92089","targetHints":{"allow":["GET"]}}],"collection":[{"href":"https:\/\/whitelip.com\/tr\/wp-json\/wp\/v2\/product"}],"about":[{"href":"https:\/\/whitelip.com\/tr\/wp-json\/wp\/v2\/types\/product"}],"replies":[{"embeddable":true,"href":"https:\/\/whitelip.com\/tr\/wp-json\/wp\/v2\/comments?post=92089"}],"wp:featuredmedia":[{"embeddable":true,"href":"https:\/\/whitelip.com\/tr\/wp-json\/wp\/v2\/media\/92096"}],"wp:attachment":[{"href":"https:\/\/whitelip.com\/tr\/wp-json\/wp\/v2\/media?parent=92089"}],"wp:term":[{"taxonomy":"product_brand","embeddable":true,"href":"https:\/\/whitelip.com\/tr\/wp-json\/wp\/v2\/product_brand?post=92089"},{"taxonomy":"product_cat","embeddable":true,"href":"https:\/\/whitelip.com\/tr\/wp-json\/wp\/v2\/product_cat?post=92089"},{"taxonomy":"product_tag","embeddable":true,"href":"https:\/\/whitelip.com\/tr\/wp-json\/wp\/v2\/product_tag?post=92089"},{"taxonomy":"flavours","embeddable":true,"href":"https:\/\/whitelip.com\/tr\/wp-json\/wp\/v2\/flavours?post=92089"},{"taxonomy":"format","embeddable":true,"href":"https:\/\/whitelip.com\/tr\/wp-json\/wp\/v2\/format?post=92089"},{"taxonomy":"nicotine","embeddable":true,"href":"https:\/\/whitelip.com\/tr\/wp-json\/wp\/v2\/nicotine?post=92089"}],"curies":[{"name":"wp","href":"https:\/\/api.w.org\/{rel}","templated":true}]}}