{"id":90281,"date":"2026-03-10T10:31:31","date_gmt":"2026-03-10T10:31:31","guid":{"rendered":"https:\/\/whitelip.com\/?post_type=product&#038;p=90281"},"modified":"2026-05-09T10:52:23","modified_gmt":"2026-05-09T10:52:23","slug":"zyn-black-cherry-9mg","status":"publish","type":"product","link":"https:\/\/whitelip.com\/tr\/zyn\/zyn-black-cherry-9mg\/","title":{"rendered":"ZYN Black Cherry 9mg"},"content":{"rendered":"<p data-start=\"30\" data-end=\"263\">ZYN Black Cherry 9mg po\u015f ba\u015f\u0131na 9 mg nikotin i\u00e7erir ve kiraz, badem, narenciye ve meyve notalar\u0131n\u0131 birle\u015ftiren bir tat profiline sahiptir. \u00dcr\u00fcn Swedish Match taraf\u0131ndan \u00fcretilmi\u015ftir ve Slim po\u015fet format\u0131nda sunulmaktad\u0131r.<\/p>\n<p data-start=\"265\" data-end=\"576\">Tat profili, tatl\u0131 kiraz karakterini hafif badem notalar\u0131 ve a\u00e7\u0131k narenciye tazeli\u011fiyle harmanlayarak sunmaktad\u0131r. Ek meyve unsurlar\u0131 dengeli ve katmanl\u0131 bir tat bile\u015fimine katk\u0131da bulunmaktad\u0131r. Slim format, duda\u011f\u0131n alt\u0131nda e\u015fit \u015fekilde oturmak ve kullan\u0131m s\u0131ras\u0131nda ayr\u0131k bir uyum sa\u011flamak i\u00e7in tasarlanan dar po\u015fetlerden olu\u015fur.<\/p>\n<p data-start=\"578\" data-end=\"746\">Nikotin konsantrasyonu gram ba\u015f\u0131na 13.22 mg olup, po\u015f ba\u015f\u0131na 9 mg nikotine kar\u015f\u0131l\u0131k gelmektedir. Her kutu 20 po\u015fet i\u00e7erir. Nikotin seviyesi g\u00fc\u00e7l\u00fc olarak s\u0131n\u0131fland\u0131r\u0131lm\u0131\u015ft\u0131r.<\/p>\n<p data-start=\"748\" data-end=\"1055\">ZYN, Swedish Match taraf\u0131ndan geli\u015ftirilmi\u015f ve ilk olarak 2014'te Birle\u015fik Devletler'de, ard\u0131ndan 2016'da \u0130sve\u00e7'te piyasaya s\u00fcr\u00fclm\u00fc\u015f bir markad\u0131r. Kas\u0131m 2022'den itibaren marka Philip Morris International portf\u00f6y\u00fcn\u00fcn bir par\u00e7as\u0131d\u0131r ve farkl\u0131 tatlar, formatlar ve nikotin yo\u011funluklar\u0131nda mevcut olan bir dizi po\u015fet \u00fcr\u00fcn i\u00e7erir.<\/p>\n<table>\n<tbody>\n<tr>\n<td><b>Attribute<\/b><\/td>\n<td><b>Ayr\u0131nt\u0131lar<\/b><\/td>\n<\/tr>\n<tr>\n<td><b>Brand<\/b><\/td>\n<td><span style=\"font-weight: 400;\">ZYN<\/span><\/td>\n<\/tr>\n<tr>\n<td><b>\u00dcr\u00fcn T\u00fcr\u00fc<\/b><\/td>\n<td><span style=\"font-weight: 400;\">T\u00fcm Beyaz Nikotin Po\u015fetleri<\/span><\/td>\n<\/tr>\n<tr>\n<td><b>Format<\/b><\/td>\n<td>\u0130nce<\/td>\n<\/tr>\n<tr>\n<td><b>Aroma<\/b><\/td>\n<td>Kiraz<\/td>\n<\/tr>\n<tr>\n<td><b>Nikotin G\u00fcc\u00fc<\/b><\/td>\n<td><span style=\"font-weight: 400;\">Po\u015fet ba\u015f\u0131na 9 mg<\/span><\/td>\n<\/tr>\n<tr>\n<td><b>K\u0131s\u0131m A\u011f\u0131rl\u0131\u011f\u0131<\/b><\/td>\n<td><span style=\"font-weight: 400;\">0,7 gram<\/span><\/td>\n<\/tr>\n<tr>\n<td><b>K\u0131s\u0131m Say\u0131s\u0131<\/b><\/td>\n<td><span style=\"font-weight: 400;\">kutu ba\u015f\u0131na 20<\/span><\/td>\n<\/tr>\n<tr>\n<td><b>Toplam Kutu A\u011f\u0131rl\u0131\u011f\u0131<\/b><\/td>\n<td><span style=\"font-weight: 400;\">13,6 gram<\/span><\/td>\n<\/tr>\n<tr>\n<td><b>\u00dcretici<\/b><\/td>\n<td><span style=\"font-weight: 400;\">Swedish Match<\/span><\/td>\n<\/tr>\n<tr>\n<td><b>Dikkate De\u011fer \u00d6zellikler<\/b><\/td>\n<td><span style=\"font-weight: 400;\">T\u00fct\u00fcns\u00fcz, ince format, tatl\u0131 ve ek\u015fi siyah kiraz aromasi<\/span><\/td>\n<\/tr>\n<\/tbody>\n<\/table>","protected":false},"excerpt":{"rendered":"<p data-start=\"1207\" data-end=\"1417\">ZYN Black Cherry 9mg i\u00e7erir <strong data-start=\"1125\" data-end=\"1142\">9 mg nikotin<\/strong> po\u015f ba\u015f\u0131na ve kiraz, badem, narenciye ve meyve notalar\u0131n\u0131 birle\u015ftiren bir tat profiline sahiptir. Her kutu 20 adet <strong data-start=\"1247\" data-end=\"1255\">\u0130nce<\/strong> po\u015fet i\u00e7erir ve Swedish Match taraf\u0131ndan \u00fcretilmi\u015ftir. Nikotin konsantrasyonu gram ba\u015f\u0131na 13.22 mg'dir ve g\u00fc\u00e7l\u00fc yo\u011funluk olarak s\u0131n\u0131fland\u0131r\u0131lm\u0131\u015ft\u0131r.<\/p>","protected":false},"featured_media":90289,"comment_status":"open","ping_status":"closed","template":"","format":[206],"meta":{"_acf_changed":false},"product_brand":[],"product_cat":[37],"product_tag":[16563],"flavours":[196],"nicotine":[210],"class_list":{"0":"post-90281","1":"product","2":"type-product","3":"status-publish","4":"has-post-thumbnail","6":"product_cat-zyn","7":"product_tag-9-mg-pouch","8":"pa_quantity-1-pack","9":"pa_quantity-10-pack","10":"pa_quantity-3-pack","11":"pa_quantity-30-pack","12":"pa_quantity-5-pack","13":"pa_quantity-60-pack","14":"flavours-fruits-berries","15":"format-slim","16":"nicotine-13-mg-g","18":"first","19":"instock","20":"taxable","21":"shipping-taxable","22":"purchasable","23":"product-type-variable"},"acf":[],"_links":{"self":[{"href":"https:\/\/whitelip.com\/tr\/wp-json\/wp\/v2\/product\/90281","targetHints":{"allow":["GET"]}}],"collection":[{"href":"https:\/\/whitelip.com\/tr\/wp-json\/wp\/v2\/product"}],"about":[{"href":"https:\/\/whitelip.com\/tr\/wp-json\/wp\/v2\/types\/product"}],"replies":[{"embeddable":true,"href":"https:\/\/whitelip.com\/tr\/wp-json\/wp\/v2\/comments?post=90281"}],"wp:featuredmedia":[{"embeddable":true,"href":"https:\/\/whitelip.com\/tr\/wp-json\/wp\/v2\/media\/90289"}],"wp:attachment":[{"href":"https:\/\/whitelip.com\/tr\/wp-json\/wp\/v2\/media?parent=90281"}],"wp:term":[{"taxonomy":"product_brand","embeddable":true,"href":"https:\/\/whitelip.com\/tr\/wp-json\/wp\/v2\/product_brand?post=90281"},{"taxonomy":"product_cat","embeddable":true,"href":"https:\/\/whitelip.com\/tr\/wp-json\/wp\/v2\/product_cat?post=90281"},{"taxonomy":"product_tag","embeddable":true,"href":"https:\/\/whitelip.com\/tr\/wp-json\/wp\/v2\/product_tag?post=90281"},{"taxonomy":"flavours","embeddable":true,"href":"https:\/\/whitelip.com\/tr\/wp-json\/wp\/v2\/flavours?post=90281"},{"taxonomy":"format","embeddable":true,"href":"https:\/\/whitelip.com\/tr\/wp-json\/wp\/v2\/format?post=90281"},{"taxonomy":"nicotine","embeddable":true,"href":"https:\/\/whitelip.com\/tr\/wp-json\/wp\/v2\/nicotine?post=90281"}],"curies":[{"name":"wp","href":"https:\/\/api.w.org\/{rel}","templated":true}]}}