{"id":86542,"date":"2026-03-02T10:33:25","date_gmt":"2026-03-02T10:33:25","guid":{"rendered":"https:\/\/whitelip.com\/?post_type=product&#038;p=86542"},"modified":"2026-04-17T09:18:18","modified_gmt":"2026-04-17T09:18:18","slug":"pablo-exclusive-watermelon-lemon","status":"publish","type":"product","link":"https:\/\/whitelip.com\/tr\/pablo\/pablo-exclusive-watermelon-lemon\/","title":{"rendered":"PABLO Exclusive Karpuz Limon"},"content":{"rendered":"<p data-start=\"30\" data-end=\"281\">PABLO EXCLUSIVE Watermelon Lemon Slim, po\u015fet ba\u015f\u0131na 30 mg nikotin i\u00e7erir ve karpuzu ve limonu birle\u015ftiren bir tat profili sunar. \u00dcr\u00fcn, ince po\u015fet format\u0131nda geli\u015ftirilmi\u015ftir ve y\u00fcksek nikotin seviyelerine al\u0131\u015fk\u0131n kullan\u0131c\u0131lar i\u00e7in tasarlanm\u0131\u015ft\u0131r.<\/p>\n<p data-start=\"283\" data-end=\"569\">Tat profili, tatl\u0131 karpuz notalar\u0131n\u0131 limondan gelen belirgin bir sitrus karakteri ile harmanlayarak meyve ve asiditli\u011fin dengeli bir kombinasyonunu olu\u015fturur. Ince format, duda\u011f\u0131n alt\u0131nda e\u015fit bir \u015fekilde oturmak i\u00e7in tasarlanm\u0131\u015f daha dar po\u015fetlerden olu\u015fur ve kullan\u0131m s\u0131ras\u0131nda tutarl\u0131 bir yap\u0131y\u0131 korur.<\/p>\n<p data-start=\"571\" data-end=\"848\">Nikotin konsantrasyonu gram ba\u015f\u0131na 50 mg'dir. Her po\u015fet 0,6 gram a\u011f\u0131rl\u0131\u011f\u0131nda olup, po\u015fet ba\u015f\u0131na 30 mg nikotine kar\u015f\u0131l\u0131k gelir. Her kutu, toplam net a\u011f\u0131rl\u0131\u011f\u0131 12 gram olan 20 po\u015fet i\u00e7erir. Y\u00fcksek nikotin konsantrasyonu bu \u00fcr\u00fcn\u00fc ekstra g\u00fc\u00e7l\u00fc kuvvet kategorisine yerle\u015ftirir.<\/p>\n<p data-start=\"850\" data-end=\"991\">Meyve bazl\u0131 lezzet ve y\u00fckseltilmi\u015f nikotin i\u00e7eri\u011finin kombinasyonu, ince po\u015fet format\u0131 arac\u0131l\u0131\u011f\u0131yla sunulan yo\u011fun bir nikotin seviyesi sa\u011flar.<\/p>\n<table>\n<tbody>\n<tr>\n<td><b>Attribute<\/b><\/td>\n<td><b>Ayr\u0131nt\u0131lar<\/b><\/td>\n<\/tr>\n<tr>\n<td><b>10g (20 po\u015fet)<\/b><\/td>\n<td><span style=\"font-weight: 400;\">12g (20 po\u015fet)<\/span><\/td>\n<\/tr>\n<tr>\n<td><b>Nikotin i\u00e7eri\u011fi<\/b><\/td>\n<td><span style=\"font-weight: 400;\">50 mg\/g (po\u015fet ba\u015f\u0131na 30 mg)<\/span><\/td>\n<\/tr>\n<tr>\n<td><b>Po\u015fet format\u0131<\/b><\/td>\n<td><span style=\"font-weight: 400;\">\u0130nce<\/span><\/td>\n<\/tr>\n<tr>\n<td><b>\u00dcretici<\/b><\/td>\n<td><span style=\"font-weight: 400;\">N.G.P Empire<\/span><\/td>\n<\/tr>\n<tr>\n<td><b>Aroma<\/b><\/td>\n<td>Karpuz, Limon<\/td>\n<\/tr>\n<tr>\n<td><b>T\u00fcr<\/b><\/td>\n<td><span style=\"font-weight: 400;\">T\u00fcm beyaz po\u015fet, t\u00fct\u00fcns\u00fcz<\/span><\/td>\n<\/tr>\n<\/tbody>\n<\/table>","protected":false},"excerpt":{"rendered":"<p data-start=\"851\" data-end=\"969\">PABLO EXCLUSIVE Watermelon Lemon Slim i\u00e7erir <strong data-start=\"1077\" data-end=\"1095\">30 mg nikotin<\/strong> Po\u015fet ba\u015f\u0131na, karpuz ve limon tat profili ile. Her kutu, her biri 0,6 gram a\u011f\u0131rl\u0131\u011f\u0131nda 20 <strong data-start=\"1171\" data-end=\"1179\">\u0130nce<\/strong> po\u015fet i\u00e7erir ve gram ba\u015f\u0131na 50 mg nikotin konsantrasyonuna sahiptir. \u00dcr\u00fcn, ekstra g\u00fc\u00e7l\u00fc kuvvet olarak s\u0131n\u0131fland\u0131r\u0131lm\u0131\u015ft\u0131r.<\/p>","protected":false},"featured_media":86592,"comment_status":"open","ping_status":"closed","template":"","format":[206],"meta":{"_acf_changed":false},"product_brand":[],"product_cat":[44],"product_tag":[16605],"flavours":[196],"nicotine":[233,226],"class_list":{"0":"post-86542","1":"product","2":"type-product","3":"status-publish","4":"has-post-thumbnail","6":"product_cat-pablo","7":"product_tag-30-mg-pouch","8":"pa_quantity-1-pack","9":"pa_quantity-10-pack","10":"pa_quantity-3-pack","11":"pa_quantity-30-pack","12":"pa_quantity-5-pack","13":"pa_quantity-60-pack","14":"flavours-fruits-berries","15":"format-slim","16":"nicotine-extreme","17":"nicotine-50-mg-g","19":"first","20":"instock","21":"taxable","22":"shipping-taxable","23":"purchasable","24":"product-type-variable"},"acf":[],"_links":{"self":[{"href":"https:\/\/whitelip.com\/tr\/wp-json\/wp\/v2\/product\/86542","targetHints":{"allow":["GET"]}}],"collection":[{"href":"https:\/\/whitelip.com\/tr\/wp-json\/wp\/v2\/product"}],"about":[{"href":"https:\/\/whitelip.com\/tr\/wp-json\/wp\/v2\/types\/product"}],"replies":[{"embeddable":true,"href":"https:\/\/whitelip.com\/tr\/wp-json\/wp\/v2\/comments?post=86542"}],"wp:featuredmedia":[{"embeddable":true,"href":"https:\/\/whitelip.com\/tr\/wp-json\/wp\/v2\/media\/86592"}],"wp:attachment":[{"href":"https:\/\/whitelip.com\/tr\/wp-json\/wp\/v2\/media?parent=86542"}],"wp:term":[{"taxonomy":"product_brand","embeddable":true,"href":"https:\/\/whitelip.com\/tr\/wp-json\/wp\/v2\/product_brand?post=86542"},{"taxonomy":"product_cat","embeddable":true,"href":"https:\/\/whitelip.com\/tr\/wp-json\/wp\/v2\/product_cat?post=86542"},{"taxonomy":"product_tag","embeddable":true,"href":"https:\/\/whitelip.com\/tr\/wp-json\/wp\/v2\/product_tag?post=86542"},{"taxonomy":"flavours","embeddable":true,"href":"https:\/\/whitelip.com\/tr\/wp-json\/wp\/v2\/flavours?post=86542"},{"taxonomy":"format","embeddable":true,"href":"https:\/\/whitelip.com\/tr\/wp-json\/wp\/v2\/format?post=86542"},{"taxonomy":"nicotine","embeddable":true,"href":"https:\/\/whitelip.com\/tr\/wp-json\/wp\/v2\/nicotine?post=86542"}],"curies":[{"name":"wp","href":"https:\/\/api.w.org\/{rel}","templated":true}]}}