{"id":86434,"date":"2026-03-02T10:14:42","date_gmt":"2026-03-02T10:14:42","guid":{"rendered":"https:\/\/whitelip.com\/?post_type=product&#038;p=86434"},"modified":"2026-05-11T10:11:56","modified_gmt":"2026-05-11T10:11:56","slug":"creed-spezial-cola-orange","status":"publish","type":"product","link":"https:\/\/whitelip.com\/tr\/creed\/creed-spezial-cola-orange\/","title":{"rendered":"CREED Spezial Cola Portakal\u0131"},"content":{"rendered":"<h2>CREED Spezial Cola Portakal\u0131<\/h2>\n<p data-start=\"30\" data-end=\"273\">Bu Slim formattaki nikotin po\u015feti \u00fcr\u00fcn\u00fc po\u015f ba\u015f\u0131na 12 mg nikotin i\u00e7erir ve g\u00fc\u00e7l\u00fc yo\u011funluk olarak s\u0131n\u0131fland\u0131r\u0131lm\u0131\u015ft\u0131r. Tat profili, cola karakterini portakal notalar\u0131yla birle\u015ftirerek, tatl\u0131l\u0131k ve narenciye tazeli\u011finin dengeli bir kar\u0131\u015f\u0131m\u0131n\u0131 olu\u015fturmaktad\u0131r.<\/p>\n<p data-start=\"275\" data-end=\"474\">Slim format, duda\u011f\u0131n alt\u0131nda e\u015fit \u015fekilde oturmak i\u00e7in tasarlanan dar po\u015fetlerden olu\u015fur. Her po\u015fet 0.75 gram a\u011f\u0131rl\u0131\u011f\u0131nda olup, kullan\u0131m s\u0131ras\u0131nda tutarl\u0131 tat ve nikotin sal\u0131veri\u015fi sa\u011flamak i\u00e7in geli\u015ftirilmi\u015ftir.<\/p>\n<p data-start=\"476\" data-end=\"771\">Nikotin i\u00e7eri\u011fi gram ba\u015f\u0131na 16 mg olup, po\u015f ba\u015f\u0131na 12 mg nikotine kar\u015f\u0131l\u0131k gelmektedir. Her kutu toplam net a\u011f\u0131rl\u0131\u011f\u0131 14.7 gram olan 20 po\u015fet i\u00e7erir. G\u00fc\u00e7l\u00fc nikotin seviyesi bu \u00fcr\u00fcn\u00fc, daha g\u00fc\u00e7l\u00fc nikotin \u00fcr\u00fcnlerine a\u015fina olan kullan\u0131c\u0131lar i\u00e7in tasarlanm\u0131\u015f daha y\u00fcksek yo\u011funluk kategorisine yerle\u015ftirmektedir.<\/p>\n<p data-start=\"773\" data-end=\"946\">Cola ve portakal tat \u00f6\u011felerinin kombinasyonu, kontroll\u00fc nikotin verirken a\u00e7\u0131k\u00e7a tan\u0131mlanm\u0131\u015f bir tat profili sunmaktad\u0131r. <strong data-start=\"924\" data-end=\"932\">\u0130nce<\/strong> po\u015fet format\u0131nda.<\/p>\n<table>\n<tbody>\n<tr>\n<td><b>Attribute<\/b><\/td>\n<td><b>Ayr\u0131nt\u0131lar<\/b><\/td>\n<\/tr>\n<tr>\n<td><b>Brand<\/b><\/td>\n<td><span style=\"font-weight: 400;\">CREED<\/span><\/td>\n<\/tr>\n<tr>\n<td><b>\u00dcr\u00fcn T\u00fcr\u00fc<\/b><\/td>\n<td><span style=\"font-weight: 400;\">T\u00fcm Beyaz Nikotin Po\u015fetleri<\/span><\/td>\n<\/tr>\n<tr>\n<td><b>Format<\/b><\/td>\n<td><span style=\"font-weight: 400;\">\u0130nce<\/span><\/td>\n<\/tr>\n<tr>\n<td><b>Aroma<\/b><\/td>\n<td><span style=\"font-weight: 400;\">Kola, Portakal<\/span><\/td>\n<\/tr>\n<tr>\n<td><b>Nikotin G\u00fcc\u00fc<\/b><\/td>\n<td><span style=\"font-weight: 400;\">Po\u015fet ba\u015f\u0131na 12 mg\u00a0<\/span><\/td>\n<\/tr>\n<tr>\n<td><b>K\u0131s\u0131m A\u011f\u0131rl\u0131\u011f\u0131<\/b><\/td>\n<td><span style=\"font-weight: 400;\">0,75 gram<\/span><\/td>\n<\/tr>\n<tr>\n<td><b>K\u0131s\u0131m Say\u0131s\u0131<\/b><\/td>\n<td><span style=\"font-weight: 400;\">kutu ba\u015f\u0131na 20<\/span><\/td>\n<\/tr>\n<tr>\n<td><b>Toplam Kutu A\u011f\u0131rl\u0131\u011f\u0131<\/b><\/td>\n<td><span style=\"font-weight: 400;\">15 gram<\/span><\/td>\n<\/tr>\n<tr>\n<td><b>\u00dcretici<\/b><\/td>\n<td><span style=\"font-weight: 400;\">AROS ECOM AB<\/span><\/td>\n<\/tr>\n<tr>\n<td><b>Dikkate De\u011fer \u00d6zellikler<\/b><\/td>\n<td><span style=\"font-weight: 400;\">T\u00fct\u00fcn i\u00e7ermez, ince format<\/span><\/td>\n<\/tr>\n<\/tbody>\n<\/table>","protected":false},"excerpt":{"rendered":"<p data-start=\"991\" data-end=\"1124\">Bu <strong data-start=\"986\" data-end=\"994\">\u0130nce<\/strong> nikotin po\u015feti i\u00e7erir <strong data-start=\"1019\" data-end=\"1037\">12 mg nikotin<\/strong> po\u015f ba\u015f\u0131na ve cola ve portakal tat profiline sahiptir. Her kutu 20 po\u015fet i\u00e7erir, her biri 0.75 gram a\u011f\u0131rl\u0131\u011f\u0131nda, toplam net a\u011f\u0131rl\u0131k 14.7 gramd\u0131r. \u00dcr\u00fcn g\u00fc\u00e7l\u00fc yo\u011funluk olarak s\u0131n\u0131fland\u0131r\u0131lm\u0131\u015ft\u0131r.<\/p>","protected":false},"featured_media":86491,"comment_status":"open","ping_status":"closed","template":"","format":[206],"meta":{"_acf_changed":false},"product_brand":[],"product_cat":[16528],"product_tag":[16561],"flavours":[193,196],"nicotine":[213,232],"class_list":{"0":"post-86434","1":"product","2":"type-product","3":"status-publish","4":"has-post-thumbnail","6":"product_cat-creed","7":"product_tag-12-mg-pouch","8":"pa_quantity-1-pack","9":"pa_quantity-10-pack","10":"pa_quantity-3-pack","11":"pa_quantity-30-pack","12":"pa_quantity-5-pack","13":"pa_quantity-60-pack","14":"flavours-cola","15":"flavours-fruits-berries","16":"format-slim","17":"nicotine-16-mg-g","18":"nicotine-extra-strong","20":"first","21":"instock","22":"taxable","23":"shipping-taxable","24":"purchasable","25":"product-type-variable","26":"has-default-attributes"},"acf":[],"_links":{"self":[{"href":"https:\/\/whitelip.com\/tr\/wp-json\/wp\/v2\/product\/86434","targetHints":{"allow":["GET"]}}],"collection":[{"href":"https:\/\/whitelip.com\/tr\/wp-json\/wp\/v2\/product"}],"about":[{"href":"https:\/\/whitelip.com\/tr\/wp-json\/wp\/v2\/types\/product"}],"replies":[{"embeddable":true,"href":"https:\/\/whitelip.com\/tr\/wp-json\/wp\/v2\/comments?post=86434"}],"wp:featuredmedia":[{"embeddable":true,"href":"https:\/\/whitelip.com\/tr\/wp-json\/wp\/v2\/media\/86491"}],"wp:attachment":[{"href":"https:\/\/whitelip.com\/tr\/wp-json\/wp\/v2\/media?parent=86434"}],"wp:term":[{"taxonomy":"product_brand","embeddable":true,"href":"https:\/\/whitelip.com\/tr\/wp-json\/wp\/v2\/product_brand?post=86434"},{"taxonomy":"product_cat","embeddable":true,"href":"https:\/\/whitelip.com\/tr\/wp-json\/wp\/v2\/product_cat?post=86434"},{"taxonomy":"product_tag","embeddable":true,"href":"https:\/\/whitelip.com\/tr\/wp-json\/wp\/v2\/product_tag?post=86434"},{"taxonomy":"flavours","embeddable":true,"href":"https:\/\/whitelip.com\/tr\/wp-json\/wp\/v2\/flavours?post=86434"},{"taxonomy":"format","embeddable":true,"href":"https:\/\/whitelip.com\/tr\/wp-json\/wp\/v2\/format?post=86434"},{"taxonomy":"nicotine","embeddable":true,"href":"https:\/\/whitelip.com\/tr\/wp-json\/wp\/v2\/nicotine?post=86434"}],"curies":[{"name":"wp","href":"https:\/\/api.w.org\/{rel}","templated":true}]}}