{"id":86377,"date":"2026-03-02T10:07:31","date_gmt":"2026-03-02T10:07:31","guid":{"rendered":"https:\/\/whitelip.com\/?post_type=product&#038;p=86377"},"modified":"2026-05-06T16:59:51","modified_gmt":"2026-05-06T16:59:51","slug":"nois-wintergreen-slim","status":"publish","type":"product","link":"https:\/\/whitelip.com\/tr\/nois\/nois-wintergreen-slim\/","title":{"rendered":"NOIS Wintergreen 4mg"},"content":{"rendered":"<h2>NOIS Wintergreen 4mg<\/h2>\n<p data-start=\"30\" data-end=\"269\">NOIS Wintergreen 4mg, po\u015fet ba\u015f\u0131na 4 mg nikotin i\u00e7erir ve tatl\u0131 k\u0131\u015f ye\u015fili notalar\u0131 ile so\u011futma mentol\u00fcn\u00fcn kombinasyonundan olu\u015fan bir tat profiline sahiptir. \u00dcr\u00fcn, Estonya'da NOIS.WORLD taraf\u0131ndan \u00fcretilir ve ince po\u015fet format\u0131nda sunulur.<\/p>\n<p data-start=\"271\" data-end=\"580\">Tat, meyve benzeri k\u0131\u015f ye\u015fili karakteri ile taze nane sensasyonunu birle\u015ftirerek dengeli bir so\u011futma profili olu\u015fturur. Slim format, duda\u011f\u0131n alt\u0131na e\u015fit ve rahat oturum i\u00e7in tasarlanm\u0131\u015f dar po\u015fetlerden olu\u015fur. Her po\u015fet 0,5 gram a\u011f\u0131rl\u0131\u011f\u0131ndad\u0131r ve tutarl\u0131 tat ve nikotin sal\u0131m\u0131 i\u00e7in geli\u015ftirilmi\u015ftir.<\/p>\n<p data-start=\"582\" data-end=\"879\">Her kutu toplam i\u00e7erik a\u011f\u0131rl\u0131\u011f\u0131 15 gram olan 30 po\u015fet i\u00e7erir. Her po\u015fet 4 mg nikotin sa\u011flar ve \u00fcr\u00fcn\u00fc hafif g\u00fc\u00e7 kategorisine yerle\u015ftirir. K\u0131\u015f ye\u015fili meyve notalar\u0131 ve mentol kombinasyonu, hafif nikotin seviyesini korurken a\u00e7\u0131k\u00e7a belirlenmi\u015f bir so\u011futma karakteri sa\u011flar.<\/p>\n<table>\n<tbody>\n<tr>\n<td><b>Attribute<\/b><\/td>\n<td><b>Ayr\u0131nt\u0131lar<\/b><\/td>\n<\/tr>\n<tr>\n<td><b>Brand<\/b><\/td>\n<td><span style=\"font-weight: 400;\">NOIS<\/span><\/td>\n<\/tr>\n<tr>\n<td><b>\u00dcr\u00fcn T\u00fcr\u00fc<\/b><\/td>\n<td><span style=\"font-weight: 400;\">T\u00fcm Beyaz Nikotin Po\u015fetleri<\/span><\/td>\n<\/tr>\n<tr>\n<td><b>Format<\/b><\/td>\n<td><span style=\"font-weight: 400;\">\u0130nce<\/span><\/td>\n<\/tr>\n<tr>\n<td><b>Aroma<\/b><\/td>\n<td><span style=\"font-weight: 400;\">K\u0131\u015fl\u0131k Nane<\/span><\/td>\n<\/tr>\n<tr>\n<td><b>Nikotin G\u00fcc\u00fc<\/b><\/td>\n<td><span style=\"font-weight: 400;\">Po\u015fet ba\u015f\u0131na 4 mg\u00a0<\/span><\/td>\n<\/tr>\n<tr>\n<td><b>K\u0131s\u0131m A\u011f\u0131rl\u0131\u011f\u0131<\/b><\/td>\n<td><span style=\"font-weight: 400;\">0,5 gram<\/span><\/td>\n<\/tr>\n<tr>\n<td><b>K\u0131s\u0131m Say\u0131s\u0131<\/b><\/td>\n<td><span style=\"font-weight: 400;\">Kutu ba\u015f\u0131na 30<\/span><\/td>\n<\/tr>\n<tr>\n<td><b>Toplam Kutu A\u011f\u0131rl\u0131\u011f\u0131<\/b><\/td>\n<td><span style=\"font-weight: 400;\">15 gram<\/span><\/td>\n<\/tr>\n<tr>\n<td><b>\u00dcretici<\/b><\/td>\n<td><span style=\"font-weight: 400;\">HRJ Production O\u00dc<\/span><\/td>\n<\/tr>\n<tr>\n<td><b>Dikkate De\u011fer \u00d6zellikler<\/b><\/td>\n<td><span style=\"font-weight: 400;\">T\u00fct\u00fcn i\u00e7ermez, ince format<\/span><\/td>\n<\/tr>\n<\/tbody>\n<\/table>","protected":false},"excerpt":{"rendered":"<p data-start=\"991\" data-end=\"1124\">NOIS Wintergreen 4mg i\u00e7erir <strong data-start=\"949\" data-end=\"966\">4 mg nikotin<\/strong> po\u015f ba\u015f\u0131na ve tatland\u0131r\u0131lan bir tat ile kombine <strong>k\u0131\u015f ye\u015fili<\/strong> meyve ve nane. Her kutu 30 <strong data-start=\"1050\" data-end=\"1058\">\u0130nce<\/strong> po\u015fet i\u00e7erir, her biri 0,5 gram a\u011f\u0131rl\u0131\u011f\u0131nda. \u00dcr\u00fcn hafif kuvvet olarak s\u0131n\u0131fland\u0131r\u0131lm\u0131\u015f ve Estonya'da NOIS.WORLD taraf\u0131ndan \u00fcretilmi\u015ftir.<\/p>","protected":false},"featured_media":86433,"comment_status":"open","ping_status":"closed","template":"","format":[206],"meta":{"_acf_changed":false},"product_brand":[],"product_cat":[127],"product_tag":[16585],"flavours":[203],"nicotine":[230,236],"class_list":{"0":"post-86377","1":"product","2":"type-product","3":"status-publish","4":"has-post-thumbnail","6":"product_cat-nois","7":"product_tag-4-mg-pouch","8":"pa_quantity-1-pack","9":"pa_quantity-10-pack","10":"pa_quantity-3-pack","11":"pa_quantity-30-pack","12":"pa_quantity-5-pack","13":"pa_quantity-60-pack","14":"flavours-wintergreen","15":"format-slim","16":"nicotine-8-mg-g","17":"nicotine-strong","19":"first","20":"instock","21":"taxable","22":"shipping-taxable","23":"purchasable","24":"product-type-variable","25":"has-default-attributes"},"acf":[],"_links":{"self":[{"href":"https:\/\/whitelip.com\/tr\/wp-json\/wp\/v2\/product\/86377","targetHints":{"allow":["GET"]}}],"collection":[{"href":"https:\/\/whitelip.com\/tr\/wp-json\/wp\/v2\/product"}],"about":[{"href":"https:\/\/whitelip.com\/tr\/wp-json\/wp\/v2\/types\/product"}],"replies":[{"embeddable":true,"href":"https:\/\/whitelip.com\/tr\/wp-json\/wp\/v2\/comments?post=86377"}],"wp:featuredmedia":[{"embeddable":true,"href":"https:\/\/whitelip.com\/tr\/wp-json\/wp\/v2\/media\/86433"}],"wp:attachment":[{"href":"https:\/\/whitelip.com\/tr\/wp-json\/wp\/v2\/media?parent=86377"}],"wp:term":[{"taxonomy":"product_brand","embeddable":true,"href":"https:\/\/whitelip.com\/tr\/wp-json\/wp\/v2\/product_brand?post=86377"},{"taxonomy":"product_cat","embeddable":true,"href":"https:\/\/whitelip.com\/tr\/wp-json\/wp\/v2\/product_cat?post=86377"},{"taxonomy":"product_tag","embeddable":true,"href":"https:\/\/whitelip.com\/tr\/wp-json\/wp\/v2\/product_tag?post=86377"},{"taxonomy":"flavours","embeddable":true,"href":"https:\/\/whitelip.com\/tr\/wp-json\/wp\/v2\/flavours?post=86377"},{"taxonomy":"format","embeddable":true,"href":"https:\/\/whitelip.com\/tr\/wp-json\/wp\/v2\/format?post=86377"},{"taxonomy":"nicotine","embeddable":true,"href":"https:\/\/whitelip.com\/tr\/wp-json\/wp\/v2\/nicotine?post=86377"}],"curies":[{"name":"wp","href":"https:\/\/api.w.org\/{rel}","templated":true}]}}