{"id":8576,"date":"2024-11-28T12:48:31","date_gmt":"2024-11-28T12:48:31","guid":{"rendered":"https:\/\/whitelip.com\/greatest-cold-dry-8mg\/"},"modified":"2026-05-06T10:11:16","modified_gmt":"2026-05-06T10:11:16","slug":"greatest-cold-dry-8mg","status":"publish","type":"product","link":"https:\/\/whitelip.com\/tr\/greatest\/greatest-cold-dry-8mg\/","title":{"rendered":"GREATEST Cold Dry 8mg"},"content":{"rendered":"<h2><b>GREATEST Cold Dry 8mg<\/b><\/h2>\n<p><span style=\"font-weight: 400;\">GREATEST Cold Dry 8mg nikotin keserleri, gram ba\u015f\u0131na 16 mg nikotin g\u00fcc\u00fc ile birle\u015ftirilen serinletici nane tad\u0131 sunun ve bu da kese ba\u015f\u0131na yakla\u015f\u0131k 8 mg'a kar\u015f\u0131l\u0131k gelir. Her kutu 20 ince formatl\u0131 keseden olu\u015fur ve gizli kullan\u0131m i\u00e7in tasarlanm\u0131\u015ft\u0131r ve di\u015fleri boyamaz. \u00c7a\u011fda\u015f y\u00f6ntemleri geleneksel kalite ile birle\u015ftirmesiyle bilinen Finlandiya \u00fcreticisi Puff &amp; Pouch taraf\u0131ndan \u00fcretilen bu keseler, y\u00fcksek standartlar\u0131 ve yenilik\u00e7i tat kombinasyonlar\u0131n\u0131 \u00f6rnekle\u015ftirmektedir.<\/span><\/p>\n<table>\n<tbody>\n<tr>\n<td><b>Attribute<\/b><\/td>\n<td><b>Ayr\u0131nt\u0131lar<\/b><\/td>\n<\/tr>\n<tr>\n<td><b>10g (20 po\u015fet)<\/b><\/td>\n<td><span style=\"font-weight: 400;\">12g (20 po\u015fet)<\/span><\/td>\n<\/tr>\n<tr>\n<td><b>Nikotin i\u00e7eri\u011fi<\/b><\/td>\n<td><span style=\"font-weight: 400;\">16 mg\/g (po\u015fet ba\u015f\u0131na 8 mg)<\/span><\/td>\n<\/tr>\n<tr>\n<td><b>Po\u015fet format\u0131<\/b><\/td>\n<td><span style=\"font-weight: 400;\">\u0130nce<\/span><\/td>\n<\/tr>\n<tr>\n<td><b>\u00dcretici<\/b><\/td>\n<td><span style=\"font-weight: 400;\">Puff &amp; Pouch<\/span><\/td>\n<\/tr>\n<tr>\n<td><b>Aroma<\/b><\/td>\n<td><span style=\"font-weight: 400;\">Nane<\/span><\/td>\n<\/tr>\n<tr>\n<td><b>T\u00fcr<\/b><\/td>\n<td><span style=\"font-weight: 400;\">Tamamen beyaz po\u015fet<\/span><\/td>\n<\/tr>\n<\/tbody>\n<\/table>","protected":false},"excerpt":{"rendered":"<p>Tazeleyici <strong data-start=\"11\" data-end=\"19\">nane<\/strong> temiz, so\u011futma profiline sahiptir. <strong data-start=\"51\" data-end=\"59\">\u0130nce<\/strong>, di\u015f lekesi olmadan gizli kullan\u0131m i\u00e7in tasarlanan t\u00fcm beyaz po\u015fetler; her kutu 20'li. Her po\u015fet i\u00e7erir <strong data-start=\"161\" data-end=\"178\">8 mg nikotin<\/strong> (8 mg\/g), sabit ve tatmin edici bir vuru\u015f sa\u011flar. Tutarl\u0131 kalite i\u00e7in Puff &amp; Pouch (Finlandiya) taraf\u0131ndan \u00fcretilmi\u015ftir.<\/p>","protected":false},"featured_media":8577,"comment_status":"open","ping_status":"closed","template":"","format":[206],"meta":{"_acf_changed":false},"product_brand":[],"product_cat":[87],"product_tag":[16583],"flavours":[199],"nicotine":[230,236],"class_list":{"0":"post-8576","1":"product","2":"type-product","3":"status-publish","4":"has-post-thumbnail","6":"product_cat-greatest","7":"product_tag-8-mg-pouch","8":"pa_quantity-1-pack","9":"pa_quantity-10-pack","10":"pa_quantity-3-pack","11":"pa_quantity-30-pack","12":"pa_quantity-5-pack","13":"pa_quantity-60-pack","14":"flavours-mint","15":"format-slim","16":"nicotine-8-mg-g","17":"nicotine-strong","19":"first","20":"instock","21":"taxable","22":"shipping-taxable","23":"purchasable","24":"product-type-variable"},"acf":[],"_links":{"self":[{"href":"https:\/\/whitelip.com\/tr\/wp-json\/wp\/v2\/product\/8576","targetHints":{"allow":["GET"]}}],"collection":[{"href":"https:\/\/whitelip.com\/tr\/wp-json\/wp\/v2\/product"}],"about":[{"href":"https:\/\/whitelip.com\/tr\/wp-json\/wp\/v2\/types\/product"}],"replies":[{"embeddable":true,"href":"https:\/\/whitelip.com\/tr\/wp-json\/wp\/v2\/comments?post=8576"}],"wp:featuredmedia":[{"embeddable":true,"href":"https:\/\/whitelip.com\/tr\/wp-json\/wp\/v2\/media\/8577"}],"wp:attachment":[{"href":"https:\/\/whitelip.com\/tr\/wp-json\/wp\/v2\/media?parent=8576"}],"wp:term":[{"taxonomy":"product_brand","embeddable":true,"href":"https:\/\/whitelip.com\/tr\/wp-json\/wp\/v2\/product_brand?post=8576"},{"taxonomy":"product_cat","embeddable":true,"href":"https:\/\/whitelip.com\/tr\/wp-json\/wp\/v2\/product_cat?post=8576"},{"taxonomy":"product_tag","embeddable":true,"href":"https:\/\/whitelip.com\/tr\/wp-json\/wp\/v2\/product_tag?post=8576"},{"taxonomy":"flavours","embeddable":true,"href":"https:\/\/whitelip.com\/tr\/wp-json\/wp\/v2\/flavours?post=8576"},{"taxonomy":"format","embeddable":true,"href":"https:\/\/whitelip.com\/tr\/wp-json\/wp\/v2\/format?post=8576"},{"taxonomy":"nicotine","embeddable":true,"href":"https:\/\/whitelip.com\/tr\/wp-json\/wp\/v2\/nicotine?post=8576"}],"curies":[{"name":"wp","href":"https:\/\/api.w.org\/{rel}","templated":true}]}}