{"id":8564,"date":"2024-11-28T12:48:10","date_gmt":"2024-11-28T12:48:10","guid":{"rendered":"https:\/\/whitelip.com\/puff-pouch-crispy-12mg\/"},"modified":"2026-05-06T10:11:16","modified_gmt":"2026-05-06T10:11:16","slug":"puff-pouch-crispy-12mg","status":"publish","type":"product","link":"https:\/\/whitelip.com\/tr\/puff-pouch\/puff-pouch-crispy-12mg\/","title":{"rendered":"Puff &amp; Pouch Crispy 12mg"},"content":{"rendered":"<h2><strong>Puff &amp; Pouch Crispy 12mg<\/strong><\/h2>\n<p><span style=\"font-weight: 400;\">Puff &amp; Pouch Crispy 12mg nikotin po\u015fetleri \u00e7\u0131t \u00e7\u0131tlayan ve ferah nane aromas\u0131 sunmakta, so\u011fuk ve canland\u0131r\u0131c\u0131 bir nikotin deneyimi sa\u011flamaktad\u0131r. Bu ince, t\u00fct\u00fcns\u00fcz po\u015fetler gizli ve rahat kullan\u0131m i\u00e7in tasarlanm\u0131\u015ft\u0131r ve duda\u011f\u0131n alt\u0131na kusursuz bir \u015fekilde oturur. Y\u00fcksek nikotin g\u00fcc\u00fc ile Puff &amp; Pouch Crispy 12mg, tatmin edici nikotin sal\u0131n\u0131m\u0131 ile e\u015fle\u015ftirilmi\u015f cesur mentol hissi seven kullan\u0131c\u0131lar i\u00e7in idealdir.<\/span><\/p>\n<table>\n<tbody>\n<tr>\n<td><b>Attribute<\/b><\/td>\n<td><b>Ayr\u0131nt\u0131lar<\/b><\/td>\n<\/tr>\n<tr>\n<td><span style=\"font-weight: 400;\">Kutu Ba\u015f\u0131na \u0130\u00e7erik<\/span><\/td>\n<td><span style=\"font-weight: 400;\">Nikotin i\u00e7eri\u011fi<\/span><\/td>\n<\/tr>\n<tr>\n<td><span style=\"font-weight: 400;\">Nikotin \u0130\u00e7eri\u011fi<\/span><\/td>\n<td><span style=\"font-weight: 400;\">16 mg\/g (po\u015fet ba\u015f\u0131na 12 mg)<\/span><\/td>\n<\/tr>\n<tr>\n<td><span style=\"font-weight: 400;\">Po\u015fet Format\u0131<\/span><\/td>\n<td><span style=\"font-weight: 400;\">\u0130nce<\/span><\/td>\n<\/tr>\n<tr>\n<td><span style=\"font-weight: 400;\">\u00dcretici<\/span><\/td>\n<td><span style=\"font-weight: 400;\">Puff &amp; Pouch<\/span><\/td>\n<\/tr>\n<tr>\n<td><span style=\"font-weight: 400;\">Aroma<\/span><\/td>\n<td><span style=\"font-weight: 400;\">Nane<\/span><\/td>\n<\/tr>\n<tr>\n<td><span style=\"font-weight: 400;\">T\u00fcr<\/span><\/td>\n<td><span style=\"font-weight: 400;\">T\u00fcm beyaz po\u015fet, t\u00fct\u00fcns\u00fcz<\/span><\/td>\n<\/tr>\n<\/tbody>\n<\/table>","protected":false},"excerpt":{"rendered":"<p>Puff &amp; Pouch Crispy 12mg nikotin po\u015fetleri \u00e7\u0131t \u00e7\u0131tlayan, ferah <strong data-start=\"70\" data-end=\"84\">Nane<\/strong> lezzet. <strong data-start=\"93\" data-end=\"101\">\u0130nce<\/strong>, gizli ve rahat kullan\u0131m i\u00e7in t\u00fct\u00fcns\u00fcz format ve so\u011fuk, canland\u0131r\u0131c\u0131 sal\u0131n\u0131m. Her po\u015fet i\u00e7erir <strong data-start=\"208\" data-end=\"226\">12 mg nikotin<\/strong>.<\/p>","protected":false},"featured_media":3184,"comment_status":"open","ping_status":"closed","template":"","format":[206],"meta":{"_acf_changed":false},"product_brand":[],"product_cat":[86],"product_tag":[16561],"flavours":[199],"nicotine":[213,232],"class_list":{"0":"post-8564","1":"product","2":"type-product","3":"status-publish","4":"has-post-thumbnail","6":"product_cat-puff-pouch","7":"product_tag-12-mg-pouch","8":"pa_quantity-1-pack","9":"pa_quantity-10-pack","10":"pa_quantity-3-pack","11":"pa_quantity-30-pack","12":"pa_quantity-5-pack","13":"pa_quantity-60-pack","14":"flavours-mint","15":"format-slim","16":"nicotine-16-mg-g","17":"nicotine-extra-strong","19":"first","20":"outofstock","21":"taxable","22":"shipping-taxable","23":"purchasable","24":"product-type-variable"},"acf":[],"_links":{"self":[{"href":"https:\/\/whitelip.com\/tr\/wp-json\/wp\/v2\/product\/8564","targetHints":{"allow":["GET"]}}],"collection":[{"href":"https:\/\/whitelip.com\/tr\/wp-json\/wp\/v2\/product"}],"about":[{"href":"https:\/\/whitelip.com\/tr\/wp-json\/wp\/v2\/types\/product"}],"replies":[{"embeddable":true,"href":"https:\/\/whitelip.com\/tr\/wp-json\/wp\/v2\/comments?post=8564"}],"wp:featuredmedia":[{"embeddable":true,"href":"https:\/\/whitelip.com\/tr\/wp-json\/wp\/v2\/media\/3184"}],"wp:attachment":[{"href":"https:\/\/whitelip.com\/tr\/wp-json\/wp\/v2\/media?parent=8564"}],"wp:term":[{"taxonomy":"product_brand","embeddable":true,"href":"https:\/\/whitelip.com\/tr\/wp-json\/wp\/v2\/product_brand?post=8564"},{"taxonomy":"product_cat","embeddable":true,"href":"https:\/\/whitelip.com\/tr\/wp-json\/wp\/v2\/product_cat?post=8564"},{"taxonomy":"product_tag","embeddable":true,"href":"https:\/\/whitelip.com\/tr\/wp-json\/wp\/v2\/product_tag?post=8564"},{"taxonomy":"flavours","embeddable":true,"href":"https:\/\/whitelip.com\/tr\/wp-json\/wp\/v2\/flavours?post=8564"},{"taxonomy":"format","embeddable":true,"href":"https:\/\/whitelip.com\/tr\/wp-json\/wp\/v2\/format?post=8564"},{"taxonomy":"nicotine","embeddable":true,"href":"https:\/\/whitelip.com\/tr\/wp-json\/wp\/v2\/nicotine?post=8564"}],"curies":[{"name":"wp","href":"https:\/\/api.w.org\/{rel}","templated":true}]}}