{"id":8562,"date":"2024-11-28T12:48:10","date_gmt":"2024-11-28T12:48:10","guid":{"rendered":"https:\/\/whitelip.com\/puff-pouch-grape-12mg\/"},"modified":"2026-05-07T10:11:27","modified_gmt":"2026-05-07T10:11:27","slug":"puff-pouch-grape-12mg","status":"publish","type":"product","link":"https:\/\/whitelip.com\/tr\/puff-pouch\/puff-pouch-grape-12mg\/","title":{"rendered":"Puff &amp; Pouch Grape 12mg"},"content":{"rendered":"<h2><b>Puff &amp; Pouch Grape 12mg<\/b><\/h2>\n<p><span style=\"font-weight: 400;\">Puff &amp; Pouch Grape 12mg nikotin po\u015fetleri cesur ve sulu \u00fcz\u00fcm lezzeti sunarak meyveli ve uyar\u0131c\u0131 bir nikotin deneyimi sa\u011fl\u0131yor. Bu ince, t\u00fct\u00fcns\u00fcz po\u015fetler ayr\u0131k ve rahat kullan\u0131m i\u00e7in tasarlanm\u0131\u015ft\u0131r, duda\u011f\u0131n alt\u0131na zahmetsizce uyum sa\u011flar. Daha y\u00fcksek nikotin g\u00fcc\u00fc ile Puff &amp; Pouch Grape 12mg, tatmin edici nikotin ata\u015f\u0131 ile e\u015fle\u015ftirilmi\u015f zengin ve lezzetli bir se\u00e7enek arayan kullan\u0131c\u0131lar i\u00e7in m\u00fckemmeldir.<\/span><\/p>\n<table>\n<tbody>\n<tr>\n<td><b>Attribute<\/b><\/td>\n<td><b>Ayr\u0131nt\u0131lar<\/b><\/td>\n<\/tr>\n<tr>\n<td><span style=\"font-weight: 400;\">Kutu Ba\u015f\u0131na \u0130\u00e7erik<\/span><\/td>\n<td><span style=\"font-weight: 400;\">Nikotin i\u00e7eri\u011fi<\/span><\/td>\n<\/tr>\n<tr>\n<td><span style=\"font-weight: 400;\">Nikotin \u0130\u00e7eri\u011fi<\/span><\/td>\n<td><span style=\"font-weight: 400;\">16 mg\/g (po\u015fet ba\u015f\u0131na 12 mg)<\/span><\/td>\n<\/tr>\n<tr>\n<td><span style=\"font-weight: 400;\">Po\u015fet Format\u0131<\/span><\/td>\n<td><span style=\"font-weight: 400;\">\u0130nce<\/span><\/td>\n<\/tr>\n<tr>\n<td><span style=\"font-weight: 400;\">\u00dcretici<\/span><\/td>\n<td><span style=\"font-weight: 400;\">Puff &amp; Pouch<\/span><\/td>\n<\/tr>\n<tr>\n<td><span style=\"font-weight: 400;\">Aroma<\/span><\/td>\n<td><span style=\"font-weight: 400;\">\u00dcz\u00fcm<\/span><\/td>\n<\/tr>\n<tr>\n<td><span style=\"font-weight: 400;\">T\u00fcr<\/span><\/td>\n<td><span style=\"font-weight: 400;\">T\u00fcm beyaz po\u015fet, t\u00fct\u00fcns\u00fcz<\/span><\/td>\n<\/tr>\n<\/tbody>\n<\/table>","protected":false},"excerpt":{"rendered":"<p>Puff &amp; Pouch Grape 12mg nikotin po\u015fetleri cesur, sulu <strong data-start=\"63\" data-end=\"72\">\u00dcz\u00fcm<\/strong> lezzet ve meyveli, uyar\u0131c\u0131 bir deneyim sunuyor. <strong data-start=\"119\" data-end=\"127\">\u0130nce<\/strong>, t\u00fct\u00fcns\u00fcz format gizli, rahat kullan\u0131m i\u00e7in. Her po\u015fet <strong data-start=\"200\" data-end=\"218\">12 mg nikotin<\/strong>.<\/p>","protected":false},"featured_media":3183,"comment_status":"open","ping_status":"closed","template":"","format":[206],"meta":{"_acf_changed":false},"product_brand":[],"product_cat":[86],"product_tag":[16561],"flavours":[196],"nicotine":[213,232],"class_list":{"0":"post-8562","1":"product","2":"type-product","3":"status-publish","4":"has-post-thumbnail","6":"product_cat-puff-pouch","7":"product_tag-12-mg-pouch","8":"pa_quantity-1-pack","9":"pa_quantity-10-pack","10":"pa_quantity-3-pack","11":"pa_quantity-30-pack","12":"pa_quantity-5-pack","13":"pa_quantity-60-pack","14":"flavours-fruits-berries","15":"format-slim","16":"nicotine-16-mg-g","17":"nicotine-extra-strong","19":"first","20":"outofstock","21":"taxable","22":"shipping-taxable","23":"purchasable","24":"product-type-variable"},"acf":[],"_links":{"self":[{"href":"https:\/\/whitelip.com\/tr\/wp-json\/wp\/v2\/product\/8562","targetHints":{"allow":["GET"]}}],"collection":[{"href":"https:\/\/whitelip.com\/tr\/wp-json\/wp\/v2\/product"}],"about":[{"href":"https:\/\/whitelip.com\/tr\/wp-json\/wp\/v2\/types\/product"}],"replies":[{"embeddable":true,"href":"https:\/\/whitelip.com\/tr\/wp-json\/wp\/v2\/comments?post=8562"}],"wp:featuredmedia":[{"embeddable":true,"href":"https:\/\/whitelip.com\/tr\/wp-json\/wp\/v2\/media\/3183"}],"wp:attachment":[{"href":"https:\/\/whitelip.com\/tr\/wp-json\/wp\/v2\/media?parent=8562"}],"wp:term":[{"taxonomy":"product_brand","embeddable":true,"href":"https:\/\/whitelip.com\/tr\/wp-json\/wp\/v2\/product_brand?post=8562"},{"taxonomy":"product_cat","embeddable":true,"href":"https:\/\/whitelip.com\/tr\/wp-json\/wp\/v2\/product_cat?post=8562"},{"taxonomy":"product_tag","embeddable":true,"href":"https:\/\/whitelip.com\/tr\/wp-json\/wp\/v2\/product_tag?post=8562"},{"taxonomy":"flavours","embeddable":true,"href":"https:\/\/whitelip.com\/tr\/wp-json\/wp\/v2\/flavours?post=8562"},{"taxonomy":"format","embeddable":true,"href":"https:\/\/whitelip.com\/tr\/wp-json\/wp\/v2\/format?post=8562"},{"taxonomy":"nicotine","embeddable":true,"href":"https:\/\/whitelip.com\/tr\/wp-json\/wp\/v2\/nicotine?post=8562"}],"curies":[{"name":"wp","href":"https:\/\/api.w.org\/{rel}","templated":true}]}}