{"id":8554,"date":"2024-11-28T12:48:09","date_gmt":"2024-11-28T12:48:09","guid":{"rendered":"https:\/\/whitelip.com\/zyn-red-fruits-9mg\/"},"modified":"2026-05-06T10:50:06","modified_gmt":"2026-05-06T10:50:06","slug":"zyn-red-fruits-9mg","status":"publish","type":"product","link":"https:\/\/whitelip.com\/tr\/zyn\/zyn-red-fruits-9mg\/","title":{"rendered":"ZYN Red Fruits 9mg"},"content":{"rendered":"<h2><b>ZYN Red Fruits 9mg<\/b><\/h2>\n<p><span style=\"font-weight: 400;\">ZYN Red Fruits 9mg <\/span><b>zengin k\u0131rm\u0131z\u0131 meyve kar\u0131\u015f\u0131m\u0131<\/b><span style=\"font-weight: 400;\">sunarak \u00e7ilek, ahududu ve kiraz ipu\u00e7lar\u0131 ile tatl\u0131 ve ek\u015fi bir tat verir. Bu meyveli kombinasyon, hafif daha g\u00fc\u00e7l\u00fc bir nikotin etkisi ile yumu\u015fak ve ferahlat\u0131c\u0131 bir deneyim verir. Her slim, tamamen beyaz po\u015fet i\u00e7erir <\/span><b>9 mg nikotin<\/b><span style=\"font-weight: 400;\">daha y\u00fcksek nikotin kuvveti tercih eden ve canl\u0131 bir taddan ho\u015flanan kullan\u0131c\u0131lar i\u00e7in g\u00fc\u00e7l\u00fc ve tutarl\u0131 bir sal\u0131n\u0131m sa\u011fl\u0131yor.<\/span><\/p>\n<p><span style=\"font-weight: 400;\">Slim format duda\u011f\u0131n alt\u0131nda gizli ve rahat bir \u015fekilde oturmas\u0131n\u0131 sa\u011flayarak her yerde, her zaman temiz ve leke b\u0131rakmayan bir kullan\u0131m sunar. Tamamen t\u00fct\u00fcns\u00fcz ve y\u00fcksek kaliteli bitki bazl\u0131 malzemelerden yap\u0131lm\u0131\u015f olan ZYN Red Fruits 9mg, tatmin edici meyveli tat ve g\u00fcvenilir kuvvet ile modern bir nikotin alternatifi sunur.<\/span><\/p>\n<table>\n<tbody>\n<tr>\n<td><b>Attribute<\/b><\/td>\n<td><b>Ayr\u0131nt\u0131lar<\/b><\/td>\n<\/tr>\n<tr>\n<td><b>Brand<\/b><\/td>\n<td><span style=\"font-weight: 400;\">ZYN<\/span><\/td>\n<\/tr>\n<tr>\n<td><b>\u00dcr\u00fcn T\u00fcr\u00fc<\/b><\/td>\n<td><span style=\"font-weight: 400;\">T\u00fcm Beyaz Nikotin Po\u015fetleri<\/span><\/td>\n<\/tr>\n<tr>\n<td><b>Format<\/b><\/td>\n<td><span style=\"font-weight: 400;\">\u0130nce<\/span><\/td>\n<\/tr>\n<tr>\n<td><b>Aroma<\/b><\/td>\n<td><span style=\"font-weight: 400;\">K\u0131rm\u0131z\u0131 Meyveler (Beriler)<\/span><\/td>\n<\/tr>\n<tr>\n<td><b>Nikotin G\u00fcc\u00fc<\/b><\/td>\n<td><span style=\"font-weight: 400;\">Po\u015fet ba\u015f\u0131na 9 mg<\/span><\/td>\n<\/tr>\n<tr>\n<td><b>K\u0131s\u0131m A\u011f\u0131rl\u0131\u011f\u0131<\/b><\/td>\n<td><span style=\"font-weight: 400;\">0,7 gram<\/span><\/td>\n<\/tr>\n<tr>\n<td><b>K\u0131s\u0131m Say\u0131s\u0131<\/b><\/td>\n<td><span style=\"font-weight: 400;\">Kutuda 21 adet<\/span><\/td>\n<\/tr>\n<tr>\n<td><b>Toplam Kutu A\u011f\u0131rl\u0131\u011f\u0131<\/b><\/td>\n<td><span style=\"font-weight: 400;\">14,7 gram<\/span><\/td>\n<\/tr>\n<tr>\n<td><b>\u00dcretici<\/b><\/td>\n<td><span style=\"font-weight: 400;\">Swedish Match<\/span><\/td>\n<\/tr>\n<tr>\n<td><b>Dikkate De\u011fer \u00d6zellikler<\/b><\/td>\n<td><span style=\"font-weight: 400;\">T\u00fct\u00fcns\u00fcz, slim format, tatl\u0131 ve ek\u015fi meyve tad\u0131<\/span><\/td>\n<\/tr>\n<\/tbody>\n<\/table>","protected":false},"excerpt":{"rendered":"<p><strong>Yeni tasar\u0131m! Ge\u00e7i\u015f s\u0131ras\u0131nda, her iki tasar\u0131m da sat\u0131labilir.<\/strong><\/p>\n<p>ZYN <strong data-start=\"4\" data-end=\"18\">K\u0131rm\u0131z\u0131 Meyveler<\/strong> <strong data-start=\"19\" data-end=\"27\">9 mg<\/strong> \u00e7ilek, ahududu ve kiraz kar\u0131\u015ft\u0131rarak tatl\u0131-ek\u015fi, ferahlat\u0131c\u0131 bir profil olu\u015fturur. <strong data-start=\"118\" data-end=\"126\">ince<\/strong>, tamamen beyaz po\u015fetler ayr\u0131k ve rahattur. Her po\u015fet i\u00e7erir <strong data-start=\"196\" data-end=\"213\">9 mg nikotin<\/strong> g\u00fc\u00e7l\u00fc, tutarl\u0131 bir sal\u0131m i\u00e7in.<\/p>","protected":false},"featured_media":8555,"comment_status":"open","ping_status":"closed","template":"","format":[205],"meta":{"_acf_changed":false},"product_brand":[],"product_cat":[37],"product_tag":[16563],"flavours":[196,199],"nicotine":[210,232],"class_list":{"0":"post-8554","1":"product","2":"type-product","3":"status-publish","4":"has-post-thumbnail","6":"product_cat-zyn","7":"product_tag-9-mg-pouch","8":"pa_quantity-1-pack","9":"pa_quantity-10-pack","10":"pa_quantity-3-pack","11":"pa_quantity-30-pack","12":"pa_quantity-5-pack","13":"pa_quantity-60-pack","14":"flavours-fruits-berries","15":"flavours-mint","16":"format-mini","17":"nicotine-13-mg-g","18":"nicotine-extra-strong","20":"first","21":"instock","22":"taxable","23":"shipping-taxable","24":"purchasable","25":"product-type-variable"},"acf":[],"_links":{"self":[{"href":"https:\/\/whitelip.com\/tr\/wp-json\/wp\/v2\/product\/8554","targetHints":{"allow":["GET"]}}],"collection":[{"href":"https:\/\/whitelip.com\/tr\/wp-json\/wp\/v2\/product"}],"about":[{"href":"https:\/\/whitelip.com\/tr\/wp-json\/wp\/v2\/types\/product"}],"replies":[{"embeddable":true,"href":"https:\/\/whitelip.com\/tr\/wp-json\/wp\/v2\/comments?post=8554"}],"wp:featuredmedia":[{"embeddable":true,"href":"https:\/\/whitelip.com\/tr\/wp-json\/wp\/v2\/media\/8555"}],"wp:attachment":[{"href":"https:\/\/whitelip.com\/tr\/wp-json\/wp\/v2\/media?parent=8554"}],"wp:term":[{"taxonomy":"product_brand","embeddable":true,"href":"https:\/\/whitelip.com\/tr\/wp-json\/wp\/v2\/product_brand?post=8554"},{"taxonomy":"product_cat","embeddable":true,"href":"https:\/\/whitelip.com\/tr\/wp-json\/wp\/v2\/product_cat?post=8554"},{"taxonomy":"product_tag","embeddable":true,"href":"https:\/\/whitelip.com\/tr\/wp-json\/wp\/v2\/product_tag?post=8554"},{"taxonomy":"flavours","embeddable":true,"href":"https:\/\/whitelip.com\/tr\/wp-json\/wp\/v2\/flavours?post=8554"},{"taxonomy":"format","embeddable":true,"href":"https:\/\/whitelip.com\/tr\/wp-json\/wp\/v2\/format?post=8554"},{"taxonomy":"nicotine","embeddable":true,"href":"https:\/\/whitelip.com\/tr\/wp-json\/wp\/v2\/nicotine?post=8554"}],"curies":[{"name":"wp","href":"https:\/\/api.w.org\/{rel}","templated":true}]}}