{"id":8552,"date":"2024-11-28T12:48:09","date_gmt":"2024-11-28T12:48:09","guid":{"rendered":"https:\/\/whitelip.com\/zyn-red-fruits-6-5mg\/"},"modified":"2026-05-09T10:11:04","modified_gmt":"2026-05-09T10:11:04","slug":"zyn-red-fruits-6-5mg","status":"publish","type":"product","link":"https:\/\/whitelip.com\/tr\/zyn\/zyn-red-fruits-6-5mg\/","title":{"rendered":"ZYN Red Fruits 6.5mg"},"content":{"rendered":"<h2><b>ZYN Red Fruits 6.5mg<\/b><\/h2>\n<p><span style=\"font-weight: 400;\">ZYN Red Fruits 6.5mg, tatl\u0131 ve meyveli bir kar\u0131\u015f\u0131m sunuyor <\/span><b>lezzetli ve meyveli kar\u0131\u015f\u0131m<\/b><span style=\"font-weight: 400;\"> olgun ya\u015flar\u0131n tad\u0131n\u0131 birle\u015ftirerek, tatl\u0131 ve ek\u015fi notalar\u0131 bir araya getirerek p\u00fcr\u00fczs\u00fcz ve ferahlat\u0131c\u0131 bir nikotin deneyimi i\u00e7in. \u00c7ileklerin, ahududular\u0131n ve kirazlar\u0131n ipu\u00e7lar\u0131yla, bu po\u015fet her g\u00fcn kullanmak i\u00e7in m\u00fckemmel olan parlak ve iyi dengeli bir lezzet sa\u011flar. Her ince, tamamen beyaz po\u015fet i\u00e7erir <\/span><b>6.5 mg nikotin<\/b><span style=\"font-weight: 400;\">, \u0131l\u0131ml\u0131 ve sabit bir sal\u0131m sa\u011flayarak tatmin edici olmak \u00fczere a\u011f\u0131r basmadan.<\/span><\/p>\n<p><span style=\"font-weight: 400;\">\u0130nce format, duda\u011f\u0131n alt\u0131nda rahat ve ayr\u0131k bir uyum sa\u011flar ve her zaman, her yerde temiz, lekesiz kullan\u0131m sunar. Tamamen sigara i\u00e7ermeyen ve y\u00fcksek kaliteli bitki bazl\u0131 malzemelerden \u00fcretilen ZYN Red Fruits 6.5mg, meyveli bir t\u00fcmsek ile g\u00fcvenilir g\u00fc\u00e7 takdir eden kullan\u0131c\u0131lar i\u00e7in modern bir nikotin alternatifi sa\u011flar.<\/span><\/p>\n<table>\n<tbody>\n<tr>\n<td><b>Attribute<\/b><\/td>\n<td><b>Ayr\u0131nt\u0131lar<\/b><\/td>\n<\/tr>\n<tr>\n<td><b>Brand<\/b><\/td>\n<td><span style=\"font-weight: 400;\">ZYN<\/span><\/td>\n<\/tr>\n<tr>\n<td><b>\u00dcr\u00fcn T\u00fcr\u00fc<\/b><\/td>\n<td><span style=\"font-weight: 400;\">T\u00fcm Beyaz Nikotin Po\u015fetleri<\/span><\/td>\n<\/tr>\n<tr>\n<td><b>Format<\/b><\/td>\n<td><span style=\"font-weight: 400;\">\u0130nce<\/span><\/td>\n<\/tr>\n<tr>\n<td><b>Aroma<\/b><\/td>\n<td><span style=\"font-weight: 400;\">K\u0131rm\u0131z\u0131 Meyveler (Beriler)<\/span><\/td>\n<\/tr>\n<tr>\n<td><b>Nikotin G\u00fcc\u00fc<\/b><\/td>\n<td><span style=\"font-weight: 400;\">po\u015fet ba\u015f\u0131na 6,5 mg<\/span><\/td>\n<\/tr>\n<tr>\n<td><b>K\u0131s\u0131m A\u011f\u0131rl\u0131\u011f\u0131<\/b><\/td>\n<td><span style=\"font-weight: 400;\">0,7 gram<\/span><\/td>\n<\/tr>\n<tr>\n<td><b>K\u0131s\u0131m Say\u0131s\u0131<\/b><\/td>\n<td><span style=\"font-weight: 400;\">Kutuda 21 adet<\/span><\/td>\n<\/tr>\n<tr>\n<td><b>Toplam Kutu A\u011f\u0131rl\u0131\u011f\u0131<\/b><\/td>\n<td><span style=\"font-weight: 400;\">14,7 gram<\/span><\/td>\n<\/tr>\n<tr>\n<td><b>\u00dcretici<\/b><\/td>\n<td><span style=\"font-weight: 400;\">Swedish Match<\/span><\/td>\n<\/tr>\n<tr>\n<td><b>Dikkate De\u011fer \u00d6zellikler<\/b><\/td>\n<td><span style=\"font-weight: 400;\">T\u00fct\u00fcns\u00fcz, slim format, tatl\u0131 ve ek\u015fi meyve tad\u0131<\/span><\/td>\n<\/tr>\n<\/tbody>\n<\/table>","protected":false},"excerpt":{"rendered":"<p><strong>Yeni tasar\u0131m! Ge\u00e7i\u015f s\u0131ras\u0131nda, her iki tasar\u0131m da sat\u0131labilir.<\/strong><\/p>\n<p>ZYN <strong data-start=\"4\" data-end=\"18\">K\u0131rm\u0131z\u0131 Meyveler<\/strong> <strong data-start=\"19\" data-end=\"27\">ince<\/strong> \u00e7ilek, ahududu ve kiraz kar\u0131\u015ft\u0131rarak tatl\u0131-ek\u015fi, ferahlat\u0131c\u0131 bir profil olu\u015fturur. Her po\u015fet i\u00e7erir <strong data-start=\"134\" data-end=\"153\">6,5 mg nikotin<\/strong> orta, sabit sal\u0131n\u0131m i\u00e7in.<\/p>","protected":false},"featured_media":8553,"comment_status":"open","ping_status":"closed","template":"","format":[205],"meta":{"_acf_changed":false},"product_brand":[],"product_cat":[37],"product_tag":[16638],"flavours":[196,199],"nicotine":[231,236],"class_list":{"0":"post-8552","1":"product","2":"type-product","3":"status-publish","4":"has-post-thumbnail","6":"product_cat-zyn","7":"product_tag-6-5-mg-pouch","8":"pa_quantity-1-pack","9":"pa_quantity-10-pack","10":"pa_quantity-3-pack","11":"pa_quantity-30-pack","12":"pa_quantity-5-pack","13":"pa_quantity-60-pack","14":"flavours-fruits-berries","15":"flavours-mint","16":"format-mini","17":"nicotine-9-mg-g","18":"nicotine-strong","20":"first","21":"instock","22":"taxable","23":"shipping-taxable","24":"purchasable","25":"product-type-variable"},"acf":[],"_links":{"self":[{"href":"https:\/\/whitelip.com\/tr\/wp-json\/wp\/v2\/product\/8552","targetHints":{"allow":["GET"]}}],"collection":[{"href":"https:\/\/whitelip.com\/tr\/wp-json\/wp\/v2\/product"}],"about":[{"href":"https:\/\/whitelip.com\/tr\/wp-json\/wp\/v2\/types\/product"}],"replies":[{"embeddable":true,"href":"https:\/\/whitelip.com\/tr\/wp-json\/wp\/v2\/comments?post=8552"}],"wp:featuredmedia":[{"embeddable":true,"href":"https:\/\/whitelip.com\/tr\/wp-json\/wp\/v2\/media\/8553"}],"wp:attachment":[{"href":"https:\/\/whitelip.com\/tr\/wp-json\/wp\/v2\/media?parent=8552"}],"wp:term":[{"taxonomy":"product_brand","embeddable":true,"href":"https:\/\/whitelip.com\/tr\/wp-json\/wp\/v2\/product_brand?post=8552"},{"taxonomy":"product_cat","embeddable":true,"href":"https:\/\/whitelip.com\/tr\/wp-json\/wp\/v2\/product_cat?post=8552"},{"taxonomy":"product_tag","embeddable":true,"href":"https:\/\/whitelip.com\/tr\/wp-json\/wp\/v2\/product_tag?post=8552"},{"taxonomy":"flavours","embeddable":true,"href":"https:\/\/whitelip.com\/tr\/wp-json\/wp\/v2\/flavours?post=8552"},{"taxonomy":"format","embeddable":true,"href":"https:\/\/whitelip.com\/tr\/wp-json\/wp\/v2\/format?post=8552"},{"taxonomy":"nicotine","embeddable":true,"href":"https:\/\/whitelip.com\/tr\/wp-json\/wp\/v2\/nicotine?post=8552"}],"curies":[{"name":"wp","href":"https:\/\/api.w.org\/{rel}","templated":true}]}}