{"id":8538,"date":"2024-11-28T12:48:08","date_gmt":"2024-11-28T12:48:08","guid":{"rendered":"https:\/\/whitelip.com\/zyn-cool-mint-slim-14mg\/"},"modified":"2026-05-06T10:11:15","modified_gmt":"2026-05-06T10:11:15","slug":"zyn-cool-mint-slim-14mg","status":"publish","type":"product","link":"https:\/\/whitelip.com\/tr\/zyn\/zyn-cool-mint-slim-14mg\/","title":{"rendered":"ZYN Cool Mint Slim 14mg"},"content":{"rendered":"<h2><b>ZYN Cool Mint Slim 14mg<\/b><\/h2>\n<p><span style=\"font-weight: 400;\">ZYN Cool Mint Slim 14mg sunar <\/span><b>cesur ve ferahlayan nane tad\u0131<\/b><span style=\"font-weight: 400;\">, g\u00fc\u00e7l\u00fc bir <\/span><b>so\u011futma hissi<\/b><span style=\"font-weight: 400;\"> ile e\u015fle\u015ftirilmi\u015f duyular\u0131 canland\u0131r\u0131r. Keskin, temiz nane profili yo\u011fun, temiz ve ferahlayan tat tercih eden kullan\u0131c\u0131lar i\u00e7in idealdir ve nikotin takviyesi ekstra. Her ince, tamamen beyaz po\u015fet i\u00e7erir <\/span><b>14 mg nikotin<\/b><span style=\"font-weight: 400;\">, daha y\u00fcksek nikotin g\u00fcc\u00fc arayan kullan\u0131c\u0131lar i\u00e7in istikrarl\u0131 ve sa\u011flam bir sal\u0131n\u0131m sunarak.<\/span><\/p>\n<p><span style=\"font-weight: 400;\">\u0130nce format, duda\u011f\u0131n alt\u0131na ayr\u0131k ve rahat bir \u015fekilde oturur ve diledi\u011finiz zaman temiz, leke-siz bir deneyim sa\u011flar. Tamamen t\u00fct\u00fcns\u00fcz ve y\u00fcksek kaliteli bitki bazl\u0131 malzemelerden yap\u0131lm\u0131\u015f ZYN Cool Mint Slim 14mg, keskin bir nane tad\u0131 ve yo\u011fun so\u011futma etkisine ihtiya\u00e7 duyan ki\u015filer i\u00e7in modern ve g\u00fcvenilir bir nikotin alternatifidir.<\/span><\/p>\n<table>\n<tbody>\n<tr>\n<td><b>Attribute<\/b><\/td>\n<td><b>Ayr\u0131nt\u0131lar<\/b><\/td>\n<\/tr>\n<tr>\n<td><b>Brand<\/b><\/td>\n<td><span style=\"font-weight: 400;\">ZYN<\/span><\/td>\n<\/tr>\n<tr>\n<td><b>\u00dcr\u00fcn T\u00fcr\u00fc<\/b><\/td>\n<td><span style=\"font-weight: 400;\">T\u00fcm Beyaz Nikotin Po\u015fetleri<\/span><\/td>\n<\/tr>\n<tr>\n<td><b>Format<\/b><\/td>\n<td><span style=\"font-weight: 400;\">\u0130nce<\/span><\/td>\n<\/tr>\n<tr>\n<td><b>Aroma<\/b><\/td>\n<td><span style=\"font-weight: 400;\">Cool Mint<\/span><\/td>\n<\/tr>\n<tr>\n<td><b>Nikotin G\u00fcc\u00fc<\/b><\/td>\n<td><span style=\"font-weight: 400;\">po\u015fet ba\u015f\u0131na 14 mg<\/span><\/td>\n<\/tr>\n<tr>\n<td><b>K\u0131s\u0131m A\u011f\u0131rl\u0131\u011f\u0131<\/b><\/td>\n<td><span style=\"font-weight: 400;\">0,7 gram<\/span><\/td>\n<\/tr>\n<tr>\n<td><b>K\u0131s\u0131m Say\u0131s\u0131<\/b><\/td>\n<td><span style=\"font-weight: 400;\">Kutuda 21 adet<\/span><\/td>\n<\/tr>\n<tr>\n<td><b>Toplam Kutu A\u011f\u0131rl\u0131\u011f\u0131<\/b><\/td>\n<td><span style=\"font-weight: 400;\">14,7 gram<\/span><\/td>\n<\/tr>\n<tr>\n<td><b>\u00dcretici<\/b><\/td>\n<td><span style=\"font-weight: 400;\">Swedish Match<\/span><\/td>\n<\/tr>\n<tr>\n<td><b>Dikkate De\u011fer \u00d6zellikler<\/b><\/td>\n<td><span style=\"font-weight: 400;\">T\u00fct\u00fcns\u00fcz, ince format, yo\u011fun nane tad\u0131 so\u011futma etkisi ile<\/span><\/td>\n<\/tr>\n<\/tbody>\n<\/table>","protected":false},"excerpt":{"rendered":"<p>ZYN <strong data-start=\"4\" data-end=\"17\">Cool Mint<\/strong> <strong data-start=\"18\" data-end=\"26\">ince<\/strong> cesur, ferahlayan nane sunan g\u00fc\u00e7l\u00fc bir so\u011futma hissi ile temiz, yo\u011fun bir profil i\u00e7in. Her po\u015fet i\u00e7erir <strong data-start=\"142\" data-end=\"160\">14 mg nikotin<\/strong> istikrarl\u0131, sa\u011flam bir sal\u0131n\u0131m i\u00e7in.<\/p>","protected":false},"featured_media":8539,"comment_status":"open","ping_status":"closed","template":"","format":[206],"meta":{"_acf_changed":false},"product_brand":[],"product_cat":[37],"product_tag":[16581,16445],"flavours":[199],"nicotine":[213,232],"class_list":{"0":"post-8538","1":"product","2":"type-product","3":"status-publish","4":"has-post-thumbnail","6":"product_cat-zyn","7":"product_tag-14-mg-pouch","8":"product_tag-20-off","9":"pa_quantity-1-pack","10":"pa_quantity-10-pack","11":"pa_quantity-3-pack","12":"pa_quantity-30-pack","13":"pa_quantity-5-pack","14":"pa_quantity-60-pack","15":"flavours-mint","16":"format-slim","17":"nicotine-16-mg-g","18":"nicotine-extra-strong","20":"first","21":"outofstock","22":"sale","23":"taxable","24":"shipping-taxable","25":"purchasable","26":"product-type-variable"},"acf":[],"_links":{"self":[{"href":"https:\/\/whitelip.com\/tr\/wp-json\/wp\/v2\/product\/8538","targetHints":{"allow":["GET"]}}],"collection":[{"href":"https:\/\/whitelip.com\/tr\/wp-json\/wp\/v2\/product"}],"about":[{"href":"https:\/\/whitelip.com\/tr\/wp-json\/wp\/v2\/types\/product"}],"replies":[{"embeddable":true,"href":"https:\/\/whitelip.com\/tr\/wp-json\/wp\/v2\/comments?post=8538"}],"wp:featuredmedia":[{"embeddable":true,"href":"https:\/\/whitelip.com\/tr\/wp-json\/wp\/v2\/media\/8539"}],"wp:attachment":[{"href":"https:\/\/whitelip.com\/tr\/wp-json\/wp\/v2\/media?parent=8538"}],"wp:term":[{"taxonomy":"product_brand","embeddable":true,"href":"https:\/\/whitelip.com\/tr\/wp-json\/wp\/v2\/product_brand?post=8538"},{"taxonomy":"product_cat","embeddable":true,"href":"https:\/\/whitelip.com\/tr\/wp-json\/wp\/v2\/product_cat?post=8538"},{"taxonomy":"product_tag","embeddable":true,"href":"https:\/\/whitelip.com\/tr\/wp-json\/wp\/v2\/product_tag?post=8538"},{"taxonomy":"flavours","embeddable":true,"href":"https:\/\/whitelip.com\/tr\/wp-json\/wp\/v2\/flavours?post=8538"},{"taxonomy":"format","embeddable":true,"href":"https:\/\/whitelip.com\/tr\/wp-json\/wp\/v2\/format?post=8538"},{"taxonomy":"nicotine","embeddable":true,"href":"https:\/\/whitelip.com\/tr\/wp-json\/wp\/v2\/nicotine?post=8538"}],"curies":[{"name":"wp","href":"https:\/\/api.w.org\/{rel}","templated":true}]}}