{"id":8530,"date":"2024-11-28T12:47:45","date_gmt":"2024-11-28T12:47:45","guid":{"rendered":"https:\/\/whitelip.com\/zyn-cool-mint-9mg\/"},"modified":"2026-05-06T10:11:38","modified_gmt":"2026-05-06T10:11:38","slug":"zyn-cool-mint-9mg","status":"publish","type":"product","link":"https:\/\/whitelip.com\/tr\/zyn\/zyn-cool-mint-9mg\/","title":{"rendered":"ZYN Cool Mint 9mg"},"content":{"rendered":"<h2><b>ZYN Cool Mint 9mg<\/b><\/h2>\n<p><span style=\"font-weight: 400;\">ZYN Cool Mint 9mg, menthol ve nane k\u00fcr\u00fc tatlar\u0131n\u0131n kar\u0131\u015f\u0131m\u0131 ile serinletici ve canland\u0131r\u0131c\u0131 bir deneyim sunar. Her ince, tamamen beyaz po\u015fet 9 mg nikotin i\u00e7erir ve g\u00fc\u00e7l\u00fc ancak sabit bir sal\u0131n\u0131m sa\u011flayarak, potent bir etki arayanlar i\u00e7in idealdir.<\/span><\/p>\n<p><span style=\"font-weight: 400;\">\u0130nce format, duda\u011f\u0131n alt\u0131nda ayr\u0131k ve konforlu bir uyum sa\u011flayarak her zaman temiz ve lekesiz kullan\u0131m\u0131 m\u00fcmk\u00fcn k\u0131lar. Y\u00fcksek kaliteli, bitki bazl\u0131 malzemelerden tamamen \u00fcretilen ZYN Cool Mint 9mg, canl\u0131 ve so\u011futucu bir tat profili ile modern ve keyifli bir nikotin alternatifi sunmu\u015ftur.<\/span><\/p>\n<table>\n<tbody>\n<tr>\n<td><b>Attribute<\/b><\/td>\n<td><b>Ayr\u0131nt\u0131lar<\/b><\/td>\n<\/tr>\n<tr>\n<td><span style=\"font-weight: 400;\">Brand<\/span><\/td>\n<td><span style=\"font-weight: 400;\">ZYN<\/span><\/td>\n<\/tr>\n<tr>\n<td><span style=\"font-weight: 400;\">\u00dcr\u00fcn T\u00fcr\u00fc<\/span><\/td>\n<td><span style=\"font-weight: 400;\">T\u00fcm Beyaz Nikotin Po\u015fetleri<\/span><\/td>\n<\/tr>\n<tr>\n<td><span style=\"font-weight: 400;\">Format<\/span><\/td>\n<td><span style=\"font-weight: 400;\">\u0130nce<\/span><\/td>\n<\/tr>\n<tr>\n<td><span style=\"font-weight: 400;\">Aroma<\/span><\/td>\n<td><span style=\"font-weight: 400;\">Mentol ve Nane<\/span><\/td>\n<\/tr>\n<tr>\n<td><span style=\"font-weight: 400;\">Nikotin G\u00fcc\u00fc<\/span><\/td>\n<td><span style=\"font-weight: 400;\">Po\u015fet ba\u015f\u0131na 9 mg<\/span><\/td>\n<\/tr>\n<tr>\n<td><span style=\"font-weight: 400;\">K\u0131s\u0131m A\u011f\u0131rl\u0131\u011f\u0131<\/span><\/td>\n<td><span style=\"font-weight: 400;\">0,7 gram<\/span><\/td>\n<\/tr>\n<tr>\n<td><span style=\"font-weight: 400;\">K\u0131s\u0131m Say\u0131s\u0131<\/span><\/td>\n<td><span style=\"font-weight: 400;\">Kutuda 21 adet<\/span><\/td>\n<\/tr>\n<tr>\n<td><span style=\"font-weight: 400;\">Toplam Kutu A\u011f\u0131rl\u0131\u011f\u0131<\/span><\/td>\n<td><span style=\"font-weight: 400;\">14,7 gram<\/span><\/td>\n<\/tr>\n<tr>\n<td><span style=\"font-weight: 400;\">\u00dcretici<\/span><\/td>\n<td><span style=\"font-weight: 400;\">Swedish Match<\/span><\/td>\n<\/tr>\n<tr>\n<td><span style=\"font-weight: 400;\">Dikkate De\u011fer \u00d6zellikler<\/span><\/td>\n<td><span style=\"font-weight: 400;\">T\u00fct\u00fcn i\u00e7ermez, ince format, so\u011futucu nane tat<\/span><\/td>\n<\/tr>\n<\/tbody>\n<\/table>","protected":false},"excerpt":{"rendered":"<p><strong>Yeni tasar\u0131m! Ge\u00e7i\u015f s\u0131ras\u0131nda, her iki tasar\u0131m da sat\u0131labilir.<\/strong><\/p>\n<p>ZYN <strong data-start=\"4\" data-end=\"17\">Cool Mint<\/strong> <strong data-start=\"18\" data-end=\"26\">ince<\/strong> menthol ve nane k\u00fcr\u00fc birle\u015ftirerek serinletici, canland\u0131r\u0131c\u0131 bir profil olu\u015fturur. Her po\u015fet i\u00e7erir <strong data-start=\"117\" data-end=\"134\">9 mg nikotin<\/strong> g\u00fc\u00e7l\u00fc, sabit bir salg\u0131lanma i\u00e7in.<\/p>","protected":false},"featured_media":8531,"comment_status":"open","ping_status":"closed","template":"","format":[205],"meta":{"_acf_changed":false},"product_brand":[],"product_cat":[37],"product_tag":[16563],"flavours":[199],"nicotine":[210,232],"class_list":{"0":"post-8530","1":"product","2":"type-product","3":"status-publish","4":"has-post-thumbnail","6":"product_cat-zyn","7":"product_tag-9-mg-pouch","8":"pa_quantity-1-pack","9":"pa_quantity-10-pack","10":"pa_quantity-3-pack","11":"pa_quantity-30-pack","12":"pa_quantity-5-pack","13":"pa_quantity-60-pack","14":"flavours-mint","15":"format-mini","16":"nicotine-13-mg-g","17":"nicotine-extra-strong","19":"first","20":"instock","21":"taxable","22":"shipping-taxable","23":"purchasable","24":"product-type-variable"},"acf":[],"_links":{"self":[{"href":"https:\/\/whitelip.com\/tr\/wp-json\/wp\/v2\/product\/8530","targetHints":{"allow":["GET"]}}],"collection":[{"href":"https:\/\/whitelip.com\/tr\/wp-json\/wp\/v2\/product"}],"about":[{"href":"https:\/\/whitelip.com\/tr\/wp-json\/wp\/v2\/types\/product"}],"replies":[{"embeddable":true,"href":"https:\/\/whitelip.com\/tr\/wp-json\/wp\/v2\/comments?post=8530"}],"wp:featuredmedia":[{"embeddable":true,"href":"https:\/\/whitelip.com\/tr\/wp-json\/wp\/v2\/media\/8531"}],"wp:attachment":[{"href":"https:\/\/whitelip.com\/tr\/wp-json\/wp\/v2\/media?parent=8530"}],"wp:term":[{"taxonomy":"product_brand","embeddable":true,"href":"https:\/\/whitelip.com\/tr\/wp-json\/wp\/v2\/product_brand?post=8530"},{"taxonomy":"product_cat","embeddable":true,"href":"https:\/\/whitelip.com\/tr\/wp-json\/wp\/v2\/product_cat?post=8530"},{"taxonomy":"product_tag","embeddable":true,"href":"https:\/\/whitelip.com\/tr\/wp-json\/wp\/v2\/product_tag?post=8530"},{"taxonomy":"flavours","embeddable":true,"href":"https:\/\/whitelip.com\/tr\/wp-json\/wp\/v2\/flavours?post=8530"},{"taxonomy":"format","embeddable":true,"href":"https:\/\/whitelip.com\/tr\/wp-json\/wp\/v2\/format?post=8530"},{"taxonomy":"nicotine","embeddable":true,"href":"https:\/\/whitelip.com\/tr\/wp-json\/wp\/v2\/nicotine?post=8530"}],"curies":[{"name":"wp","href":"https:\/\/api.w.org\/{rel}","templated":true}]}}