{"id":8517,"date":"2024-11-28T12:47:45","date_gmt":"2024-11-28T12:47:45","guid":{"rendered":"https:\/\/whitelip.com\/zyn-sour-ruby-11mg\/"},"modified":"2026-04-16T16:16:15","modified_gmt":"2026-04-16T16:16:15","slug":"zyn-sour-ruby-11mg","status":"publish","type":"product","link":"https:\/\/whitelip.com\/tr\/zyn\/zyn-sour-ruby-11mg\/","title":{"rendered":"ZYN Sour Ruby 11mg"},"content":{"rendered":"<h2><b>ZYN Sour Ruby 11mg<\/b><\/h2>\n<p><span style=\"font-weight: 400;\">ZYN Sour Ruby 11mg, ek\u015fi meyvelerin ek\u015fili\u011fini tatl\u0131l\u0131\u011f\u0131n bir ipu\u00e7lar\u0131yla birle\u015ftirerek a\u011f\u0131z pucurtan bir sensasyon i\u00e7in cesur ve ek\u015fi bir meyve deneyimi sunar. Her ince, tamamen beyaz po\u015fet 11 mg nikotin i\u00e7erir ve potent bir tekme arayan ki\u015filer i\u00e7in ideal olan g\u00fc\u00e7l\u00fc ancak sabit bir sal\u0131m sa\u011flar.<\/span><\/p>\n<p><span style=\"font-weight: 400;\">\u0130nce format, duda\u011f\u0131n alt\u0131nda ayr\u0131k ve rahat bir uyum sa\u011flar ve her zaman temiz, lekesiz kullan\u0131m sa\u011flar. Tamamen y\u00fcksek kaliteli, bitki bazl\u0131 malzemelerden \u00fcretilen ZYN Sour Ruby 11mg, parlak, so\u011futucu bir tat ile modern ve keyifli bir nikotin alternatifi sunar.<\/span><\/p>\n<table>\n<tbody>\n<tr>\n<td><b>Attribute<\/b><\/td>\n<td><b>Ayr\u0131nt\u0131lar<\/b><\/td>\n<\/tr>\n<tr>\n<td><span style=\"font-weight: 400;\">Brand<\/span><\/td>\n<td><span style=\"font-weight: 400;\">ZYN<\/span><\/td>\n<\/tr>\n<tr>\n<td><span style=\"font-weight: 400;\">\u00dcr\u00fcn T\u00fcr\u00fc<\/span><\/td>\n<td><span style=\"font-weight: 400;\">T\u00fcm Beyaz Nikotin Po\u015fetleri<\/span><\/td>\n<\/tr>\n<tr>\n<td><span style=\"font-weight: 400;\">Format<\/span><\/td>\n<td><span style=\"font-weight: 400;\">\u0130nce<\/span><\/td>\n<\/tr>\n<tr>\n<td><span style=\"font-weight: 400;\">Aroma<\/span><\/td>\n<td><span style=\"font-weight: 400;\">Sour Berry Blend<\/span><\/td>\n<\/tr>\n<tr>\n<td><span style=\"font-weight: 400;\">Nikotin G\u00fcc\u00fc<\/span><\/td>\n<td><span style=\"font-weight: 400;\">po\u015f ba\u015f\u0131na 11 mg<\/span><\/td>\n<\/tr>\n<tr>\n<td><span style=\"font-weight: 400;\">K\u0131s\u0131m A\u011f\u0131rl\u0131\u011f\u0131<\/span><\/td>\n<td><span style=\"font-weight: 400;\">0,7 gram<\/span><\/td>\n<\/tr>\n<tr>\n<td><span style=\"font-weight: 400;\">K\u0131s\u0131m Say\u0131s\u0131<\/span><\/td>\n<td><span style=\"font-weight: 400;\">Kutuda 21 adet<\/span><\/td>\n<\/tr>\n<tr>\n<td><span style=\"font-weight: 400;\">Toplam Kutu A\u011f\u0131rl\u0131\u011f\u0131<\/span><\/td>\n<td><span style=\"font-weight: 400;\">14,7 gram<\/span><\/td>\n<\/tr>\n<tr>\n<td><span style=\"font-weight: 400;\">\u00dcretici<\/span><\/td>\n<td><span style=\"font-weight: 400;\">Swedish Match<\/span><\/td>\n<\/tr>\n<tr>\n<td><span style=\"font-weight: 400;\">Dikkate De\u011fer \u00d6zellikler<\/span><\/td>\n<td><span style=\"font-weight: 400;\">Sigara i\u00e7ermeyen, ince format, ek\u015fi meyve tad\u0131<\/span><\/td>\n<\/tr>\n<\/tbody>\n<\/table>","protected":false},"excerpt":{"rendered":"<p>ZYN <strong data-start=\"4\" data-end=\"17\">Sour Ruby<\/strong> <strong data-start=\"18\" data-end=\"26\">ince<\/strong> cesur, ek\u015fi meyvalar\u0131 tatl\u0131l\u0131\u011f\u0131n bir ipu\u00e7lar\u0131yla sunarak a\u011f\u0131z pucurtan, ferahlat\u0131c\u0131 bir profile. Her po\u015fet i\u00e7erir <strong data-start=\"138\" data-end=\"147\">11 mg<\/strong> g\u00fc\u00e7l\u00fc, sabit bir sal\u0131m i\u00e7in nikotin.<\/p>","protected":false},"featured_media":8518,"comment_status":"open","ping_status":"closed","template":"","format":[206],"meta":{"_acf_changed":false},"product_brand":[],"product_cat":[37],"product_tag":[16551,16519],"flavours":[196],"nicotine":[231,236],"class_list":{"0":"post-8517","1":"product","2":"type-product","3":"status-publish","4":"has-post-thumbnail","6":"product_cat-zyn","7":"product_tag-11-mg-pouch","8":"product_tag-25-off","9":"pa_quantity-1-pack","10":"pa_quantity-10-pack","11":"pa_quantity-3-pack","12":"pa_quantity-30-pack","13":"pa_quantity-5-pack","14":"pa_quantity-60-pack","15":"flavours-fruits-berries","16":"format-slim","17":"nicotine-9-mg-g","18":"nicotine-strong","20":"first","21":"instock","22":"sale","23":"taxable","24":"shipping-taxable","25":"purchasable","26":"product-type-variable","27":"has-default-attributes"},"acf":[],"_links":{"self":[{"href":"https:\/\/whitelip.com\/tr\/wp-json\/wp\/v2\/product\/8517","targetHints":{"allow":["GET"]}}],"collection":[{"href":"https:\/\/whitelip.com\/tr\/wp-json\/wp\/v2\/product"}],"about":[{"href":"https:\/\/whitelip.com\/tr\/wp-json\/wp\/v2\/types\/product"}],"replies":[{"embeddable":true,"href":"https:\/\/whitelip.com\/tr\/wp-json\/wp\/v2\/comments?post=8517"}],"wp:featuredmedia":[{"embeddable":true,"href":"https:\/\/whitelip.com\/tr\/wp-json\/wp\/v2\/media\/8518"}],"wp:attachment":[{"href":"https:\/\/whitelip.com\/tr\/wp-json\/wp\/v2\/media?parent=8517"}],"wp:term":[{"taxonomy":"product_brand","embeddable":true,"href":"https:\/\/whitelip.com\/tr\/wp-json\/wp\/v2\/product_brand?post=8517"},{"taxonomy":"product_cat","embeddable":true,"href":"https:\/\/whitelip.com\/tr\/wp-json\/wp\/v2\/product_cat?post=8517"},{"taxonomy":"product_tag","embeddable":true,"href":"https:\/\/whitelip.com\/tr\/wp-json\/wp\/v2\/product_tag?post=8517"},{"taxonomy":"flavours","embeddable":true,"href":"https:\/\/whitelip.com\/tr\/wp-json\/wp\/v2\/flavours?post=8517"},{"taxonomy":"format","embeddable":true,"href":"https:\/\/whitelip.com\/tr\/wp-json\/wp\/v2\/format?post=8517"},{"taxonomy":"nicotine","embeddable":true,"href":"https:\/\/whitelip.com\/tr\/wp-json\/wp\/v2\/nicotine?post=8517"}],"curies":[{"name":"wp","href":"https:\/\/api.w.org\/{rel}","templated":true}]}}