{"id":8510,"date":"2024-11-28T12:47:22","date_gmt":"2024-11-28T12:47:22","guid":{"rendered":"https:\/\/whitelip.com\/kelly-white-hot-cherry-mini-strong\/"},"modified":"2026-05-06T11:05:00","modified_gmt":"2026-05-06T11:05:00","slug":"kelly-white-hot-cherry-strong","status":"publish","type":"product","link":"https:\/\/whitelip.com\/tr\/kelly-white\/kelly-white-hot-cherry-strong\/","title":{"rendered":"KELLY WHITE Hot Cherry Strong"},"content":{"rendered":"<h2>KELLY WHITE Hot Cherry Strong<\/h2>\n<p><span style=\"font-weight: 400;\">Kelly White Hot Cherry Mini Strong, kiraz\u0131n tatl\u0131 tad\u0131n\u0131 ac\u0131 bile\u015fi\u011finin ac\u0131l\u0131 tepmesiyle birle\u015ftiren tutun i\u00e7ermeyen bir nikotin po\u015fetidir. Her ince format po\u015fet 8 mg nikotin i\u00e7erir ve deneyimli kullan\u0131c\u0131lar i\u00e7in uygun g\u00fc\u00e7l\u00fc bir deneyim sunar. Po\u015fetler, di\u015fleri rengini almamak i\u00e7in ayr\u0131k kullan\u0131m i\u00e7in tasarlanm\u0131\u015ft\u0131r ve yolda keyif almak i\u00e7in idealdir. \u0130sve\u00e7li \u00fcretici White Industries AB taraf\u0131ndan \u00fcretilen bu po\u015fetler, \u00e7a\u011fda\u015f y\u00f6ntemleri geleneksel kaliteyle birle\u015ftirmesiyle bilinir ve y\u00fcksek standartlar\u0131 ve yenilik\u00e7i tat kombinasyonlar\u0131n\u0131 \u00f6rneklendirir.<\/span><\/p>\n<table>\n<tbody>\n<tr>\n<td><b>Attribute<\/b><\/td>\n<td><b>Ayr\u0131nt\u0131lar<\/b><\/td>\n<\/tr>\n<tr>\n<td><b>10g (20 po\u015fet)<\/b><\/td>\n<td><span style=\"font-weight: 400;\">Nikotin i\u00e7eri\u011fi<\/span><\/td>\n<\/tr>\n<tr>\n<td><b>Nikotin i\u00e7eri\u011fi<\/b><\/td>\n<td><span style=\"font-weight: 400;\">po\u015fet ba\u015f\u0131na 8 mg<\/span><\/td>\n<\/tr>\n<tr>\n<td><b>Po\u015fet format\u0131<\/b><\/td>\n<td><span style=\"font-weight: 400;\">\u0130nce<\/span><\/td>\n<\/tr>\n<tr>\n<td><b>\u00dcretici<\/b><\/td>\n<td><span style=\"font-weight: 400;\">White Industries AB<\/span><\/td>\n<\/tr>\n<tr>\n<td><b>Aroma<\/b><\/td>\n<td><span style=\"font-weight: 400;\">Kiraz ve Chili<\/span><\/td>\n<\/tr>\n<tr>\n<td><b>T\u00fcr<\/b><\/td>\n<td><span style=\"font-weight: 400;\">Tamamen beyaz po\u015fet<\/span><\/td>\n<\/tr>\n<\/tbody>\n<\/table>","protected":false},"excerpt":{"rendered":"<p>Tatl\u0131 <strong data-start=\"6\" data-end=\"20\">s\u0131cak kiraz<\/strong> baharatl\u0131 bir chili vuru\u015fuyla. <strong data-start=\"46\" data-end=\"54\">\u0130nce<\/strong>, t\u00fct\u00fcn i\u00e7ermeyen po\u015fetler duda\u011f\u0131n alt\u0131nda ayr\u0131k olarak oturur ve di\u015fleri boyamaz, hareket halindeyken ideal. Her po\u015fet i\u00e7erir <strong data-start=\"166\" data-end=\"185\">8 mg nikotin<\/strong>, deneyimli kullan\u0131c\u0131lar i\u00e7in g\u00fc\u00e7l\u00fc bir deneyim sunarak. White Industries AB (\u0130sve\u00e7) taraf\u0131ndan y\u00fcksek standartlar ve yenilik\u00e7i aroma kar\u0131\u015f\u0131mlar\u0131yla \u00fcretilmi\u015ftir.<\/p>","protected":false},"featured_media":97222,"comment_status":"open","ping_status":"closed","template":"","format":[206],"meta":{"_acf_changed":false},"product_brand":[],"product_cat":[83],"product_tag":[16445,16583],"flavours":[187,196],"nicotine":[213,232],"class_list":{"0":"post-8510","1":"product","2":"type-product","3":"status-publish","4":"has-post-thumbnail","6":"product_cat-kelly-white","7":"product_tag-20-off","8":"product_tag-8-mg-pouch","9":"pa_quantity-1-pack","10":"pa_quantity-10-pack","11":"pa_quantity-3-pack","12":"pa_quantity-30-pack","13":"pa_quantity-5-pack","14":"pa_quantity-60-pack","15":"flavours-chili","16":"flavours-fruits-berries","17":"format-slim","18":"nicotine-16-mg-g","19":"nicotine-extra-strong","21":"first","22":"instock","23":"sale","24":"taxable","25":"shipping-taxable","26":"purchasable","27":"product-type-variable"},"acf":[],"_links":{"self":[{"href":"https:\/\/whitelip.com\/tr\/wp-json\/wp\/v2\/product\/8510","targetHints":{"allow":["GET"]}}],"collection":[{"href":"https:\/\/whitelip.com\/tr\/wp-json\/wp\/v2\/product"}],"about":[{"href":"https:\/\/whitelip.com\/tr\/wp-json\/wp\/v2\/types\/product"}],"replies":[{"embeddable":true,"href":"https:\/\/whitelip.com\/tr\/wp-json\/wp\/v2\/comments?post=8510"}],"wp:featuredmedia":[{"embeddable":true,"href":"https:\/\/whitelip.com\/tr\/wp-json\/wp\/v2\/media\/97222"}],"wp:attachment":[{"href":"https:\/\/whitelip.com\/tr\/wp-json\/wp\/v2\/media?parent=8510"}],"wp:term":[{"taxonomy":"product_brand","embeddable":true,"href":"https:\/\/whitelip.com\/tr\/wp-json\/wp\/v2\/product_brand?post=8510"},{"taxonomy":"product_cat","embeddable":true,"href":"https:\/\/whitelip.com\/tr\/wp-json\/wp\/v2\/product_cat?post=8510"},{"taxonomy":"product_tag","embeddable":true,"href":"https:\/\/whitelip.com\/tr\/wp-json\/wp\/v2\/product_tag?post=8510"},{"taxonomy":"flavours","embeddable":true,"href":"https:\/\/whitelip.com\/tr\/wp-json\/wp\/v2\/flavours?post=8510"},{"taxonomy":"format","embeddable":true,"href":"https:\/\/whitelip.com\/tr\/wp-json\/wp\/v2\/format?post=8510"},{"taxonomy":"nicotine","embeddable":true,"href":"https:\/\/whitelip.com\/tr\/wp-json\/wp\/v2\/nicotine?post=8510"}],"curies":[{"name":"wp","href":"https:\/\/api.w.org\/{rel}","templated":true}]}}