{"id":8498,"date":"2024-11-28T12:46:58","date_gmt":"2024-11-28T12:46:58","guid":{"rendered":"https:\/\/whitelip.com\/kelly-white-sweet-peach-slim\/"},"modified":"2026-05-06T11:08:58","modified_gmt":"2026-05-06T11:08:58","slug":"kelly-white-sweet-peach-slim","status":"publish","type":"product","link":"https:\/\/whitelip.com\/tr\/kelly-white\/kelly-white-sweet-peach-slim\/","title":{"rendered":"KELLY WHITE Sweet Peach Slim"},"content":{"rendered":"<h2><b>Kelly White Sweet Peach Slim<\/b><\/h2>\n<p><span style=\"font-weight: 400;\">Kelly White Sweet Peach Slim nikotin po\u015fetleri, gizli ince formatta tatl\u0131 \u015feftali tad\u0131n\u0131n keyifli bir kar\u0131\u015f\u0131m\u0131n\u0131 sunmaktad\u0131r. Her po\u015fet 4 mg nikotin i\u00e7erir, d\u00fczenli kullan\u0131c\u0131lar i\u00e7in uygun hafif bir deneyim sa\u011flayan. Po\u015fetler hafif\u00e7e nemli, tat sal\u0131veri\u015f art\u0131r\u0131yor ve tat s\u00fcresini uzat\u0131yor. \u0130sve\u00e7li bir \u00fcretici olan White Industries AB taraf\u0131ndan \u00fcretilen bu po\u015fetler, \u00e7a\u011fda\u015f y\u00f6ntemleri geleneksel kalitenin birle\u015ftirilmesi ile bilinir ve y\u00fcksek standartlar ile yenilik\u00e7i tat kombinasyonlar\u0131n\u0131n \u00f6rneklidir.<\/span><\/p>\n<table>\n<tbody>\n<tr>\n<td><b>Attribute<\/b><\/td>\n<td><b>Ayr\u0131nt\u0131lar<\/b><\/td>\n<\/tr>\n<tr>\n<td><b>10g (20 po\u015fet)<\/b><\/td>\n<td><span style=\"font-weight: 400;\">Nikotin i\u00e7eri\u011fi<\/span><\/td>\n<\/tr>\n<tr>\n<td><b>Nikotin i\u00e7eri\u011fi<\/b><\/td>\n<td><span style=\"font-weight: 400;\">Po\u015fet ba\u015f\u0131na 4 mg<\/span><\/td>\n<\/tr>\n<tr>\n<td><b>Po\u015fet format\u0131<\/b><\/td>\n<td><span style=\"font-weight: 400;\">\u0130nce<\/span><\/td>\n<\/tr>\n<tr>\n<td><b>\u00dcretici<\/b><\/td>\n<td><span style=\"font-weight: 400;\">White Industries AB<\/span><\/td>\n<\/tr>\n<tr>\n<td><b>Aroma<\/b><\/td>\n<td><span style=\"font-weight: 400;\">Tatl\u0131 \u015eeftali<\/span><\/td>\n<\/tr>\n<tr>\n<td><b>T\u00fcr<\/b><\/td>\n<td><span style=\"font-weight: 400;\">Tamamen beyaz po\u015fet<\/span><\/td>\n<\/tr>\n<\/tbody>\n<\/table>","protected":false},"excerpt":{"rendered":"<p>Keyifli, <strong data-start=\"12\" data-end=\"27\">tatl\u0131 \u015feftali<\/strong> gizli bir <strong data-start=\"42\" data-end=\"50\">\u0130nce<\/strong> formatta. Hafif\u00e7e nemli po\u015fetler tat sal\u0131veri\u015f art\u0131r\u0131r ve tat s\u00fcresini uzat\u0131r. Her po\u015fet i\u00e7erir <strong data-start=\"144\" data-end=\"161\">4 mg nikotin<\/strong>, hafif, tatmin edici bir deneyim sa\u011flayan. White Industries AB (\u0130sve\u00e7) taraf\u0131ndan \u00fcretilmi\u015ftir.<\/p>","protected":false},"featured_media":97227,"comment_status":"open","ping_status":"closed","template":"","format":[206],"meta":{"_acf_changed":false},"product_brand":[],"product_cat":[83],"product_tag":[16445,16585],"flavours":[196],"nicotine":[230,236],"class_list":{"0":"post-8498","1":"product","2":"type-product","3":"status-publish","4":"has-post-thumbnail","6":"product_cat-kelly-white","7":"product_tag-20-off","8":"product_tag-4-mg-pouch","9":"pa_quantity-1-pack","10":"pa_quantity-10-pack","11":"pa_quantity-3-pack","12":"pa_quantity-30-pack","13":"pa_quantity-5-pack","14":"pa_quantity-60-pack","15":"flavours-fruits-berries","16":"format-slim","17":"nicotine-8-mg-g","18":"nicotine-strong","20":"first","21":"instock","22":"sale","23":"taxable","24":"shipping-taxable","25":"purchasable","26":"product-type-variable"},"acf":[],"_links":{"self":[{"href":"https:\/\/whitelip.com\/tr\/wp-json\/wp\/v2\/product\/8498","targetHints":{"allow":["GET"]}}],"collection":[{"href":"https:\/\/whitelip.com\/tr\/wp-json\/wp\/v2\/product"}],"about":[{"href":"https:\/\/whitelip.com\/tr\/wp-json\/wp\/v2\/types\/product"}],"replies":[{"embeddable":true,"href":"https:\/\/whitelip.com\/tr\/wp-json\/wp\/v2\/comments?post=8498"}],"wp:featuredmedia":[{"embeddable":true,"href":"https:\/\/whitelip.com\/tr\/wp-json\/wp\/v2\/media\/97227"}],"wp:attachment":[{"href":"https:\/\/whitelip.com\/tr\/wp-json\/wp\/v2\/media?parent=8498"}],"wp:term":[{"taxonomy":"product_brand","embeddable":true,"href":"https:\/\/whitelip.com\/tr\/wp-json\/wp\/v2\/product_brand?post=8498"},{"taxonomy":"product_cat","embeddable":true,"href":"https:\/\/whitelip.com\/tr\/wp-json\/wp\/v2\/product_cat?post=8498"},{"taxonomy":"product_tag","embeddable":true,"href":"https:\/\/whitelip.com\/tr\/wp-json\/wp\/v2\/product_tag?post=8498"},{"taxonomy":"flavours","embeddable":true,"href":"https:\/\/whitelip.com\/tr\/wp-json\/wp\/v2\/flavours?post=8498"},{"taxonomy":"format","embeddable":true,"href":"https:\/\/whitelip.com\/tr\/wp-json\/wp\/v2\/format?post=8498"},{"taxonomy":"nicotine","embeddable":true,"href":"https:\/\/whitelip.com\/tr\/wp-json\/wp\/v2\/nicotine?post=8498"}],"curies":[{"name":"wp","href":"https:\/\/api.w.org\/{rel}","templated":true}]}}